{"id":24960,"date":"2025-02-06T10:52:24","date_gmt":"2025-02-06T08:52:24","guid":{"rendered":"https:\/\/tuunerstuudio.ee\/?post_type=product&#038;p=24960"},"modified":"2025-02-06T16:44:14","modified_gmt":"2025-02-06T14:44:14","slug":"intercooleri-komplekt-kiaproceed-forte-hyndai-elantra-veloster","status":"publish","type":"product","link":"https:\/\/tuunerstuudio.ee\/en\/toode\/intercooleri-komplekt-kiaproceed-forte-hyndai-elantra-veloster\/","title":{"rendered":"Intercooler kit Kia (Pro)Ceed Forte Hyundai Elantra Veloster"},"content":{"rendered":"","protected":false},"excerpt":{"rendered":"<ul>\n<li>Inlet diameter: \u00d865 mm; Outlet diameter \u00d865 mm<\/li>\n<\/ul>\n<p>Competition Intercooler KIT for Kia (Pro)Ce\u00e9d Forte Hyundai Elantra Veloster 1,6TGDI for the following models:<br \/>\nKia Ceed (CD) GT 1,6TGDI 150KW\/204PS 2018+<br \/>\nKia ProCeed (CD) GT 1,6TGDI 150KW\/204PS 2018+<br \/>\nKia Forte GT 1,6TGDI 150KW\/204PS 2018+<br \/>\nHyundai Elantra Sport, GT-Line, GTS 1,6TGDI 150KW\/204PS 2017+<br \/>\nHyundai Veloster Turbo 1,6TGDI 150KW\/204PS 2018+<\/p>\n<p>Core dimensions stock intercooler:<br \/>\nV = 5.94 L \/ 362.48Inch\u00b3<br \/>\nA = 660 cm\u00b2 \/ 102.3Inch\u00b2<\/p>\n<p>Core dimensions Wagner Tuning intercooler:<br \/>\nV = 12.96 L \/ 790.87Inch\u00b3 (+118%)<br \/>\nA = 1055 cm\u00b2 \/ 163.53Inch\u00b2 (+60%)<\/p>\n<p>Part number: 200001153<br \/>\nThis kit comes with:<br \/>\n1 intercooler<br \/>\n2 silicone hoses (black)<br \/>\n1 air baffle<br \/>\n1 mounting material<br \/>\n1 installation instruction<\/p>\n","protected":false},"featured_media":24961,"comment_status":"closed","ping_status":"closed","template":"","meta":[],"product_brand":[],"product_cat":[1302,1303,1234,1238,45,63],"product_tag":[],"class_list":{"0":"post-24960","1":"product","2":"type-product","3":"status-publish","4":"has-post-thumbnail","6":"product_cat-hyndai-wagner-tuning-performance-intercooler-komplektid","7":"product_cat-kia","8":"product_cat-performance-intercooler-komplektid","9":"product_cat-wagner-tuning-performance-intercooler-komplektid","10":"product_cat-sisselaske-susteemid","11":"product_cat-intercoolerid","13":"first","14":"onbackorder","15":"taxable","16":"shipping-taxable","17":"purchasable","18":"product-type-simple"},"yoast_head":"<!-- This site is optimized with the Yoast SEO plugin v26.9 - https:\/\/yoast.com\/product\/yoast-seo-wordpress\/ -->\n<title>Intercooler kit Kia (Pro)Ceed Forte Hyundai Elantra Veloster - TuunerStuudio<\/title>\n<meta name=\"robots\" content=\"index, follow, max-snippet:-1, max-image-preview:large, max-video-preview:-1\" \/>\n<link rel=\"canonical\" href=\"https:\/\/tuunerstuudio.ee\/en\/toode\/intercooleri-komplekt-kiaproceed-forte-hyndai-elantra-veloster\/\" \/>\n<meta property=\"og:locale\" content=\"en_US\" \/>\n<meta property=\"og:type\" content=\"article\" \/>\n<meta property=\"og:title\" content=\"Intercooler kit Kia (Pro)Ceed Forte Hyundai Elantra Veloster - TuunerStuudio\" \/>\n<meta property=\"og:description\" content=\"Inlet diameter: \u00d865 mm; Outlet diameter \u00d865 mm  Competition Intercooler KIT for Kia (Pro)Ce\u00e9d Forte Hyundai Elantra Veloster 1,6TGDI for the following models: Kia Ceed (CD) GT 1,6TGDI 150KW\/204PS 2018+ Kia ProCeed (CD) GT 1,6TGDI 150KW\/204PS 2018+ Kia Forte GT 1,6TGDI 150KW\/204PS 2018+ Hyundai Elantra Sport, GT-Line, GTS 1,6TGDI 150KW\/204PS 2017+ Hyundai Veloster Turbo 1,6TGDI 150KW\/204PS 2018+  Core dimensions stock intercooler: V = 5.94 L \/ 362.48Inch\u00b3 A = 660 cm\u00b2 \/ 102.3Inch\u00b2  Core dimensions Wagner Tuning intercooler: V = 12.96 L \/ 790.87Inch\u00b3 (+118%) A = 1055 cm\u00b2 \/ 163.53Inch\u00b2 (+60%)  Part number: 200001153 This kit comes with: 1 intercooler 2 silicone hoses (black) 1 air baffle 1 mounting material 1 installation instruction\" \/>\n<meta property=\"og:url\" content=\"https:\/\/tuunerstuudio.ee\/en\/toode\/intercooleri-komplekt-kiaproceed-forte-hyndai-elantra-veloster\/\" \/>\n<meta property=\"og:site_name\" content=\"TuunerStuudio\" \/>\n<meta property=\"article:modified_time\" content=\"2025-02-06T14:44:14+00:00\" \/>\n<meta property=\"og:image\" content=\"https:\/\/tuunerstuudio.ee\/wp-content\/uploads\/2025\/02\/200001153_2.jpg\" \/>\n\t<meta property=\"og:image:width\" content=\"700\" \/>\n\t<meta property=\"og:image:height\" content=\"700\" \/>\n\t<meta property=\"og:image:type\" content=\"image\/jpeg\" \/>\n<meta name=\"twitter:card\" content=\"summary_large_image\" \/>\n<meta name=\"twitter:label1\" content=\"Est. reading time\" \/>\n\t<meta name=\"twitter:data1\" content=\"1 minute\" \/>\n<script type=\"application\/ld+json\" class=\"yoast-schema-graph\">{\"@context\":\"https:\/\/schema.org\",\"@graph\":[{\"@type\":\"WebPage\",\"@id\":\"https:\/\/tuunerstuudio.ee\/en\/toode\/intercooleri-komplekt-kiaproceed-forte-hyndai-elantra-veloster\/\",\"url\":\"https:\/\/tuunerstuudio.ee\/en\/toode\/intercooleri-komplekt-kiaproceed-forte-hyndai-elantra-veloster\/\",\"name\":\"Intercooler kit Kia (Pro)Ceed Forte Hyundai Elantra Veloster - TuunerStuudio\",\"isPartOf\":{\"@id\":\"https:\/\/tuunerstuudio.ee\/en\/#website\"},\"primaryImageOfPage\":{\"@id\":\"https:\/\/tuunerstuudio.ee\/en\/toode\/intercooleri-komplekt-kiaproceed-forte-hyndai-elantra-veloster\/#primaryimage\"},\"image\":{\"@id\":\"https:\/\/tuunerstuudio.ee\/toode\/intercooleri-komplekt-kiaproceed-forte-hyndai-elantra-veloster\/#primaryimage\"},\"thumbnailUrl\":\"https:\/\/tuunerstuudio.ee\/wp-content\/uploads\/2025\/02\/200001153_2.jpg\",\"datePublished\":\"2025-02-06T08:52:24+00:00\",\"dateModified\":\"2025-02-06T14:44:14+00:00\",\"breadcrumb\":{\"@id\":\"https:\/\/tuunerstuudio.ee\/en\/toode\/intercooleri-komplekt-kiaproceed-forte-hyndai-elantra-veloster\/#breadcrumb\"},\"inLanguage\":\"en-US\",\"potentialAction\":[{\"@type\":\"ReadAction\",\"target\":[[\"https:\/\/tuunerstuudio.ee\/en\/toode\/intercooleri-komplekt-kiaproceed-forte-hyndai-elantra-veloster\/\"]]}]},{\"@type\":\"ImageObject\",\"inLanguage\":\"en-US\",\"@id\":\"https:\/\/tuunerstuudio.ee\/en\/toode\/intercooleri-komplekt-kiaproceed-forte-hyndai-elantra-veloster\/#primaryimage\",\"url\":\"https:\/\/tuunerstuudio.ee\/wp-content\/uploads\/2025\/02\/200001153_2.jpg\",\"contentUrl\":\"https:\/\/tuunerstuudio.ee\/wp-content\/uploads\/2025\/02\/200001153_2.jpg\",\"width\":700,\"height\":700},{\"@type\":\"BreadcrumbList\",\"@id\":\"https:\/\/tuunerstuudio.ee\/en\/toode\/intercooleri-komplekt-kiaproceed-forte-hyndai-elantra-veloster\/#breadcrumb\",\"itemListElement\":[{\"@type\":\"ListItem\",\"position\":1,\"name\":\"Home\",\"item\":\"https:\/\/tuunerstuudio.ee\/en\/\"},{\"@type\":\"ListItem\",\"position\":2,\"name\":\"Tooted\",\"item\":\"https:\/\/www.tuunerstuudio.ee\/tooted\/\"},{\"@type\":\"ListItem\",\"position\":3,\"name\":\"Intercooleri komplekt Kia(Pro)Ceed Forte Hyndai Elantra Veloster\"}]},{\"@type\":\"WebSite\",\"@id\":\"https:\/\/tuunerstuudio.ee\/en\/#website\",\"url\":\"https:\/\/tuunerstuudio.ee\/en\/\",\"name\":\"tuunerstuudio\",\"description\":\"\",\"potentialAction\":[{\"@type\":\"SearchAction\",\"target\":{\"@type\":\"EntryPoint\",\"urlTemplate\":\"https:\/\/tuunerstuudio.ee\/en\/?s={search_term_string}\"},\"query-input\":{\"@type\":\"PropertyValueSpecification\",\"valueRequired\":true,\"valueName\":\"search_term_string\"}}],\"inLanguage\":\"en-US\"}]}<\/script>\n<!-- \/ Yoast SEO plugin. -->","yoast_head_json":{"title":"Intercooler kit Kia (Pro)Ceed Forte Hyundai Elantra Veloster - TuunerStuudio","robots":{"index":"index","follow":"follow","max-snippet":"max-snippet:-1","max-image-preview":"max-image-preview:large","max-video-preview":"max-video-preview:-1"},"canonical":"https:\/\/tuunerstuudio.ee\/en\/toode\/intercooleri-komplekt-kiaproceed-forte-hyndai-elantra-veloster\/","og_locale":"en_US","og_type":"article","og_title":"Intercooler kit Kia (Pro)Ceed Forte Hyundai Elantra Veloster - TuunerStuudio","og_description":"Inlet diameter: \u00d865 mm; Outlet diameter \u00d865 mm  Competition Intercooler KIT for Kia (Pro)Ce\u00e9d Forte Hyundai Elantra Veloster 1,6TGDI for the following models: Kia Ceed (CD) GT 1,6TGDI 150KW\/204PS 2018+ Kia ProCeed (CD) GT 1,6TGDI 150KW\/204PS 2018+ Kia Forte GT 1,6TGDI 150KW\/204PS 2018+ Hyundai Elantra Sport, GT-Line, GTS 1,6TGDI 150KW\/204PS 2017+ Hyundai Veloster Turbo 1,6TGDI 150KW\/204PS 2018+  Core dimensions stock intercooler: V = 5.94 L \/ 362.48Inch\u00b3 A = 660 cm\u00b2 \/ 102.3Inch\u00b2  Core dimensions Wagner Tuning intercooler: V = 12.96 L \/ 790.87Inch\u00b3 (+118%) A = 1055 cm\u00b2 \/ 163.53Inch\u00b2 (+60%)  Part number: 200001153 This kit comes with: 1 intercooler 2 silicone hoses (black) 1 air baffle 1 mounting material 1 installation instruction","og_url":"https:\/\/tuunerstuudio.ee\/en\/toode\/intercooleri-komplekt-kiaproceed-forte-hyndai-elantra-veloster\/","og_site_name":"TuunerStuudio","article_modified_time":"2025-02-06T14:44:14+00:00","og_image":[{"width":700,"height":700,"url":"https:\/\/tuunerstuudio.ee\/wp-content\/uploads\/2025\/02\/200001153_2.jpg","type":"image\/jpeg"}],"twitter_card":"summary_large_image","twitter_misc":{"Est. reading time":"1 minute"},"schema":{"@context":"https:\/\/schema.org","@graph":[{"@type":"WebPage","@id":"https:\/\/tuunerstuudio.ee\/en\/toode\/intercooleri-komplekt-kiaproceed-forte-hyndai-elantra-veloster\/","url":"https:\/\/tuunerstuudio.ee\/en\/toode\/intercooleri-komplekt-kiaproceed-forte-hyndai-elantra-veloster\/","name":"Intercooler kit Kia (Pro)Ceed Forte Hyundai Elantra Veloster - TuunerStuudio","isPartOf":{"@id":"https:\/\/tuunerstuudio.ee\/en\/#website"},"primaryImageOfPage":{"@id":"https:\/\/tuunerstuudio.ee\/en\/toode\/intercooleri-komplekt-kiaproceed-forte-hyndai-elantra-veloster\/#primaryimage"},"image":{"@id":"https:\/\/tuunerstuudio.ee\/toode\/intercooleri-komplekt-kiaproceed-forte-hyndai-elantra-veloster\/#primaryimage"},"thumbnailUrl":"https:\/\/tuunerstuudio.ee\/wp-content\/uploads\/2025\/02\/200001153_2.jpg","datePublished":"2025-02-06T08:52:24+00:00","dateModified":"2025-02-06T14:44:14+00:00","breadcrumb":{"@id":"https:\/\/tuunerstuudio.ee\/en\/toode\/intercooleri-komplekt-kiaproceed-forte-hyndai-elantra-veloster\/#breadcrumb"},"inLanguage":"en-US","potentialAction":[{"@type":"ReadAction","target":[["https:\/\/tuunerstuudio.ee\/en\/toode\/intercooleri-komplekt-kiaproceed-forte-hyndai-elantra-veloster\/"]]}]},{"@type":"ImageObject","inLanguage":"en-US","@id":"https:\/\/tuunerstuudio.ee\/en\/toode\/intercooleri-komplekt-kiaproceed-forte-hyndai-elantra-veloster\/#primaryimage","url":"https:\/\/tuunerstuudio.ee\/wp-content\/uploads\/2025\/02\/200001153_2.jpg","contentUrl":"https:\/\/tuunerstuudio.ee\/wp-content\/uploads\/2025\/02\/200001153_2.jpg","width":700,"height":700},{"@type":"BreadcrumbList","@id":"https:\/\/tuunerstuudio.ee\/en\/toode\/intercooleri-komplekt-kiaproceed-forte-hyndai-elantra-veloster\/#breadcrumb","itemListElement":[{"@type":"ListItem","position":1,"name":"Home","item":"https:\/\/tuunerstuudio.ee\/en\/"},{"@type":"ListItem","position":2,"name":"Tooted","item":"https:\/\/www.tuunerstuudio.ee\/tooted\/"},{"@type":"ListItem","position":3,"name":"Intercooleri komplekt Kia(Pro)Ceed Forte Hyndai Elantra Veloster"}]},{"@type":"WebSite","@id":"https:\/\/tuunerstuudio.ee\/en\/#website","url":"https:\/\/tuunerstuudio.ee\/en\/","name":"tuunerstuudio","description":"","potentialAction":[{"@type":"SearchAction","target":{"@type":"EntryPoint","urlTemplate":"https:\/\/tuunerstuudio.ee\/en\/?s={search_term_string}"},"query-input":{"@type":"PropertyValueSpecification","valueRequired":true,"valueName":"search_term_string"}}],"inLanguage":"en-US"}]}},"_links":{"self":[{"href":"https:\/\/tuunerstuudio.ee\/en\/wp-json\/wp\/v2\/product\/24960","targetHints":{"allow":["GET"]}}],"collection":[{"href":"https:\/\/tuunerstuudio.ee\/en\/wp-json\/wp\/v2\/product"}],"about":[{"href":"https:\/\/tuunerstuudio.ee\/en\/wp-json\/wp\/v2\/types\/product"}],"replies":[{"embeddable":true,"href":"https:\/\/tuunerstuudio.ee\/en\/wp-json\/wp\/v2\/comments?post=24960"}],"wp:featuredmedia":[{"embeddable":true,"href":"https:\/\/tuunerstuudio.ee\/en\/wp-json\/wp\/v2\/media\/24961"}],"wp:attachment":[{"href":"https:\/\/tuunerstuudio.ee\/en\/wp-json\/wp\/v2\/media?parent=24960"}],"wp:term":[{"taxonomy":"product_brand","embeddable":true,"href":"https:\/\/tuunerstuudio.ee\/en\/wp-json\/wp\/v2\/product_brand?post=24960"},{"taxonomy":"product_cat","embeddable":true,"href":"https:\/\/tuunerstuudio.ee\/en\/wp-json\/wp\/v2\/product_cat?post=24960"},{"taxonomy":"product_tag","embeddable":true,"href":"https:\/\/tuunerstuudio.ee\/en\/wp-json\/wp\/v2\/product_tag?post=24960"}],"curies":[{"name":"wp","href":"https:\/\/api.w.org\/{rel}","templated":true}]}}