{"id":23118,"date":"2025-01-19T18:02:49","date_gmt":"2025-01-19T16:02:49","guid":{"rendered":"https:\/\/tuunerstuudio.ee\/?post_type=product&#038;p=23118"},"modified":"2025-01-19T18:02:49","modified_gmt":"2025-01-19T16:02:49","slug":"kulma-ohuvott-vw-golf-mk7-5-2-0tsi-ea888-gen3-stage-1","status":"publish","type":"product","link":"https:\/\/tuunerstuudio.ee\/en\/toode\/kulma-ohuvott-vw-golf-mk7-5-2-0tsi-ea888-gen3-stage-1\/","title":{"rendered":"Cold air intake (VW Golf MK7.5-2.0TSI EA888 Gen3, Stage 1)"},"content":{"rendered":"","protected":false},"excerpt":{"rendered":"<p><strong>Full Carbon Direct Cold Air Intake Stage 1 for VW Golf MK 7.5 \u2013 2.0 TSI EA888 Gen 3<\/strong><\/p>\n<p>The Stage 1 Kit Includes:<\/p>\n<ul>\n<li>The new Full\u00a0Carbon Fiber Direct Cold Air Intake<\/li>\n<\/ul>\n","protected":false},"featured_media":23116,"comment_status":"closed","ping_status":"closed","template":"","meta":[],"product_brand":[],"product_cat":[1198,1185,45],"product_tag":[],"class_list":{"0":"post-23118","1":"product","2":"type-product","3":"status-publish","4":"has-post-thumbnail","6":"product_cat-rtmg-performance-sisselaske-kollektorid","7":"product_cat-sisselaske-kollektorid","8":"product_cat-sisselaske-susteemid","10":"first","11":"onbackorder","12":"taxable","13":"shipping-taxable","14":"purchasable","15":"product-type-simple"},"yoast_head":"<!-- This site is optimized with the Yoast SEO plugin v26.9 - https:\/\/yoast.com\/product\/yoast-seo-wordpress\/ -->\n<title>Cold air intake (VW Golf MK7.5-2.0TSI EA888 Gen3, Stage 1) - TuunerStuudio<\/title>\n<meta name=\"robots\" content=\"index, follow, max-snippet:-1, max-image-preview:large, max-video-preview:-1\" \/>\n<link rel=\"canonical\" href=\"https:\/\/tuunerstuudio.ee\/en\/toode\/kulma-ohuvott-vw-golf-mk7-5-2-0tsi-ea888-gen3-stage-1\/\" \/>\n<meta property=\"og:locale\" content=\"en_US\" \/>\n<meta property=\"og:type\" content=\"article\" \/>\n<meta property=\"og:title\" content=\"Cold air intake (VW Golf MK7.5-2.0TSI EA888 Gen3, Stage 1) - TuunerStuudio\" \/>\n<meta property=\"og:description\" content=\"Full Carbon Direct Cold Air Intake Stage 1 for VW Golf MK 7.5 \u2013 2.0 TSI EA888 Gen 3  The Stage 1 Kit Includes:   The new Full\u00a0Carbon Fiber Direct Cold Air Intake\" \/>\n<meta property=\"og:url\" content=\"https:\/\/tuunerstuudio.ee\/en\/toode\/kulma-ohuvott-vw-golf-mk7-5-2-0tsi-ea888-gen3-stage-1\/\" \/>\n<meta property=\"og:site_name\" content=\"TuunerStuudio\" \/>\n<meta property=\"og:image\" content=\"https:\/\/tuunerstuudio.ee\/wp-content\/uploads\/2025\/01\/RTMG-901-0896-1.jpg\" \/>\n\t<meta property=\"og:image:width\" content=\"700\" \/>\n\t<meta property=\"og:image:height\" content=\"700\" \/>\n\t<meta property=\"og:image:type\" content=\"image\/jpeg\" \/>\n<meta name=\"twitter:card\" content=\"summary_large_image\" \/>\n<meta name=\"twitter:label1\" content=\"Est. reading time\" \/>\n\t<meta name=\"twitter:data1\" content=\"1 minute\" \/>\n<script type=\"application\/ld+json\" class=\"yoast-schema-graph\">{\"@context\":\"https:\/\/schema.org\",\"@graph\":[{\"@type\":\"WebPage\",\"@id\":\"https:\/\/tuunerstuudio.ee\/en\/toode\/kulma-ohuvott-vw-golf-mk7-5-2-0tsi-ea888-gen3-stage-1\/\",\"url\":\"https:\/\/tuunerstuudio.ee\/en\/toode\/kulma-ohuvott-vw-golf-mk7-5-2-0tsi-ea888-gen3-stage-1\/\",\"name\":\"Cold air intake (VW Golf MK7.5-2.0TSI EA888 Gen3, Stage 1) - TuunerStuudio\",\"isPartOf\":{\"@id\":\"https:\/\/tuunerstuudio.ee\/en\/#website\"},\"primaryImageOfPage\":{\"@id\":\"https:\/\/tuunerstuudio.ee\/en\/toode\/kulma-ohuvott-vw-golf-mk7-5-2-0tsi-ea888-gen3-stage-1\/#primaryimage\"},\"image\":{\"@id\":\"https:\/\/tuunerstuudio.ee\/toode\/kulma-ohuvott-vw-golf-mk7-5-2-0tsi-ea888-gen3-stage-1\/#primaryimage\"},\"thumbnailUrl\":\"https:\/\/tuunerstuudio.ee\/wp-content\/uploads\/2025\/01\/RTMG-901-0896-1.jpg\",\"datePublished\":\"2025-01-19T16:02:49+00:00\",\"breadcrumb\":{\"@id\":\"https:\/\/tuunerstuudio.ee\/en\/toode\/kulma-ohuvott-vw-golf-mk7-5-2-0tsi-ea888-gen3-stage-1\/#breadcrumb\"},\"inLanguage\":\"en-US\",\"potentialAction\":[{\"@type\":\"ReadAction\",\"target\":[[\"https:\/\/tuunerstuudio.ee\/en\/toode\/kulma-ohuvott-vw-golf-mk7-5-2-0tsi-ea888-gen3-stage-1\/\"]]}]},{\"@type\":\"ImageObject\",\"inLanguage\":\"en-US\",\"@id\":\"https:\/\/tuunerstuudio.ee\/en\/toode\/kulma-ohuvott-vw-golf-mk7-5-2-0tsi-ea888-gen3-stage-1\/#primaryimage\",\"url\":\"https:\/\/tuunerstuudio.ee\/wp-content\/uploads\/2025\/01\/RTMG-901-0896-1.jpg\",\"contentUrl\":\"https:\/\/tuunerstuudio.ee\/wp-content\/uploads\/2025\/01\/RTMG-901-0896-1.jpg\",\"width\":700,\"height\":700},{\"@type\":\"BreadcrumbList\",\"@id\":\"https:\/\/tuunerstuudio.ee\/en\/toode\/kulma-ohuvott-vw-golf-mk7-5-2-0tsi-ea888-gen3-stage-1\/#breadcrumb\",\"itemListElement\":[{\"@type\":\"ListItem\",\"position\":1,\"name\":\"Home\",\"item\":\"https:\/\/tuunerstuudio.ee\/en\/\"},{\"@type\":\"ListItem\",\"position\":2,\"name\":\"Tooted\",\"item\":\"https:\/\/www.tuunerstuudio.ee\/tooted\/\"},{\"@type\":\"ListItem\",\"position\":3,\"name\":\"K\u00fclma \u00f5huv\u00f5tt (VW Golf MK7.5-2.0TSI EA888 Gen3, Stage 1)\"}]},{\"@type\":\"WebSite\",\"@id\":\"https:\/\/tuunerstuudio.ee\/en\/#website\",\"url\":\"https:\/\/tuunerstuudio.ee\/en\/\",\"name\":\"tuunerstuudio\",\"description\":\"\",\"potentialAction\":[{\"@type\":\"SearchAction\",\"target\":{\"@type\":\"EntryPoint\",\"urlTemplate\":\"https:\/\/tuunerstuudio.ee\/en\/?s={search_term_string}\"},\"query-input\":{\"@type\":\"PropertyValueSpecification\",\"valueRequired\":true,\"valueName\":\"search_term_string\"}}],\"inLanguage\":\"en-US\"}]}<\/script>\n<!-- \/ Yoast SEO plugin. -->","yoast_head_json":{"title":"Cold air intake (VW Golf MK7.5-2.0TSI EA888 Gen3, Stage 1) - TuunerStuudio","robots":{"index":"index","follow":"follow","max-snippet":"max-snippet:-1","max-image-preview":"max-image-preview:large","max-video-preview":"max-video-preview:-1"},"canonical":"https:\/\/tuunerstuudio.ee\/en\/toode\/kulma-ohuvott-vw-golf-mk7-5-2-0tsi-ea888-gen3-stage-1\/","og_locale":"en_US","og_type":"article","og_title":"Cold air intake (VW Golf MK7.5-2.0TSI EA888 Gen3, Stage 1) - TuunerStuudio","og_description":"Full Carbon Direct Cold Air Intake Stage 1 for VW Golf MK 7.5 \u2013 2.0 TSI EA888 Gen 3  The Stage 1 Kit Includes:   The new Full\u00a0Carbon Fiber Direct Cold Air Intake","og_url":"https:\/\/tuunerstuudio.ee\/en\/toode\/kulma-ohuvott-vw-golf-mk7-5-2-0tsi-ea888-gen3-stage-1\/","og_site_name":"TuunerStuudio","og_image":[{"width":700,"height":700,"url":"https:\/\/tuunerstuudio.ee\/wp-content\/uploads\/2025\/01\/RTMG-901-0896-1.jpg","type":"image\/jpeg"}],"twitter_card":"summary_large_image","twitter_misc":{"Est. reading time":"1 minute"},"schema":{"@context":"https:\/\/schema.org","@graph":[{"@type":"WebPage","@id":"https:\/\/tuunerstuudio.ee\/en\/toode\/kulma-ohuvott-vw-golf-mk7-5-2-0tsi-ea888-gen3-stage-1\/","url":"https:\/\/tuunerstuudio.ee\/en\/toode\/kulma-ohuvott-vw-golf-mk7-5-2-0tsi-ea888-gen3-stage-1\/","name":"Cold air intake (VW Golf MK7.5-2.0TSI EA888 Gen3, Stage 1) - TuunerStuudio","isPartOf":{"@id":"https:\/\/tuunerstuudio.ee\/en\/#website"},"primaryImageOfPage":{"@id":"https:\/\/tuunerstuudio.ee\/en\/toode\/kulma-ohuvott-vw-golf-mk7-5-2-0tsi-ea888-gen3-stage-1\/#primaryimage"},"image":{"@id":"https:\/\/tuunerstuudio.ee\/toode\/kulma-ohuvott-vw-golf-mk7-5-2-0tsi-ea888-gen3-stage-1\/#primaryimage"},"thumbnailUrl":"https:\/\/tuunerstuudio.ee\/wp-content\/uploads\/2025\/01\/RTMG-901-0896-1.jpg","datePublished":"2025-01-19T16:02:49+00:00","breadcrumb":{"@id":"https:\/\/tuunerstuudio.ee\/en\/toode\/kulma-ohuvott-vw-golf-mk7-5-2-0tsi-ea888-gen3-stage-1\/#breadcrumb"},"inLanguage":"en-US","potentialAction":[{"@type":"ReadAction","target":[["https:\/\/tuunerstuudio.ee\/en\/toode\/kulma-ohuvott-vw-golf-mk7-5-2-0tsi-ea888-gen3-stage-1\/"]]}]},{"@type":"ImageObject","inLanguage":"en-US","@id":"https:\/\/tuunerstuudio.ee\/en\/toode\/kulma-ohuvott-vw-golf-mk7-5-2-0tsi-ea888-gen3-stage-1\/#primaryimage","url":"https:\/\/tuunerstuudio.ee\/wp-content\/uploads\/2025\/01\/RTMG-901-0896-1.jpg","contentUrl":"https:\/\/tuunerstuudio.ee\/wp-content\/uploads\/2025\/01\/RTMG-901-0896-1.jpg","width":700,"height":700},{"@type":"BreadcrumbList","@id":"https:\/\/tuunerstuudio.ee\/en\/toode\/kulma-ohuvott-vw-golf-mk7-5-2-0tsi-ea888-gen3-stage-1\/#breadcrumb","itemListElement":[{"@type":"ListItem","position":1,"name":"Home","item":"https:\/\/tuunerstuudio.ee\/en\/"},{"@type":"ListItem","position":2,"name":"Tooted","item":"https:\/\/www.tuunerstuudio.ee\/tooted\/"},{"@type":"ListItem","position":3,"name":"K\u00fclma \u00f5huv\u00f5tt (VW Golf MK7.5-2.0TSI EA888 Gen3, Stage 1)"}]},{"@type":"WebSite","@id":"https:\/\/tuunerstuudio.ee\/en\/#website","url":"https:\/\/tuunerstuudio.ee\/en\/","name":"tuunerstuudio","description":"","potentialAction":[{"@type":"SearchAction","target":{"@type":"EntryPoint","urlTemplate":"https:\/\/tuunerstuudio.ee\/en\/?s={search_term_string}"},"query-input":{"@type":"PropertyValueSpecification","valueRequired":true,"valueName":"search_term_string"}}],"inLanguage":"en-US"}]}},"_links":{"self":[{"href":"https:\/\/tuunerstuudio.ee\/en\/wp-json\/wp\/v2\/product\/23118","targetHints":{"allow":["GET"]}}],"collection":[{"href":"https:\/\/tuunerstuudio.ee\/en\/wp-json\/wp\/v2\/product"}],"about":[{"href":"https:\/\/tuunerstuudio.ee\/en\/wp-json\/wp\/v2\/types\/product"}],"replies":[{"embeddable":true,"href":"https:\/\/tuunerstuudio.ee\/en\/wp-json\/wp\/v2\/comments?post=23118"}],"wp:featuredmedia":[{"embeddable":true,"href":"https:\/\/tuunerstuudio.ee\/en\/wp-json\/wp\/v2\/media\/23116"}],"wp:attachment":[{"href":"https:\/\/tuunerstuudio.ee\/en\/wp-json\/wp\/v2\/media?parent=23118"}],"wp:term":[{"taxonomy":"product_brand","embeddable":true,"href":"https:\/\/tuunerstuudio.ee\/en\/wp-json\/wp\/v2\/product_brand?post=23118"},{"taxonomy":"product_cat","embeddable":true,"href":"https:\/\/tuunerstuudio.ee\/en\/wp-json\/wp\/v2\/product_cat?post=23118"},{"taxonomy":"product_tag","embeddable":true,"href":"https:\/\/tuunerstuudio.ee\/en\/wp-json\/wp\/v2\/product_tag?post=23118"}],"curies":[{"name":"wp","href":"https:\/\/api.w.org\/{rel}","templated":true}]}}