{"id":22062,"date":"2025-01-14T17:51:34","date_gmt":"2025-01-14T15:51:34","guid":{"rendered":"https:\/\/tuunerstuudio.ee\/?post_type=product&#038;p=22062"},"modified":"2025-09-14T14:09:30","modified_gmt":"2025-09-14T11:09:30","slug":"mishimoto-performance-radiaator-subaru-forester-xt-04-08","status":"publish","type":"product","link":"https:\/\/tuunerstuudio.ee\/en\/toode\/mishimoto-performance-radiaator-subaru-forester-xt-04-08\/","title":{"rendered":"Mishimoto Performance radiator Subaru Forester XT 04-08"},"content":{"rendered":"","protected":false},"excerpt":{"rendered":"<p class=\"qtranxs-available-languages-message qtranxs-available-languages-message-en\">Sorry, this entry is only available in <a href=\"https:\/\/tuunerstuudio.ee\/et\/wp-json\/wp\/v2\/product\/22062\" class=\"qtranxs-available-language-link qtranxs-available-language-link-et\" title=\"Eesti\">Eesti<\/a>.<\/p>\n","protected":false},"featured_media":22063,"comment_status":"closed","ping_status":"closed","template":"","meta":[],"product_brand":[],"product_cat":[1117,1146,27,921,922],"product_tag":[],"class_list":{"0":"post-22062","1":"product","2":"type-product","3":"status-publish","4":"has-post-thumbnail","6":"product_cat-mishimoto-radiaator","7":"product_cat-subaru-mishimoto-radiaator","8":"product_cat-jahutussusteem","9":"product_cat-vesijahutus","10":"product_cat-radiaator","12":"first","13":"onbackorder","14":"taxable","15":"shipping-taxable","16":"purchasable","17":"product-type-simple"},"yoast_head":"<!-- This site is optimized with the Yoast SEO plugin v26.9 - https:\/\/yoast.com\/product\/yoast-seo-wordpress\/ -->\n<title>Mishimoto Performance radiator Subaru Forester XT 04-08 - TuunerStuudio<\/title>\n<meta name=\"robots\" content=\"index, follow, max-snippet:-1, max-image-preview:large, max-video-preview:-1\" \/>\n<link rel=\"canonical\" href=\"https:\/\/tuunerstuudio.ee\/en\/toode\/mishimoto-performance-radiaator-subaru-forester-xt-04-08\/\" \/>\n<meta property=\"og:locale\" content=\"en_US\" \/>\n<meta property=\"og:type\" content=\"article\" \/>\n<meta property=\"og:title\" content=\"Mishimoto Performance radiator Subaru Forester XT 04-08 - TuunerStuudio\" \/>\n<meta property=\"og:description\" content=\"(Eesti) \u2022 M\u00f5\u00f5tmed: 70,3 cm x 44,2 cm x 5,6 cm \u2022 S\u00fcdamiku m\u00f5\u00f5tmed: 35,8 cm x 68,5 cm \u2022 Ridu: 2 \u2022 Sisse- ja v\u00e4ljalaskeava: 4 cm \u2022 S\u00fcdamiku paksus: 4,2 cm \u2022 K\u00fclgede paksus: 0,2 cm\" \/>\n<meta property=\"og:url\" content=\"https:\/\/tuunerstuudio.ee\/en\/toode\/mishimoto-performance-radiaator-subaru-forester-xt-04-08\/\" \/>\n<meta property=\"og:site_name\" content=\"TuunerStuudio\" \/>\n<meta property=\"article:modified_time\" content=\"2025-09-14T11:09:30+00:00\" \/>\n<meta property=\"og:image\" content=\"https:\/\/tuunerstuudio.ee\/wp-content\/uploads\/2025\/01\/mishimoto-subaru-forester-xt-performance-cooler-2004-2008_2.jpg\" \/>\n\t<meta property=\"og:image:width\" content=\"700\" \/>\n\t<meta property=\"og:image:height\" content=\"700\" \/>\n\t<meta property=\"og:image:type\" content=\"image\/jpeg\" \/>\n<meta name=\"twitter:card\" content=\"summary_large_image\" \/>\n<meta name=\"twitter:label1\" content=\"Est. reading time\" \/>\n\t<meta name=\"twitter:data1\" content=\"1 minute\" \/>\n<script type=\"application\/ld+json\" class=\"yoast-schema-graph\">{\"@context\":\"https:\/\/schema.org\",\"@graph\":[{\"@type\":\"WebPage\",\"@id\":\"https:\/\/tuunerstuudio.ee\/en\/toode\/mishimoto-performance-radiaator-subaru-forester-xt-04-08\/\",\"url\":\"https:\/\/tuunerstuudio.ee\/en\/toode\/mishimoto-performance-radiaator-subaru-forester-xt-04-08\/\",\"name\":\"Mishimoto Performance radiator Subaru Forester XT 04-08 - TuunerStuudio\",\"isPartOf\":{\"@id\":\"https:\/\/tuunerstuudio.ee\/en\/#website\"},\"primaryImageOfPage\":{\"@id\":\"https:\/\/tuunerstuudio.ee\/en\/toode\/mishimoto-performance-radiaator-subaru-forester-xt-04-08\/#primaryimage\"},\"image\":{\"@id\":\"https:\/\/tuunerstuudio.ee\/toode\/mishimoto-performance-radiaator-subaru-forester-xt-04-08\/#primaryimage\"},\"thumbnailUrl\":\"https:\/\/tuunerstuudio.ee\/wp-content\/uploads\/2025\/01\/mishimoto-subaru-forester-xt-performance-cooler-2004-2008_2.jpg\",\"datePublished\":\"2025-01-14T15:51:34+00:00\",\"dateModified\":\"2025-09-14T11:09:30+00:00\",\"breadcrumb\":{\"@id\":\"https:\/\/tuunerstuudio.ee\/en\/toode\/mishimoto-performance-radiaator-subaru-forester-xt-04-08\/#breadcrumb\"},\"inLanguage\":\"en-US\",\"potentialAction\":[{\"@type\":\"ReadAction\",\"target\":[[\"https:\/\/tuunerstuudio.ee\/en\/toode\/mishimoto-performance-radiaator-subaru-forester-xt-04-08\/\"]]}]},{\"@type\":\"ImageObject\",\"inLanguage\":\"en-US\",\"@id\":\"https:\/\/tuunerstuudio.ee\/en\/toode\/mishimoto-performance-radiaator-subaru-forester-xt-04-08\/#primaryimage\",\"url\":\"https:\/\/tuunerstuudio.ee\/wp-content\/uploads\/2025\/01\/mishimoto-subaru-forester-xt-performance-cooler-2004-2008_2.jpg\",\"contentUrl\":\"https:\/\/tuunerstuudio.ee\/wp-content\/uploads\/2025\/01\/mishimoto-subaru-forester-xt-performance-cooler-2004-2008_2.jpg\",\"width\":700,\"height\":700},{\"@type\":\"BreadcrumbList\",\"@id\":\"https:\/\/tuunerstuudio.ee\/en\/toode\/mishimoto-performance-radiaator-subaru-forester-xt-04-08\/#breadcrumb\",\"itemListElement\":[{\"@type\":\"ListItem\",\"position\":1,\"name\":\"Home\",\"item\":\"https:\/\/tuunerstuudio.ee\/en\/\"},{\"@type\":\"ListItem\",\"position\":2,\"name\":\"Tooted\",\"item\":\"https:\/\/www.tuunerstuudio.ee\/tooted\/\"},{\"@type\":\"ListItem\",\"position\":3,\"name\":\"Mishimoto Performance radiaator Subaru Forester XT 04-08\"}]},{\"@type\":\"WebSite\",\"@id\":\"https:\/\/tuunerstuudio.ee\/en\/#website\",\"url\":\"https:\/\/tuunerstuudio.ee\/en\/\",\"name\":\"tuunerstuudio\",\"description\":\"\",\"potentialAction\":[{\"@type\":\"SearchAction\",\"target\":{\"@type\":\"EntryPoint\",\"urlTemplate\":\"https:\/\/tuunerstuudio.ee\/en\/?s={search_term_string}\"},\"query-input\":{\"@type\":\"PropertyValueSpecification\",\"valueRequired\":true,\"valueName\":\"search_term_string\"}}],\"inLanguage\":\"en-US\"}]}<\/script>\n<!-- \/ Yoast SEO plugin. -->","yoast_head_json":{"title":"Mishimoto Performance radiator Subaru Forester XT 04-08 - TuunerStuudio","robots":{"index":"index","follow":"follow","max-snippet":"max-snippet:-1","max-image-preview":"max-image-preview:large","max-video-preview":"max-video-preview:-1"},"canonical":"https:\/\/tuunerstuudio.ee\/en\/toode\/mishimoto-performance-radiaator-subaru-forester-xt-04-08\/","og_locale":"en_US","og_type":"article","og_title":"Mishimoto Performance radiator Subaru Forester XT 04-08 - TuunerStuudio","og_description":"(Eesti) \u2022 M\u00f5\u00f5tmed: 70,3 cm x 44,2 cm x 5,6 cm \u2022 S\u00fcdamiku m\u00f5\u00f5tmed: 35,8 cm x 68,5 cm \u2022 Ridu: 2 \u2022 Sisse- ja v\u00e4ljalaskeava: 4 cm \u2022 S\u00fcdamiku paksus: 4,2 cm \u2022 K\u00fclgede paksus: 0,2 cm","og_url":"https:\/\/tuunerstuudio.ee\/en\/toode\/mishimoto-performance-radiaator-subaru-forester-xt-04-08\/","og_site_name":"TuunerStuudio","article_modified_time":"2025-09-14T11:09:30+00:00","og_image":[{"width":700,"height":700,"url":"https:\/\/tuunerstuudio.ee\/wp-content\/uploads\/2025\/01\/mishimoto-subaru-forester-xt-performance-cooler-2004-2008_2.jpg","type":"image\/jpeg"}],"twitter_card":"summary_large_image","twitter_misc":{"Est. reading time":"1 minute"},"schema":{"@context":"https:\/\/schema.org","@graph":[{"@type":"WebPage","@id":"https:\/\/tuunerstuudio.ee\/en\/toode\/mishimoto-performance-radiaator-subaru-forester-xt-04-08\/","url":"https:\/\/tuunerstuudio.ee\/en\/toode\/mishimoto-performance-radiaator-subaru-forester-xt-04-08\/","name":"Mishimoto Performance radiator Subaru Forester XT 04-08 - TuunerStuudio","isPartOf":{"@id":"https:\/\/tuunerstuudio.ee\/en\/#website"},"primaryImageOfPage":{"@id":"https:\/\/tuunerstuudio.ee\/en\/toode\/mishimoto-performance-radiaator-subaru-forester-xt-04-08\/#primaryimage"},"image":{"@id":"https:\/\/tuunerstuudio.ee\/toode\/mishimoto-performance-radiaator-subaru-forester-xt-04-08\/#primaryimage"},"thumbnailUrl":"https:\/\/tuunerstuudio.ee\/wp-content\/uploads\/2025\/01\/mishimoto-subaru-forester-xt-performance-cooler-2004-2008_2.jpg","datePublished":"2025-01-14T15:51:34+00:00","dateModified":"2025-09-14T11:09:30+00:00","breadcrumb":{"@id":"https:\/\/tuunerstuudio.ee\/en\/toode\/mishimoto-performance-radiaator-subaru-forester-xt-04-08\/#breadcrumb"},"inLanguage":"en-US","potentialAction":[{"@type":"ReadAction","target":[["https:\/\/tuunerstuudio.ee\/en\/toode\/mishimoto-performance-radiaator-subaru-forester-xt-04-08\/"]]}]},{"@type":"ImageObject","inLanguage":"en-US","@id":"https:\/\/tuunerstuudio.ee\/en\/toode\/mishimoto-performance-radiaator-subaru-forester-xt-04-08\/#primaryimage","url":"https:\/\/tuunerstuudio.ee\/wp-content\/uploads\/2025\/01\/mishimoto-subaru-forester-xt-performance-cooler-2004-2008_2.jpg","contentUrl":"https:\/\/tuunerstuudio.ee\/wp-content\/uploads\/2025\/01\/mishimoto-subaru-forester-xt-performance-cooler-2004-2008_2.jpg","width":700,"height":700},{"@type":"BreadcrumbList","@id":"https:\/\/tuunerstuudio.ee\/en\/toode\/mishimoto-performance-radiaator-subaru-forester-xt-04-08\/#breadcrumb","itemListElement":[{"@type":"ListItem","position":1,"name":"Home","item":"https:\/\/tuunerstuudio.ee\/en\/"},{"@type":"ListItem","position":2,"name":"Tooted","item":"https:\/\/www.tuunerstuudio.ee\/tooted\/"},{"@type":"ListItem","position":3,"name":"Mishimoto Performance radiaator Subaru Forester XT 04-08"}]},{"@type":"WebSite","@id":"https:\/\/tuunerstuudio.ee\/en\/#website","url":"https:\/\/tuunerstuudio.ee\/en\/","name":"tuunerstuudio","description":"","potentialAction":[{"@type":"SearchAction","target":{"@type":"EntryPoint","urlTemplate":"https:\/\/tuunerstuudio.ee\/en\/?s={search_term_string}"},"query-input":{"@type":"PropertyValueSpecification","valueRequired":true,"valueName":"search_term_string"}}],"inLanguage":"en-US"}]}},"_links":{"self":[{"href":"https:\/\/tuunerstuudio.ee\/en\/wp-json\/wp\/v2\/product\/22062","targetHints":{"allow":["GET"]}}],"collection":[{"href":"https:\/\/tuunerstuudio.ee\/en\/wp-json\/wp\/v2\/product"}],"about":[{"href":"https:\/\/tuunerstuudio.ee\/en\/wp-json\/wp\/v2\/types\/product"}],"replies":[{"embeddable":true,"href":"https:\/\/tuunerstuudio.ee\/en\/wp-json\/wp\/v2\/comments?post=22062"}],"wp:featuredmedia":[{"embeddable":true,"href":"https:\/\/tuunerstuudio.ee\/en\/wp-json\/wp\/v2\/media\/22063"}],"wp:attachment":[{"href":"https:\/\/tuunerstuudio.ee\/en\/wp-json\/wp\/v2\/media?parent=22062"}],"wp:term":[{"taxonomy":"product_brand","embeddable":true,"href":"https:\/\/tuunerstuudio.ee\/en\/wp-json\/wp\/v2\/product_brand?post=22062"},{"taxonomy":"product_cat","embeddable":true,"href":"https:\/\/tuunerstuudio.ee\/en\/wp-json\/wp\/v2\/product_cat?post=22062"},{"taxonomy":"product_tag","embeddable":true,"href":"https:\/\/tuunerstuudio.ee\/en\/wp-json\/wp\/v2\/product_tag?post=22062"}],"curies":[{"name":"wp","href":"https:\/\/api.w.org\/{rel}","templated":true}]}}