{"id":22,"date":"2024-10-11T13:52:16","date_gmt":"2024-10-11T10:52:16","guid":{"rendered":"https:\/\/tuunerstuudio.ee\/uuswp\/?post_type=product&#038;p=22"},"modified":"2026-03-03T15:19:10","modified_gmt":"2026-03-03T13:19:10","slug":"spd-v2-check-valve-full-flow-m12x1-5-an8-black","status":"publish","type":"product","link":"https:\/\/tuunerstuudio.ee\/en\/toode\/spd-v2-check-valve-full-flow-m12x1-5-an8-black\/","title":{"rendered":"SPD V2 check valve full flow M12x1.5 &#8211; AN8 black"},"content":{"rendered":"","protected":false},"excerpt":{"rendered":"<p>SPD V2 check valve full flow M12x1.5 &#8211; AN8 black. SPD V2 is the latest check valve with a completely new construction that differs from all others on the market. It is fully sealed and can withstand very high pressures and back pressures. These check valves are specially designed to handle all fuels and air. The non-return valve is developed to handle ethanol, so internal components have been adapted accordingly. This is a full-flow construction that does not restrict flow. SPD full-flow check valve. Used, among others, for Bosch 044 fuel pumps if you have several that are PWM controlled.<\/p>\n<p>This check valve prevents fuel pressure backup before the second or third fuel pumps start.<\/p>\n<p>M12x1.5 &#8211; AN8<\/p>\n<p>This check valve does not restrict flow. It makes the car easier to start by maintaining fuel pressure when the car is turned off.<\/p>\n<p>Dimensions: Key socket: 25.2mm Largest diameter: 29mm Total length: 62mm<\/p>\n<p>Applications:<\/p>\n<ul>\n<li>Staged fuel pump activation: When using two or more fuel pumps that do not run continuously but are activated gradually, this check valve prevents fuel from being pushed back to the tank, making it harder for the primary pump to keep the pressure up.<\/li>\n<li>Fuel retention in the fuel bridge: When the engine is turned off, fuel slowly returns to the fuel tank and the fuel bridge empties. This introduces air into the fuel system, making the engine harder to start. With the check valve installed, there is always fuel left, and the engine starts easily.<\/li>\n<\/ul>\n","protected":false},"featured_media":53,"comment_status":"closed","ping_status":"closed","template":"","meta":[],"product_brand":[],"product_cat":[1829,83,614,623,624],"product_tag":[],"class_list":{"0":"post-22","1":"product","2":"type-product","3":"status-publish","4":"has-post-thumbnail","6":"product_cat-uhesuunaline-klapp-taisvool","7":"product_cat-an-liited","8":"product_cat-speeding-an-liited","9":"product_cat-an-liitmikud-voolikud","10":"product_cat-an-liitmikud","12":"first","13":"onbackorder","14":"taxable","15":"shipping-taxable","16":"purchasable","17":"product-type-simple"},"yoast_head":"<!-- This site is optimized with the Yoast SEO plugin v26.9 - https:\/\/yoast.com\/product\/yoast-seo-wordpress\/ -->\n<title>SPD V2 check valve full flow M12x1.5 - AN8 black - TuunerStuudio<\/title>\n<meta name=\"robots\" content=\"index, follow, max-snippet:-1, max-image-preview:large, max-video-preview:-1\" \/>\n<link rel=\"canonical\" href=\"https:\/\/tuunerstuudio.ee\/en\/toode\/spd-v2-check-valve-full-flow-m12x1-5-an8-black\/\" \/>\n<meta property=\"og:locale\" content=\"en_US\" \/>\n<meta property=\"og:type\" content=\"article\" \/>\n<meta property=\"og:title\" content=\"SPD V2 check valve full flow M12x1.5 - AN8 black - TuunerStuudio\" \/>\n<meta property=\"og:description\" content=\"SPD V2 check valve full flow M12x1.5 - AN8 black. SPD V2 is the latest check valve with a completely new construction that differs from all others on the market. It is fully sealed and can withstand very high pressures and back pressures. These check valves are specially designed to handle all fuels and air. The non-return valve is developed to handle ethanol, so internal components have been adapted accordingly. This is a full-flow construction that does not restrict flow. SPD full-flow check valve. Used, among others, for Bosch 044 fuel pumps if you have several that are PWM controlled.  This check valve prevents fuel pressure backup before the second or third fuel pumps start.  M12x1.5 - AN8  This check valve does not restrict flow. It makes the car easier to start by maintaining fuel pressure when the car is turned off.  Dimensions: Key socket: 25.2mm Largest diameter: 29mm Total length: 62mm  Applications:   Staged fuel pump activation: When using two or more fuel pumps that do not run continuously but are activated gradually, this check valve prevents fuel from being pushed back to the tank, making it harder for the primary pump to keep the pressure up.  Fuel retention in the fuel bridge: When the engine is turned off, fuel slowly returns to the fuel tank and the fuel bridge empties. This introduces air into the fuel system, making the engine harder to start. With the check valve installed, there is always fuel left, and the engine starts easily.\" \/>\n<meta property=\"og:url\" content=\"https:\/\/tuunerstuudio.ee\/en\/toode\/spd-v2-check-valve-full-flow-m12x1-5-an8-black\/\" \/>\n<meta property=\"og:site_name\" content=\"TuunerStuudio\" \/>\n<meta property=\"article:modified_time\" content=\"2026-03-03T13:19:10+00:00\" \/>\n<meta property=\"og:image\" content=\"https:\/\/tuunerstuudio.ee\/wp-content\/uploads\/2024\/10\/SPD-backventil.jpg\" \/>\n\t<meta property=\"og:image:width\" content=\"640\" \/>\n\t<meta property=\"og:image:height\" content=\"991\" \/>\n\t<meta property=\"og:image:type\" content=\"image\/jpeg\" \/>\n<meta name=\"twitter:card\" content=\"summary_large_image\" \/>\n<meta name=\"twitter:label1\" content=\"Est. reading time\" \/>\n\t<meta name=\"twitter:data1\" content=\"1 minute\" \/>\n<script type=\"application\/ld+json\" class=\"yoast-schema-graph\">{\"@context\":\"https:\/\/schema.org\",\"@graph\":[{\"@type\":\"WebPage\",\"@id\":\"https:\/\/tuunerstuudio.ee\/en\/toode\/spd-v2-check-valve-full-flow-m12x1-5-an8-black\/\",\"url\":\"https:\/\/tuunerstuudio.ee\/en\/toode\/spd-v2-check-valve-full-flow-m12x1-5-an8-black\/\",\"name\":\"SPD V2 check valve full flow M12x1.5 - AN8 black - TuunerStuudio\",\"isPartOf\":{\"@id\":\"https:\/\/tuunerstuudio.ee\/en\/#website\"},\"primaryImageOfPage\":{\"@id\":\"https:\/\/tuunerstuudio.ee\/en\/toode\/spd-v2-check-valve-full-flow-m12x1-5-an8-black\/#primaryimage\"},\"image\":{\"@id\":\"https:\/\/tuunerstuudio.ee\/toode\/spd-v2-check-valve-full-flow-m12x1-5-an8-black\/#primaryimage\"},\"thumbnailUrl\":\"https:\/\/tuunerstuudio.ee\/wp-content\/uploads\/2024\/10\/SPD-backventil.jpg\",\"datePublished\":\"2024-10-11T10:52:16+00:00\",\"dateModified\":\"2026-03-03T13:19:10+00:00\",\"breadcrumb\":{\"@id\":\"https:\/\/tuunerstuudio.ee\/en\/toode\/spd-v2-check-valve-full-flow-m12x1-5-an8-black\/#breadcrumb\"},\"inLanguage\":\"en-US\",\"potentialAction\":[{\"@type\":\"ReadAction\",\"target\":[[\"https:\/\/tuunerstuudio.ee\/en\/toode\/spd-v2-check-valve-full-flow-m12x1-5-an8-black\/\"]]}]},{\"@type\":\"ImageObject\",\"inLanguage\":\"en-US\",\"@id\":\"https:\/\/tuunerstuudio.ee\/en\/toode\/spd-v2-check-valve-full-flow-m12x1-5-an8-black\/#primaryimage\",\"url\":\"https:\/\/tuunerstuudio.ee\/wp-content\/uploads\/2024\/10\/SPD-backventil.jpg\",\"contentUrl\":\"https:\/\/tuunerstuudio.ee\/wp-content\/uploads\/2024\/10\/SPD-backventil.jpg\",\"width\":640,\"height\":991},{\"@type\":\"BreadcrumbList\",\"@id\":\"https:\/\/tuunerstuudio.ee\/en\/toode\/spd-v2-check-valve-full-flow-m12x1-5-an8-black\/#breadcrumb\",\"itemListElement\":[{\"@type\":\"ListItem\",\"position\":1,\"name\":\"Home\",\"item\":\"https:\/\/tuunerstuudio.ee\/en\/\"},{\"@type\":\"ListItem\",\"position\":2,\"name\":\"Tooted\",\"item\":\"https:\/\/www.tuunerstuudio.ee\/tooted\/\"},{\"@type\":\"ListItem\",\"position\":3,\"name\":\"SPD V2 tagasil\u00f6\u00f6giklapp t\u00e4isvoolu M12x1.5 &#8211; AN8 must\"}]},{\"@type\":\"WebSite\",\"@id\":\"https:\/\/tuunerstuudio.ee\/en\/#website\",\"url\":\"https:\/\/tuunerstuudio.ee\/en\/\",\"name\":\"tuunerstuudio\",\"description\":\"\",\"potentialAction\":[{\"@type\":\"SearchAction\",\"target\":{\"@type\":\"EntryPoint\",\"urlTemplate\":\"https:\/\/tuunerstuudio.ee\/en\/?s={search_term_string}\"},\"query-input\":{\"@type\":\"PropertyValueSpecification\",\"valueRequired\":true,\"valueName\":\"search_term_string\"}}],\"inLanguage\":\"en-US\"}]}<\/script>\n<!-- \/ Yoast SEO plugin. -->","yoast_head_json":{"title":"SPD V2 check valve full flow M12x1.5 - AN8 black - TuunerStuudio","robots":{"index":"index","follow":"follow","max-snippet":"max-snippet:-1","max-image-preview":"max-image-preview:large","max-video-preview":"max-video-preview:-1"},"canonical":"https:\/\/tuunerstuudio.ee\/en\/toode\/spd-v2-check-valve-full-flow-m12x1-5-an8-black\/","og_locale":"en_US","og_type":"article","og_title":"SPD V2 check valve full flow M12x1.5 - AN8 black - TuunerStuudio","og_description":"SPD V2 check valve full flow M12x1.5 - AN8 black. SPD V2 is the latest check valve with a completely new construction that differs from all others on the market. It is fully sealed and can withstand very high pressures and back pressures. These check valves are specially designed to handle all fuels and air. The non-return valve is developed to handle ethanol, so internal components have been adapted accordingly. This is a full-flow construction that does not restrict flow. SPD full-flow check valve. Used, among others, for Bosch 044 fuel pumps if you have several that are PWM controlled.  This check valve prevents fuel pressure backup before the second or third fuel pumps start.  M12x1.5 - AN8  This check valve does not restrict flow. It makes the car easier to start by maintaining fuel pressure when the car is turned off.  Dimensions: Key socket: 25.2mm Largest diameter: 29mm Total length: 62mm  Applications:   Staged fuel pump activation: When using two or more fuel pumps that do not run continuously but are activated gradually, this check valve prevents fuel from being pushed back to the tank, making it harder for the primary pump to keep the pressure up.  Fuel retention in the fuel bridge: When the engine is turned off, fuel slowly returns to the fuel tank and the fuel bridge empties. This introduces air into the fuel system, making the engine harder to start. With the check valve installed, there is always fuel left, and the engine starts easily.","og_url":"https:\/\/tuunerstuudio.ee\/en\/toode\/spd-v2-check-valve-full-flow-m12x1-5-an8-black\/","og_site_name":"TuunerStuudio","article_modified_time":"2026-03-03T13:19:10+00:00","og_image":[{"width":640,"height":991,"url":"https:\/\/tuunerstuudio.ee\/wp-content\/uploads\/2024\/10\/SPD-backventil.jpg","type":"image\/jpeg"}],"twitter_card":"summary_large_image","twitter_misc":{"Est. reading time":"1 minute"},"schema":{"@context":"https:\/\/schema.org","@graph":[{"@type":"WebPage","@id":"https:\/\/tuunerstuudio.ee\/en\/toode\/spd-v2-check-valve-full-flow-m12x1-5-an8-black\/","url":"https:\/\/tuunerstuudio.ee\/en\/toode\/spd-v2-check-valve-full-flow-m12x1-5-an8-black\/","name":"SPD V2 check valve full flow M12x1.5 - AN8 black - TuunerStuudio","isPartOf":{"@id":"https:\/\/tuunerstuudio.ee\/en\/#website"},"primaryImageOfPage":{"@id":"https:\/\/tuunerstuudio.ee\/en\/toode\/spd-v2-check-valve-full-flow-m12x1-5-an8-black\/#primaryimage"},"image":{"@id":"https:\/\/tuunerstuudio.ee\/toode\/spd-v2-check-valve-full-flow-m12x1-5-an8-black\/#primaryimage"},"thumbnailUrl":"https:\/\/tuunerstuudio.ee\/wp-content\/uploads\/2024\/10\/SPD-backventil.jpg","datePublished":"2024-10-11T10:52:16+00:00","dateModified":"2026-03-03T13:19:10+00:00","breadcrumb":{"@id":"https:\/\/tuunerstuudio.ee\/en\/toode\/spd-v2-check-valve-full-flow-m12x1-5-an8-black\/#breadcrumb"},"inLanguage":"en-US","potentialAction":[{"@type":"ReadAction","target":[["https:\/\/tuunerstuudio.ee\/en\/toode\/spd-v2-check-valve-full-flow-m12x1-5-an8-black\/"]]}]},{"@type":"ImageObject","inLanguage":"en-US","@id":"https:\/\/tuunerstuudio.ee\/en\/toode\/spd-v2-check-valve-full-flow-m12x1-5-an8-black\/#primaryimage","url":"https:\/\/tuunerstuudio.ee\/wp-content\/uploads\/2024\/10\/SPD-backventil.jpg","contentUrl":"https:\/\/tuunerstuudio.ee\/wp-content\/uploads\/2024\/10\/SPD-backventil.jpg","width":640,"height":991},{"@type":"BreadcrumbList","@id":"https:\/\/tuunerstuudio.ee\/en\/toode\/spd-v2-check-valve-full-flow-m12x1-5-an8-black\/#breadcrumb","itemListElement":[{"@type":"ListItem","position":1,"name":"Home","item":"https:\/\/tuunerstuudio.ee\/en\/"},{"@type":"ListItem","position":2,"name":"Tooted","item":"https:\/\/www.tuunerstuudio.ee\/tooted\/"},{"@type":"ListItem","position":3,"name":"SPD V2 tagasil\u00f6\u00f6giklapp t\u00e4isvoolu M12x1.5 &#8211; AN8 must"}]},{"@type":"WebSite","@id":"https:\/\/tuunerstuudio.ee\/en\/#website","url":"https:\/\/tuunerstuudio.ee\/en\/","name":"tuunerstuudio","description":"","potentialAction":[{"@type":"SearchAction","target":{"@type":"EntryPoint","urlTemplate":"https:\/\/tuunerstuudio.ee\/en\/?s={search_term_string}"},"query-input":{"@type":"PropertyValueSpecification","valueRequired":true,"valueName":"search_term_string"}}],"inLanguage":"en-US"}]}},"_links":{"self":[{"href":"https:\/\/tuunerstuudio.ee\/en\/wp-json\/wp\/v2\/product\/22","targetHints":{"allow":["GET"]}}],"collection":[{"href":"https:\/\/tuunerstuudio.ee\/en\/wp-json\/wp\/v2\/product"}],"about":[{"href":"https:\/\/tuunerstuudio.ee\/en\/wp-json\/wp\/v2\/types\/product"}],"replies":[{"embeddable":true,"href":"https:\/\/tuunerstuudio.ee\/en\/wp-json\/wp\/v2\/comments?post=22"}],"wp:featuredmedia":[{"embeddable":true,"href":"https:\/\/tuunerstuudio.ee\/en\/wp-json\/wp\/v2\/media\/53"}],"wp:attachment":[{"href":"https:\/\/tuunerstuudio.ee\/en\/wp-json\/wp\/v2\/media?parent=22"}],"wp:term":[{"taxonomy":"product_brand","embeddable":true,"href":"https:\/\/tuunerstuudio.ee\/en\/wp-json\/wp\/v2\/product_brand?post=22"},{"taxonomy":"product_cat","embeddable":true,"href":"https:\/\/tuunerstuudio.ee\/en\/wp-json\/wp\/v2\/product_cat?post=22"},{"taxonomy":"product_tag","embeddable":true,"href":"https:\/\/tuunerstuudio.ee\/en\/wp-json\/wp\/v2\/product_tag?post=22"}],"curies":[{"name":"wp","href":"https:\/\/api.w.org\/{rel}","templated":true}]}}