{"id":20227,"date":"2024-12-01T15:58:47","date_gmt":"2024-12-01T13:58:47","guid":{"rendered":"https:\/\/tuunerstuudio.ee\/?post_type=product&#038;p=20227"},"modified":"2025-07-17T13:27:35","modified_gmt":"2025-07-17T10:27:35","slug":"maxxecu-pro-juhtmestik-3m-uhendus-3-cyl-9-16-e-throttle-taiendav-valjund","status":"publish","type":"product","link":"https:\/\/tuunerstuudio.ee\/en\/toode\/maxxecu-pro-juhtmestik-3m-uhendus-3-cyl-9-16-e-throttle-taiendav-valjund\/","title":{"rendered":"MaxxECU PRO flying lead harness 3m connector 3 (cyl 9-16, E-Throttle, extra out)"},"content":{"rendered":"","protected":false},"excerpt":{"rendered":"<p>MaxxECU wiring harness for PRO<\/p>\n<p>Extends MaxxECU PRO with the following.<\/p>\n<ul>\n<li>DIN (VR) 4\/5<\/li>\n<li>DIN 6\/7<\/li>\n<li>WBO 2 + GPO 10(WBO 2 heater)<\/li>\n<li>Analog in 0-5V 5-12<\/li>\n<li>GPO (+12V) 15-22<\/li>\n<li>E-Throttle motor 1+2<\/li>\n<li>INJ 9-16<\/li>\n<li>IGN 9-12<\/li>\n<li>KEY_IN(+12V) + 12V ECU 2 + Engine GND 2<\/li>\n<li>Sensor GND + 5V power supply 2<\/li>\n<\/ul>\n","protected":false},"featured_media":20230,"comment_status":"closed","ping_status":"closed","template":"","meta":[],"product_brand":[],"product_cat":[1019,51,52],"product_tag":[],"class_list":{"0":"post-20227","1":"product","2":"type-product","3":"status-publish","4":"has-post-thumbnail","6":"product_cat-maxxecu-juhtmestik","7":"product_cat-juhtajud","8":"product_cat-maxxecu","10":"first","11":"onbackorder","12":"taxable","13":"shipping-taxable","14":"purchasable","15":"product-type-simple"},"yoast_head":"<!-- This site is optimized with the Yoast SEO plugin v26.9 - https:\/\/yoast.com\/product\/yoast-seo-wordpress\/ -->\n<title>MaxxECU PRO flying lead harness 3m connector 3 (cyl 9-16, E-Throttle, extra out) - TuunerStuudio<\/title>\n<meta name=\"robots\" content=\"index, follow, max-snippet:-1, max-image-preview:large, max-video-preview:-1\" \/>\n<link rel=\"canonical\" href=\"https:\/\/tuunerstuudio.ee\/en\/toode\/maxxecu-pro-juhtmestik-3m-uhendus-3-cyl-9-16-e-throttle-taiendav-valjund\/\" \/>\n<meta property=\"og:locale\" content=\"en_US\" \/>\n<meta property=\"og:type\" content=\"article\" \/>\n<meta property=\"og:title\" content=\"MaxxECU PRO flying lead harness 3m connector 3 (cyl 9-16, E-Throttle, extra out) - TuunerStuudio\" \/>\n<meta property=\"og:description\" content=\"MaxxECU wiring harness for PRO  Extends MaxxECU PRO with the following.   DIN (VR) 4\/5  DIN 6\/7  WBO 2 + GPO 10(WBO 2 heater)  Analog in 0-5V 5-12  GPO (+12V) 15-22  E-Throttle motor 1+2  INJ 9-16  IGN 9-12  KEY_IN(+12V) + 12V ECU 2 + Engine GND 2  Sensor GND + 5V power supply 2\" \/>\n<meta property=\"og:url\" content=\"https:\/\/tuunerstuudio.ee\/en\/toode\/maxxecu-pro-juhtmestik-3m-uhendus-3-cyl-9-16-e-throttle-taiendav-valjund\/\" \/>\n<meta property=\"og:site_name\" content=\"TuunerStuudio\" \/>\n<meta property=\"article:modified_time\" content=\"2025-07-17T10:27:35+00:00\" \/>\n<meta property=\"og:image\" content=\"https:\/\/tuunerstuudio.ee\/wp-content\/uploads\/2024\/12\/1468-maxxecu_race_harness_1-01.jpg\" \/>\n\t<meta property=\"og:image:width\" content=\"800\" \/>\n\t<meta property=\"og:image:height\" content=\"600\" \/>\n\t<meta property=\"og:image:type\" content=\"image\/jpeg\" \/>\n<meta name=\"twitter:card\" content=\"summary_large_image\" \/>\n<meta name=\"twitter:label1\" content=\"Est. reading time\" \/>\n\t<meta name=\"twitter:data1\" content=\"1 minute\" \/>\n<script type=\"application\/ld+json\" class=\"yoast-schema-graph\">{\"@context\":\"https:\/\/schema.org\",\"@graph\":[{\"@type\":\"WebPage\",\"@id\":\"https:\/\/tuunerstuudio.ee\/en\/toode\/maxxecu-pro-juhtmestik-3m-uhendus-3-cyl-9-16-e-throttle-taiendav-valjund\/\",\"url\":\"https:\/\/tuunerstuudio.ee\/en\/toode\/maxxecu-pro-juhtmestik-3m-uhendus-3-cyl-9-16-e-throttle-taiendav-valjund\/\",\"name\":\"MaxxECU PRO flying lead harness 3m connector 3 (cyl 9-16, E-Throttle, extra out) - TuunerStuudio\",\"isPartOf\":{\"@id\":\"https:\/\/tuunerstuudio.ee\/en\/#website\"},\"primaryImageOfPage\":{\"@id\":\"https:\/\/tuunerstuudio.ee\/en\/toode\/maxxecu-pro-juhtmestik-3m-uhendus-3-cyl-9-16-e-throttle-taiendav-valjund\/#primaryimage\"},\"image\":{\"@id\":\"https:\/\/tuunerstuudio.ee\/toode\/maxxecu-pro-juhtmestik-3m-uhendus-3-cyl-9-16-e-throttle-taiendav-valjund\/#primaryimage\"},\"thumbnailUrl\":\"https:\/\/tuunerstuudio.ee\/wp-content\/uploads\/2024\/12\/1468-maxxecu_race_harness_1-01.jpg\",\"datePublished\":\"2024-12-01T13:58:47+00:00\",\"dateModified\":\"2025-07-17T10:27:35+00:00\",\"breadcrumb\":{\"@id\":\"https:\/\/tuunerstuudio.ee\/en\/toode\/maxxecu-pro-juhtmestik-3m-uhendus-3-cyl-9-16-e-throttle-taiendav-valjund\/#breadcrumb\"},\"inLanguage\":\"en-US\",\"potentialAction\":[{\"@type\":\"ReadAction\",\"target\":[[\"https:\/\/tuunerstuudio.ee\/en\/toode\/maxxecu-pro-juhtmestik-3m-uhendus-3-cyl-9-16-e-throttle-taiendav-valjund\/\"]]}]},{\"@type\":\"ImageObject\",\"inLanguage\":\"en-US\",\"@id\":\"https:\/\/tuunerstuudio.ee\/en\/toode\/maxxecu-pro-juhtmestik-3m-uhendus-3-cyl-9-16-e-throttle-taiendav-valjund\/#primaryimage\",\"url\":\"https:\/\/tuunerstuudio.ee\/wp-content\/uploads\/2024\/12\/1468-maxxecu_race_harness_1-01.jpg\",\"contentUrl\":\"https:\/\/tuunerstuudio.ee\/wp-content\/uploads\/2024\/12\/1468-maxxecu_race_harness_1-01.jpg\",\"width\":800,\"height\":600},{\"@type\":\"BreadcrumbList\",\"@id\":\"https:\/\/tuunerstuudio.ee\/en\/toode\/maxxecu-pro-juhtmestik-3m-uhendus-3-cyl-9-16-e-throttle-taiendav-valjund\/#breadcrumb\",\"itemListElement\":[{\"@type\":\"ListItem\",\"position\":1,\"name\":\"Home\",\"item\":\"https:\/\/tuunerstuudio.ee\/en\/\"},{\"@type\":\"ListItem\",\"position\":2,\"name\":\"Tooted\",\"item\":\"https:\/\/www.tuunerstuudio.ee\/tooted\/\"},{\"@type\":\"ListItem\",\"position\":3,\"name\":\"MaxxECU PRO juhtmestik 3m \u00fchendus 3 (cyl 9-16, E-throttle, t\u00e4iendav v\u00e4ljund)\"}]},{\"@type\":\"WebSite\",\"@id\":\"https:\/\/tuunerstuudio.ee\/en\/#website\",\"url\":\"https:\/\/tuunerstuudio.ee\/en\/\",\"name\":\"tuunerstuudio\",\"description\":\"\",\"potentialAction\":[{\"@type\":\"SearchAction\",\"target\":{\"@type\":\"EntryPoint\",\"urlTemplate\":\"https:\/\/tuunerstuudio.ee\/en\/?s={search_term_string}\"},\"query-input\":{\"@type\":\"PropertyValueSpecification\",\"valueRequired\":true,\"valueName\":\"search_term_string\"}}],\"inLanguage\":\"en-US\"}]}<\/script>\n<!-- \/ Yoast SEO plugin. -->","yoast_head_json":{"title":"MaxxECU PRO flying lead harness 3m connector 3 (cyl 9-16, E-Throttle, extra out) - TuunerStuudio","robots":{"index":"index","follow":"follow","max-snippet":"max-snippet:-1","max-image-preview":"max-image-preview:large","max-video-preview":"max-video-preview:-1"},"canonical":"https:\/\/tuunerstuudio.ee\/en\/toode\/maxxecu-pro-juhtmestik-3m-uhendus-3-cyl-9-16-e-throttle-taiendav-valjund\/","og_locale":"en_US","og_type":"article","og_title":"MaxxECU PRO flying lead harness 3m connector 3 (cyl 9-16, E-Throttle, extra out) - TuunerStuudio","og_description":"MaxxECU wiring harness for PRO  Extends MaxxECU PRO with the following.   DIN (VR) 4\/5  DIN 6\/7  WBO 2 + GPO 10(WBO 2 heater)  Analog in 0-5V 5-12  GPO (+12V) 15-22  E-Throttle motor 1+2  INJ 9-16  IGN 9-12  KEY_IN(+12V) + 12V ECU 2 + Engine GND 2  Sensor GND + 5V power supply 2","og_url":"https:\/\/tuunerstuudio.ee\/en\/toode\/maxxecu-pro-juhtmestik-3m-uhendus-3-cyl-9-16-e-throttle-taiendav-valjund\/","og_site_name":"TuunerStuudio","article_modified_time":"2025-07-17T10:27:35+00:00","og_image":[{"width":800,"height":600,"url":"https:\/\/tuunerstuudio.ee\/wp-content\/uploads\/2024\/12\/1468-maxxecu_race_harness_1-01.jpg","type":"image\/jpeg"}],"twitter_card":"summary_large_image","twitter_misc":{"Est. reading time":"1 minute"},"schema":{"@context":"https:\/\/schema.org","@graph":[{"@type":"WebPage","@id":"https:\/\/tuunerstuudio.ee\/en\/toode\/maxxecu-pro-juhtmestik-3m-uhendus-3-cyl-9-16-e-throttle-taiendav-valjund\/","url":"https:\/\/tuunerstuudio.ee\/en\/toode\/maxxecu-pro-juhtmestik-3m-uhendus-3-cyl-9-16-e-throttle-taiendav-valjund\/","name":"MaxxECU PRO flying lead harness 3m connector 3 (cyl 9-16, E-Throttle, extra out) - TuunerStuudio","isPartOf":{"@id":"https:\/\/tuunerstuudio.ee\/en\/#website"},"primaryImageOfPage":{"@id":"https:\/\/tuunerstuudio.ee\/en\/toode\/maxxecu-pro-juhtmestik-3m-uhendus-3-cyl-9-16-e-throttle-taiendav-valjund\/#primaryimage"},"image":{"@id":"https:\/\/tuunerstuudio.ee\/toode\/maxxecu-pro-juhtmestik-3m-uhendus-3-cyl-9-16-e-throttle-taiendav-valjund\/#primaryimage"},"thumbnailUrl":"https:\/\/tuunerstuudio.ee\/wp-content\/uploads\/2024\/12\/1468-maxxecu_race_harness_1-01.jpg","datePublished":"2024-12-01T13:58:47+00:00","dateModified":"2025-07-17T10:27:35+00:00","breadcrumb":{"@id":"https:\/\/tuunerstuudio.ee\/en\/toode\/maxxecu-pro-juhtmestik-3m-uhendus-3-cyl-9-16-e-throttle-taiendav-valjund\/#breadcrumb"},"inLanguage":"en-US","potentialAction":[{"@type":"ReadAction","target":[["https:\/\/tuunerstuudio.ee\/en\/toode\/maxxecu-pro-juhtmestik-3m-uhendus-3-cyl-9-16-e-throttle-taiendav-valjund\/"]]}]},{"@type":"ImageObject","inLanguage":"en-US","@id":"https:\/\/tuunerstuudio.ee\/en\/toode\/maxxecu-pro-juhtmestik-3m-uhendus-3-cyl-9-16-e-throttle-taiendav-valjund\/#primaryimage","url":"https:\/\/tuunerstuudio.ee\/wp-content\/uploads\/2024\/12\/1468-maxxecu_race_harness_1-01.jpg","contentUrl":"https:\/\/tuunerstuudio.ee\/wp-content\/uploads\/2024\/12\/1468-maxxecu_race_harness_1-01.jpg","width":800,"height":600},{"@type":"BreadcrumbList","@id":"https:\/\/tuunerstuudio.ee\/en\/toode\/maxxecu-pro-juhtmestik-3m-uhendus-3-cyl-9-16-e-throttle-taiendav-valjund\/#breadcrumb","itemListElement":[{"@type":"ListItem","position":1,"name":"Home","item":"https:\/\/tuunerstuudio.ee\/en\/"},{"@type":"ListItem","position":2,"name":"Tooted","item":"https:\/\/www.tuunerstuudio.ee\/tooted\/"},{"@type":"ListItem","position":3,"name":"MaxxECU PRO juhtmestik 3m \u00fchendus 3 (cyl 9-16, E-throttle, t\u00e4iendav v\u00e4ljund)"}]},{"@type":"WebSite","@id":"https:\/\/tuunerstuudio.ee\/en\/#website","url":"https:\/\/tuunerstuudio.ee\/en\/","name":"tuunerstuudio","description":"","potentialAction":[{"@type":"SearchAction","target":{"@type":"EntryPoint","urlTemplate":"https:\/\/tuunerstuudio.ee\/en\/?s={search_term_string}"},"query-input":{"@type":"PropertyValueSpecification","valueRequired":true,"valueName":"search_term_string"}}],"inLanguage":"en-US"}]}},"_links":{"self":[{"href":"https:\/\/tuunerstuudio.ee\/en\/wp-json\/wp\/v2\/product\/20227","targetHints":{"allow":["GET"]}}],"collection":[{"href":"https:\/\/tuunerstuudio.ee\/en\/wp-json\/wp\/v2\/product"}],"about":[{"href":"https:\/\/tuunerstuudio.ee\/en\/wp-json\/wp\/v2\/types\/product"}],"replies":[{"embeddable":true,"href":"https:\/\/tuunerstuudio.ee\/en\/wp-json\/wp\/v2\/comments?post=20227"}],"wp:featuredmedia":[{"embeddable":true,"href":"https:\/\/tuunerstuudio.ee\/en\/wp-json\/wp\/v2\/media\/20230"}],"wp:attachment":[{"href":"https:\/\/tuunerstuudio.ee\/en\/wp-json\/wp\/v2\/media?parent=20227"}],"wp:term":[{"taxonomy":"product_brand","embeddable":true,"href":"https:\/\/tuunerstuudio.ee\/en\/wp-json\/wp\/v2\/product_brand?post=20227"},{"taxonomy":"product_cat","embeddable":true,"href":"https:\/\/tuunerstuudio.ee\/en\/wp-json\/wp\/v2\/product_cat?post=20227"},{"taxonomy":"product_tag","embeddable":true,"href":"https:\/\/tuunerstuudio.ee\/en\/wp-json\/wp\/v2\/product_tag?post=20227"}],"curies":[{"name":"wp","href":"https:\/\/api.w.org\/{rel}","templated":true}]}}