{"id":19977,"date":"2024-11-30T11:48:20","date_gmt":"2024-11-30T09:48:20","guid":{"rendered":"https:\/\/tuunerstuudio.ee\/?post_type=product&#038;p=19977"},"modified":"2025-07-17T09:01:50","modified_gmt":"2025-07-17T06:01:50","slug":"8hp-olicooleri-adapter-8hp75-n57-awd-x5-x6-tuup-4","status":"publish","type":"product","link":"https:\/\/tuunerstuudio.ee\/en\/toode\/8hp-olicooleri-adapter-8hp75-n57-awd-x5-x6-tuup-4\/","title":{"rendered":"8HP Oil Cooler Adapter 8HP75 N57 AWD X5 X6 &#8211; TYPE 4"},"content":{"rendered":"","protected":false},"excerpt":{"rendered":"<p>8HP Oil Cooler Adapter for 8HP75 N57 AWD X5 X6<\/p>\n<p>Converts the gearbox oil outputs to two AN8 threaded outputs, thread \u00be-16. Use any ORB8 fittings to whatever output your application finds suitable (AN6, AN8, AN10, etc.). The 8HP75 N57 has 17 mm bores, offset holes, and M6 mounting bolt.<\/p>\n<p>Comes with bolt and o-rings, high-quality AN8 adapters available separately.<\/p>\n<p>This version is higher than the N57 and B58, clearing the larger boulder in the transmission casing compared to the 70 N57 transmission.<\/p>\n","protected":false},"featured_media":19980,"comment_status":"closed","ping_status":"closed","template":"","meta":[],"product_brand":[],"product_cat":[995,992,993,991,994,364,51,52],"product_tag":[],"class_list":{"0":"post-19977","1":"product","2":"type-product","3":"status-publish","4":"has-post-thumbnail","6":"product_cat-8-hp-maxxecu-kaigukast-jouulekanne","7":"product_cat-8-hp","8":"product_cat-kaigukast-jouulekanne","9":"product_cat-kaigukast","10":"product_cat-maxxecu-kaigukast-jouulekanne","11":"product_cat-jouulekanne","12":"product_cat-juhtajud","13":"product_cat-maxxecu","15":"first","16":"onbackorder","17":"taxable","18":"shipping-taxable","19":"purchasable","20":"product-type-simple"},"yoast_head":"<!-- This site is optimized with the Yoast SEO plugin v26.9 - https:\/\/yoast.com\/product\/yoast-seo-wordpress\/ -->\n<title>8HP Oil Cooler Adapter 8HP75 N57 AWD X5 X6 - TYPE 4 - TuunerStuudio<\/title>\n<meta name=\"robots\" content=\"index, follow, max-snippet:-1, max-image-preview:large, max-video-preview:-1\" \/>\n<link rel=\"canonical\" href=\"https:\/\/tuunerstuudio.ee\/en\/toode\/8hp-olicooleri-adapter-8hp75-n57-awd-x5-x6-tuup-4\/\" \/>\n<meta property=\"og:locale\" content=\"en_US\" \/>\n<meta property=\"og:type\" content=\"article\" \/>\n<meta property=\"og:title\" content=\"8HP Oil Cooler Adapter 8HP75 N57 AWD X5 X6 - TYPE 4 - TuunerStuudio\" \/>\n<meta property=\"og:description\" content=\"8HP Oil Cooler Adapter for 8HP75 N57 AWD X5 X6  Converts the gearbox oil outputs to two AN8 threaded outputs, thread \u00be-16. Use any ORB8 fittings to whatever output your application finds suitable (AN6, AN8, AN10, etc.). The 8HP75 N57 has 17 mm bores, offset holes, and M6 mounting bolt.  Comes with bolt and o-rings, high-quality AN8 adapters available separately.  This version is higher than the N57 and B58, clearing the larger boulder in the transmission casing compared to the 70 N57 transmission.\" \/>\n<meta property=\"og:url\" content=\"https:\/\/tuunerstuudio.ee\/en\/toode\/8hp-olicooleri-adapter-8hp75-n57-awd-x5-x6-tuup-4\/\" \/>\n<meta property=\"og:site_name\" content=\"TuunerStuudio\" \/>\n<meta property=\"article:modified_time\" content=\"2025-07-17T06:01:50+00:00\" \/>\n<meta property=\"og:image\" content=\"https:\/\/tuunerstuudio.ee\/wp-content\/uploads\/2024\/11\/2327-8hp_oil_cooler_dapter_n57_type4-01.jpg\" \/>\n\t<meta property=\"og:image:width\" content=\"800\" \/>\n\t<meta property=\"og:image:height\" content=\"600\" \/>\n\t<meta property=\"og:image:type\" content=\"image\/jpeg\" \/>\n<meta name=\"twitter:card\" content=\"summary_large_image\" \/>\n<meta name=\"twitter:label1\" content=\"Est. reading time\" \/>\n\t<meta name=\"twitter:data1\" content=\"1 minute\" \/>\n<script type=\"application\/ld+json\" class=\"yoast-schema-graph\">{\"@context\":\"https:\/\/schema.org\",\"@graph\":[{\"@type\":\"WebPage\",\"@id\":\"https:\/\/tuunerstuudio.ee\/en\/toode\/8hp-olicooleri-adapter-8hp75-n57-awd-x5-x6-tuup-4\/\",\"url\":\"https:\/\/tuunerstuudio.ee\/en\/toode\/8hp-olicooleri-adapter-8hp75-n57-awd-x5-x6-tuup-4\/\",\"name\":\"8HP Oil Cooler Adapter 8HP75 N57 AWD X5 X6 - TYPE 4 - TuunerStuudio\",\"isPartOf\":{\"@id\":\"https:\/\/tuunerstuudio.ee\/en\/#website\"},\"primaryImageOfPage\":{\"@id\":\"https:\/\/tuunerstuudio.ee\/en\/toode\/8hp-olicooleri-adapter-8hp75-n57-awd-x5-x6-tuup-4\/#primaryimage\"},\"image\":{\"@id\":\"https:\/\/tuunerstuudio.ee\/toode\/8hp-olicooleri-adapter-8hp75-n57-awd-x5-x6-tuup-4\/#primaryimage\"},\"thumbnailUrl\":\"https:\/\/tuunerstuudio.ee\/wp-content\/uploads\/2024\/11\/2327-8hp_oil_cooler_dapter_n57_type4-01.jpg\",\"datePublished\":\"2024-11-30T09:48:20+00:00\",\"dateModified\":\"2025-07-17T06:01:50+00:00\",\"breadcrumb\":{\"@id\":\"https:\/\/tuunerstuudio.ee\/en\/toode\/8hp-olicooleri-adapter-8hp75-n57-awd-x5-x6-tuup-4\/#breadcrumb\"},\"inLanguage\":\"en-US\",\"potentialAction\":[{\"@type\":\"ReadAction\",\"target\":[[\"https:\/\/tuunerstuudio.ee\/en\/toode\/8hp-olicooleri-adapter-8hp75-n57-awd-x5-x6-tuup-4\/\"]]}]},{\"@type\":\"ImageObject\",\"inLanguage\":\"en-US\",\"@id\":\"https:\/\/tuunerstuudio.ee\/en\/toode\/8hp-olicooleri-adapter-8hp75-n57-awd-x5-x6-tuup-4\/#primaryimage\",\"url\":\"https:\/\/tuunerstuudio.ee\/wp-content\/uploads\/2024\/11\/2327-8hp_oil_cooler_dapter_n57_type4-01.jpg\",\"contentUrl\":\"https:\/\/tuunerstuudio.ee\/wp-content\/uploads\/2024\/11\/2327-8hp_oil_cooler_dapter_n57_type4-01.jpg\",\"width\":800,\"height\":600},{\"@type\":\"BreadcrumbList\",\"@id\":\"https:\/\/tuunerstuudio.ee\/en\/toode\/8hp-olicooleri-adapter-8hp75-n57-awd-x5-x6-tuup-4\/#breadcrumb\",\"itemListElement\":[{\"@type\":\"ListItem\",\"position\":1,\"name\":\"Home\",\"item\":\"https:\/\/tuunerstuudio.ee\/en\/\"},{\"@type\":\"ListItem\",\"position\":2,\"name\":\"Tooted\",\"item\":\"https:\/\/www.tuunerstuudio.ee\/tooted\/\"},{\"@type\":\"ListItem\",\"position\":3,\"name\":\"8HP \u00f5licooleri adapter 8HP75 N57 AWD X5 X6 &#8211; T\u00dc\u00dcP 4\"}]},{\"@type\":\"WebSite\",\"@id\":\"https:\/\/tuunerstuudio.ee\/en\/#website\",\"url\":\"https:\/\/tuunerstuudio.ee\/en\/\",\"name\":\"tuunerstuudio\",\"description\":\"\",\"potentialAction\":[{\"@type\":\"SearchAction\",\"target\":{\"@type\":\"EntryPoint\",\"urlTemplate\":\"https:\/\/tuunerstuudio.ee\/en\/?s={search_term_string}\"},\"query-input\":{\"@type\":\"PropertyValueSpecification\",\"valueRequired\":true,\"valueName\":\"search_term_string\"}}],\"inLanguage\":\"en-US\"}]}<\/script>\n<!-- \/ Yoast SEO plugin. -->","yoast_head_json":{"title":"8HP Oil Cooler Adapter 8HP75 N57 AWD X5 X6 - TYPE 4 - TuunerStuudio","robots":{"index":"index","follow":"follow","max-snippet":"max-snippet:-1","max-image-preview":"max-image-preview:large","max-video-preview":"max-video-preview:-1"},"canonical":"https:\/\/tuunerstuudio.ee\/en\/toode\/8hp-olicooleri-adapter-8hp75-n57-awd-x5-x6-tuup-4\/","og_locale":"en_US","og_type":"article","og_title":"8HP Oil Cooler Adapter 8HP75 N57 AWD X5 X6 - TYPE 4 - TuunerStuudio","og_description":"8HP Oil Cooler Adapter for 8HP75 N57 AWD X5 X6  Converts the gearbox oil outputs to two AN8 threaded outputs, thread \u00be-16. Use any ORB8 fittings to whatever output your application finds suitable (AN6, AN8, AN10, etc.). The 8HP75 N57 has 17 mm bores, offset holes, and M6 mounting bolt.  Comes with bolt and o-rings, high-quality AN8 adapters available separately.  This version is higher than the N57 and B58, clearing the larger boulder in the transmission casing compared to the 70 N57 transmission.","og_url":"https:\/\/tuunerstuudio.ee\/en\/toode\/8hp-olicooleri-adapter-8hp75-n57-awd-x5-x6-tuup-4\/","og_site_name":"TuunerStuudio","article_modified_time":"2025-07-17T06:01:50+00:00","og_image":[{"width":800,"height":600,"url":"https:\/\/tuunerstuudio.ee\/wp-content\/uploads\/2024\/11\/2327-8hp_oil_cooler_dapter_n57_type4-01.jpg","type":"image\/jpeg"}],"twitter_card":"summary_large_image","twitter_misc":{"Est. reading time":"1 minute"},"schema":{"@context":"https:\/\/schema.org","@graph":[{"@type":"WebPage","@id":"https:\/\/tuunerstuudio.ee\/en\/toode\/8hp-olicooleri-adapter-8hp75-n57-awd-x5-x6-tuup-4\/","url":"https:\/\/tuunerstuudio.ee\/en\/toode\/8hp-olicooleri-adapter-8hp75-n57-awd-x5-x6-tuup-4\/","name":"8HP Oil Cooler Adapter 8HP75 N57 AWD X5 X6 - TYPE 4 - TuunerStuudio","isPartOf":{"@id":"https:\/\/tuunerstuudio.ee\/en\/#website"},"primaryImageOfPage":{"@id":"https:\/\/tuunerstuudio.ee\/en\/toode\/8hp-olicooleri-adapter-8hp75-n57-awd-x5-x6-tuup-4\/#primaryimage"},"image":{"@id":"https:\/\/tuunerstuudio.ee\/toode\/8hp-olicooleri-adapter-8hp75-n57-awd-x5-x6-tuup-4\/#primaryimage"},"thumbnailUrl":"https:\/\/tuunerstuudio.ee\/wp-content\/uploads\/2024\/11\/2327-8hp_oil_cooler_dapter_n57_type4-01.jpg","datePublished":"2024-11-30T09:48:20+00:00","dateModified":"2025-07-17T06:01:50+00:00","breadcrumb":{"@id":"https:\/\/tuunerstuudio.ee\/en\/toode\/8hp-olicooleri-adapter-8hp75-n57-awd-x5-x6-tuup-4\/#breadcrumb"},"inLanguage":"en-US","potentialAction":[{"@type":"ReadAction","target":[["https:\/\/tuunerstuudio.ee\/en\/toode\/8hp-olicooleri-adapter-8hp75-n57-awd-x5-x6-tuup-4\/"]]}]},{"@type":"ImageObject","inLanguage":"en-US","@id":"https:\/\/tuunerstuudio.ee\/en\/toode\/8hp-olicooleri-adapter-8hp75-n57-awd-x5-x6-tuup-4\/#primaryimage","url":"https:\/\/tuunerstuudio.ee\/wp-content\/uploads\/2024\/11\/2327-8hp_oil_cooler_dapter_n57_type4-01.jpg","contentUrl":"https:\/\/tuunerstuudio.ee\/wp-content\/uploads\/2024\/11\/2327-8hp_oil_cooler_dapter_n57_type4-01.jpg","width":800,"height":600},{"@type":"BreadcrumbList","@id":"https:\/\/tuunerstuudio.ee\/en\/toode\/8hp-olicooleri-adapter-8hp75-n57-awd-x5-x6-tuup-4\/#breadcrumb","itemListElement":[{"@type":"ListItem","position":1,"name":"Home","item":"https:\/\/tuunerstuudio.ee\/en\/"},{"@type":"ListItem","position":2,"name":"Tooted","item":"https:\/\/www.tuunerstuudio.ee\/tooted\/"},{"@type":"ListItem","position":3,"name":"8HP \u00f5licooleri adapter 8HP75 N57 AWD X5 X6 &#8211; T\u00dc\u00dcP 4"}]},{"@type":"WebSite","@id":"https:\/\/tuunerstuudio.ee\/en\/#website","url":"https:\/\/tuunerstuudio.ee\/en\/","name":"tuunerstuudio","description":"","potentialAction":[{"@type":"SearchAction","target":{"@type":"EntryPoint","urlTemplate":"https:\/\/tuunerstuudio.ee\/en\/?s={search_term_string}"},"query-input":{"@type":"PropertyValueSpecification","valueRequired":true,"valueName":"search_term_string"}}],"inLanguage":"en-US"}]}},"_links":{"self":[{"href":"https:\/\/tuunerstuudio.ee\/en\/wp-json\/wp\/v2\/product\/19977","targetHints":{"allow":["GET"]}}],"collection":[{"href":"https:\/\/tuunerstuudio.ee\/en\/wp-json\/wp\/v2\/product"}],"about":[{"href":"https:\/\/tuunerstuudio.ee\/en\/wp-json\/wp\/v2\/types\/product"}],"replies":[{"embeddable":true,"href":"https:\/\/tuunerstuudio.ee\/en\/wp-json\/wp\/v2\/comments?post=19977"}],"wp:featuredmedia":[{"embeddable":true,"href":"https:\/\/tuunerstuudio.ee\/en\/wp-json\/wp\/v2\/media\/19980"}],"wp:attachment":[{"href":"https:\/\/tuunerstuudio.ee\/en\/wp-json\/wp\/v2\/media?parent=19977"}],"wp:term":[{"taxonomy":"product_brand","embeddable":true,"href":"https:\/\/tuunerstuudio.ee\/en\/wp-json\/wp\/v2\/product_brand?post=19977"},{"taxonomy":"product_cat","embeddable":true,"href":"https:\/\/tuunerstuudio.ee\/en\/wp-json\/wp\/v2\/product_cat?post=19977"},{"taxonomy":"product_tag","embeddable":true,"href":"https:\/\/tuunerstuudio.ee\/en\/wp-json\/wp\/v2\/product_tag?post=19977"}],"curies":[{"name":"wp","href":"https:\/\/api.w.org\/{rel}","templated":true}]}}