{"id":18829,"date":"2024-10-31T11:08:38","date_gmt":"2024-10-31T09:08:38","guid":{"rendered":"https:\/\/tuunerstuudio.ee\/?post_type=product&#038;p=18829"},"modified":"2024-10-31T14:39:29","modified_gmt":"2024-10-31T12:39:29","slug":"borg-warner-efr-8374-turbokott","status":"publish","type":"product","link":"https:\/\/tuunerstuudio.ee\/en\/toode\/borg-warner-efr-8374-turbokott\/","title":{"rendered":"(Eesti) Borg Warner EFR 8374 turbokott"},"content":{"rendered":"","protected":false},"excerpt":{"rendered":"<p class=\"qtranxs-available-languages-message qtranxs-available-languages-message-en\">Sorry, this entry is only available in <a href=\"https:\/\/tuunerstuudio.ee\/et\/wp-json\/wp\/v2\/product\/18829\" class=\"qtranxs-available-language-link qtranxs-available-language-link-et\" title=\"Eesti\">Eesti<\/a>.<\/p>\n","protected":false},"featured_media":18830,"comment_status":"closed","ping_status":"closed","template":"","meta":[],"product_brand":[],"product_cat":[49,60,930,932],"product_tag":[],"class_list":{"0":"post-18829","1":"product","2":"type-product","3":"status-publish","4":"has-post-thumbnail","6":"product_cat-turbod-ja-tarvikud","7":"product_cat-kuumakaitse","8":"product_cat-funk-motorsport-kuumakaitse","9":"product_cat-turbo-pohine","11":"first","12":"onbackorder","13":"taxable","14":"shipping-taxable","15":"purchasable","16":"product-type-variable"},"yoast_head":"<!-- This site is optimized with the Yoast SEO plugin v26.9 - https:\/\/yoast.com\/product\/yoast-seo-wordpress\/ -->\n<title>(Eesti) Borg Warner EFR 8374 turbokott - TuunerStuudio<\/title>\n<meta name=\"robots\" content=\"index, follow, max-snippet:-1, max-image-preview:large, max-video-preview:-1\" \/>\n<link rel=\"canonical\" href=\"https:\/\/tuunerstuudio.ee\/en\/toode\/borg-warner-efr-8374-turbokott\/\" \/>\n<meta property=\"og:locale\" content=\"en_US\" \/>\n<meta property=\"og:type\" content=\"article\" \/>\n<meta property=\"og:title\" content=\"(Eesti) Borg Warner EFR 8374 turbokott - TuunerStuudio\" \/>\n<meta property=\"og:description\" content=\"(Eesti) Funk Motorsport turbokott aitab v\u00e4hendada liigset kuumust mootoriruumis, parandades elektroonika t\u00f6\u00f6kindlust ja jahutusvedeliku, k\u00fctuse ja \u00f5li temperatuuri.  Vastupidavus: Funk Motorsport turbokott on turu k\u00f5ige t\u00f6\u00f6kindlam ja vastupidavam t\u00e4nu spetsiaalselt v\u00e4lja t\u00f6\u00f6tatud konstruktsioonile, mis peab vastu temperatuuridele \u00fcle 1300\u00b0C.  Kulumiskindel niit: Tulekindel roostevaba terase niit, mille l\u00e4bim\u00f5\u00f5t on umbes 1mm, tagab turbokoti vastupidavuse ka regulaasrsete hoolduste k\u00e4igus eemaldamisel.  Paksem soojusisolatsioon: Sisemine soojust isoleeriv kiht on kuni kolm korda efektiivsem kuumuse v\u00e4hendamises. Isolatsioon on valmistatud keraamilisest silikaatmattidest, mis pikendab vastupidavust k\u00f5rgetel temperatuuridel.  Neljakihiline konstruktsioon: See t\u00e4iustatud konstruktsioon pakub turbokotile suuremat t\u00f6\u00f6kindlust ja vastupidavust.  V\u00e4listkihit s\u00fcsinikkiud ja titaankiud: See annab turbokotile esteetilise v\u00e4limuse ja vastupidavama viimistluse.  ROHS sertifikaat: Funk Motorsport turbo kate on ROHS testitud ja heaks kiidetud, tagades kvaliteedi ja vastavuse n\u00f5uetele.\" \/>\n<meta property=\"og:url\" content=\"https:\/\/tuunerstuudio.ee\/en\/toode\/borg-warner-efr-8374-turbokott\/\" \/>\n<meta property=\"og:site_name\" content=\"TuunerStuudio\" \/>\n<meta property=\"article:modified_time\" content=\"2024-10-31T12:39:29+00:00\" \/>\n<meta property=\"og:image\" content=\"https:\/\/tuunerstuudio.ee\/wp-content\/uploads\/2024\/10\/efr_6258_1_edit-1.jpg\" \/>\n\t<meta property=\"og:image:width\" content=\"800\" \/>\n\t<meta property=\"og:image:height\" content=\"800\" \/>\n\t<meta property=\"og:image:type\" content=\"image\/jpeg\" \/>\n<meta name=\"twitter:card\" content=\"summary_large_image\" \/>\n<meta name=\"twitter:label1\" content=\"Est. reading time\" \/>\n\t<meta name=\"twitter:data1\" content=\"1 minute\" \/>\n<script type=\"application\/ld+json\" class=\"yoast-schema-graph\">{\"@context\":\"https:\/\/schema.org\",\"@graph\":[{\"@type\":\"WebPage\",\"@id\":\"https:\/\/tuunerstuudio.ee\/en\/toode\/borg-warner-efr-8374-turbokott\/\",\"url\":\"https:\/\/tuunerstuudio.ee\/en\/toode\/borg-warner-efr-8374-turbokott\/\",\"name\":\"(Eesti) Borg Warner EFR 8374 turbokott - TuunerStuudio\",\"isPartOf\":{\"@id\":\"https:\/\/tuunerstuudio.ee\/en\/#website\"},\"primaryImageOfPage\":{\"@id\":\"https:\/\/tuunerstuudio.ee\/en\/toode\/borg-warner-efr-8374-turbokott\/#primaryimage\"},\"image\":{\"@id\":\"https:\/\/tuunerstuudio.ee\/toode\/borg-warner-efr-8374-turbokott\/#primaryimage\"},\"thumbnailUrl\":\"https:\/\/tuunerstuudio.ee\/wp-content\/uploads\/2024\/10\/efr_6258_1_edit-1.jpg\",\"datePublished\":\"2024-10-31T09:08:38+00:00\",\"dateModified\":\"2024-10-31T12:39:29+00:00\",\"breadcrumb\":{\"@id\":\"https:\/\/tuunerstuudio.ee\/en\/toode\/borg-warner-efr-8374-turbokott\/#breadcrumb\"},\"inLanguage\":\"en-US\",\"potentialAction\":[{\"@type\":\"ReadAction\",\"target\":[[\"https:\/\/tuunerstuudio.ee\/en\/toode\/borg-warner-efr-8374-turbokott\/\"]]}]},{\"@type\":\"ImageObject\",\"inLanguage\":\"en-US\",\"@id\":\"https:\/\/tuunerstuudio.ee\/en\/toode\/borg-warner-efr-8374-turbokott\/#primaryimage\",\"url\":\"https:\/\/tuunerstuudio.ee\/wp-content\/uploads\/2024\/10\/efr_6258_1_edit-1.jpg\",\"contentUrl\":\"https:\/\/tuunerstuudio.ee\/wp-content\/uploads\/2024\/10\/efr_6258_1_edit-1.jpg\",\"width\":800,\"height\":800},{\"@type\":\"BreadcrumbList\",\"@id\":\"https:\/\/tuunerstuudio.ee\/en\/toode\/borg-warner-efr-8374-turbokott\/#breadcrumb\",\"itemListElement\":[{\"@type\":\"ListItem\",\"position\":1,\"name\":\"Home\",\"item\":\"https:\/\/tuunerstuudio.ee\/en\/\"},{\"@type\":\"ListItem\",\"position\":2,\"name\":\"Tooted\",\"item\":\"https:\/\/www.tuunerstuudio.ee\/tooted\/\"},{\"@type\":\"ListItem\",\"position\":3,\"name\":\"Borg Warner EFR 8374 turbokott\"}]},{\"@type\":\"WebSite\",\"@id\":\"https:\/\/tuunerstuudio.ee\/en\/#website\",\"url\":\"https:\/\/tuunerstuudio.ee\/en\/\",\"name\":\"tuunerstuudio\",\"description\":\"\",\"potentialAction\":[{\"@type\":\"SearchAction\",\"target\":{\"@type\":\"EntryPoint\",\"urlTemplate\":\"https:\/\/tuunerstuudio.ee\/en\/?s={search_term_string}\"},\"query-input\":{\"@type\":\"PropertyValueSpecification\",\"valueRequired\":true,\"valueName\":\"search_term_string\"}}],\"inLanguage\":\"en-US\"}]}<\/script>\n<!-- \/ Yoast SEO plugin. -->","yoast_head_json":{"title":"(Eesti) Borg Warner EFR 8374 turbokott - TuunerStuudio","robots":{"index":"index","follow":"follow","max-snippet":"max-snippet:-1","max-image-preview":"max-image-preview:large","max-video-preview":"max-video-preview:-1"},"canonical":"https:\/\/tuunerstuudio.ee\/en\/toode\/borg-warner-efr-8374-turbokott\/","og_locale":"en_US","og_type":"article","og_title":"(Eesti) Borg Warner EFR 8374 turbokott - TuunerStuudio","og_description":"(Eesti) Funk Motorsport turbokott aitab v\u00e4hendada liigset kuumust mootoriruumis, parandades elektroonika t\u00f6\u00f6kindlust ja jahutusvedeliku, k\u00fctuse ja \u00f5li temperatuuri.  Vastupidavus: Funk Motorsport turbokott on turu k\u00f5ige t\u00f6\u00f6kindlam ja vastupidavam t\u00e4nu spetsiaalselt v\u00e4lja t\u00f6\u00f6tatud konstruktsioonile, mis peab vastu temperatuuridele \u00fcle 1300\u00b0C.  Kulumiskindel niit: Tulekindel roostevaba terase niit, mille l\u00e4bim\u00f5\u00f5t on umbes 1mm, tagab turbokoti vastupidavuse ka regulaasrsete hoolduste k\u00e4igus eemaldamisel.  Paksem soojusisolatsioon: Sisemine soojust isoleeriv kiht on kuni kolm korda efektiivsem kuumuse v\u00e4hendamises. Isolatsioon on valmistatud keraamilisest silikaatmattidest, mis pikendab vastupidavust k\u00f5rgetel temperatuuridel.  Neljakihiline konstruktsioon: See t\u00e4iustatud konstruktsioon pakub turbokotile suuremat t\u00f6\u00f6kindlust ja vastupidavust.  V\u00e4listkihit s\u00fcsinikkiud ja titaankiud: See annab turbokotile esteetilise v\u00e4limuse ja vastupidavama viimistluse.  ROHS sertifikaat: Funk Motorsport turbo kate on ROHS testitud ja heaks kiidetud, tagades kvaliteedi ja vastavuse n\u00f5uetele.","og_url":"https:\/\/tuunerstuudio.ee\/en\/toode\/borg-warner-efr-8374-turbokott\/","og_site_name":"TuunerStuudio","article_modified_time":"2024-10-31T12:39:29+00:00","og_image":[{"width":800,"height":800,"url":"https:\/\/tuunerstuudio.ee\/wp-content\/uploads\/2024\/10\/efr_6258_1_edit-1.jpg","type":"image\/jpeg"}],"twitter_card":"summary_large_image","twitter_misc":{"Est. reading time":"1 minute"},"schema":{"@context":"https:\/\/schema.org","@graph":[{"@type":"WebPage","@id":"https:\/\/tuunerstuudio.ee\/en\/toode\/borg-warner-efr-8374-turbokott\/","url":"https:\/\/tuunerstuudio.ee\/en\/toode\/borg-warner-efr-8374-turbokott\/","name":"(Eesti) Borg Warner EFR 8374 turbokott - TuunerStuudio","isPartOf":{"@id":"https:\/\/tuunerstuudio.ee\/en\/#website"},"primaryImageOfPage":{"@id":"https:\/\/tuunerstuudio.ee\/en\/toode\/borg-warner-efr-8374-turbokott\/#primaryimage"},"image":{"@id":"https:\/\/tuunerstuudio.ee\/toode\/borg-warner-efr-8374-turbokott\/#primaryimage"},"thumbnailUrl":"https:\/\/tuunerstuudio.ee\/wp-content\/uploads\/2024\/10\/efr_6258_1_edit-1.jpg","datePublished":"2024-10-31T09:08:38+00:00","dateModified":"2024-10-31T12:39:29+00:00","breadcrumb":{"@id":"https:\/\/tuunerstuudio.ee\/en\/toode\/borg-warner-efr-8374-turbokott\/#breadcrumb"},"inLanguage":"en-US","potentialAction":[{"@type":"ReadAction","target":[["https:\/\/tuunerstuudio.ee\/en\/toode\/borg-warner-efr-8374-turbokott\/"]]}]},{"@type":"ImageObject","inLanguage":"en-US","@id":"https:\/\/tuunerstuudio.ee\/en\/toode\/borg-warner-efr-8374-turbokott\/#primaryimage","url":"https:\/\/tuunerstuudio.ee\/wp-content\/uploads\/2024\/10\/efr_6258_1_edit-1.jpg","contentUrl":"https:\/\/tuunerstuudio.ee\/wp-content\/uploads\/2024\/10\/efr_6258_1_edit-1.jpg","width":800,"height":800},{"@type":"BreadcrumbList","@id":"https:\/\/tuunerstuudio.ee\/en\/toode\/borg-warner-efr-8374-turbokott\/#breadcrumb","itemListElement":[{"@type":"ListItem","position":1,"name":"Home","item":"https:\/\/tuunerstuudio.ee\/en\/"},{"@type":"ListItem","position":2,"name":"Tooted","item":"https:\/\/www.tuunerstuudio.ee\/tooted\/"},{"@type":"ListItem","position":3,"name":"Borg Warner EFR 8374 turbokott"}]},{"@type":"WebSite","@id":"https:\/\/tuunerstuudio.ee\/en\/#website","url":"https:\/\/tuunerstuudio.ee\/en\/","name":"tuunerstuudio","description":"","potentialAction":[{"@type":"SearchAction","target":{"@type":"EntryPoint","urlTemplate":"https:\/\/tuunerstuudio.ee\/en\/?s={search_term_string}"},"query-input":{"@type":"PropertyValueSpecification","valueRequired":true,"valueName":"search_term_string"}}],"inLanguage":"en-US"}]}},"_links":{"self":[{"href":"https:\/\/tuunerstuudio.ee\/en\/wp-json\/wp\/v2\/product\/18829","targetHints":{"allow":["GET"]}}],"collection":[{"href":"https:\/\/tuunerstuudio.ee\/en\/wp-json\/wp\/v2\/product"}],"about":[{"href":"https:\/\/tuunerstuudio.ee\/en\/wp-json\/wp\/v2\/types\/product"}],"replies":[{"embeddable":true,"href":"https:\/\/tuunerstuudio.ee\/en\/wp-json\/wp\/v2\/comments?post=18829"}],"wp:featuredmedia":[{"embeddable":true,"href":"https:\/\/tuunerstuudio.ee\/en\/wp-json\/wp\/v2\/media\/18830"}],"wp:attachment":[{"href":"https:\/\/tuunerstuudio.ee\/en\/wp-json\/wp\/v2\/media?parent=18829"}],"wp:term":[{"taxonomy":"product_brand","embeddable":true,"href":"https:\/\/tuunerstuudio.ee\/en\/wp-json\/wp\/v2\/product_brand?post=18829"},{"taxonomy":"product_cat","embeddable":true,"href":"https:\/\/tuunerstuudio.ee\/en\/wp-json\/wp\/v2\/product_cat?post=18829"},{"taxonomy":"product_tag","embeddable":true,"href":"https:\/\/tuunerstuudio.ee\/en\/wp-json\/wp\/v2\/product_tag?post=18829"}],"curies":[{"name":"wp","href":"https:\/\/api.w.org\/{rel}","templated":true}]}}