{"id":1424,"date":"2024-10-11T14:05:22","date_gmt":"2024-10-11T11:05:22","guid":{"rendered":"https:\/\/tuunerstuudio.ee\/uuswp\/?post_type=product&#038;p=1424"},"modified":"2024-11-11T14:28:02","modified_gmt":"2024-11-11T12:28:02","slug":"an6-90-isane-isane-vooliku-liitmik","status":"publish","type":"product","link":"https:\/\/tuunerstuudio.ee\/en\/toode\/an6-90-isane-isane-vooliku-liitmik\/","title":{"rendered":"AN6 90&#8242; isane-isane vooliku liitmik"},"content":{"rendered":"<p><img loading=\"lazy\" decoding=\"async\" class=\" wd-lazy-fade alignnone size-medium wp-image-33035\" src=\"https:\/\/tuunerstuudio.ee\/wp-content\/themes\/tuunerstuudio5\/images\/lazy.svg\" data-src=\"https:\/\/tuunerstuudio.ee\/wp-content\/uploads\/2023\/05\/an4-90-nypel-adapter-mesko-meski-jic-niebieski_2-300x300.jpg\" alt=\"\" width=\"300\" height=\"300\" \/> <img loading=\"lazy\" decoding=\"async\" class=\" wd-lazy-fade alignnone size-medium wp-image-33034\" src=\"https:\/\/tuunerstuudio.ee\/wp-content\/themes\/tuunerstuudio5\/images\/lazy.svg\" data-src=\"https:\/\/tuunerstuudio.ee\/wp-content\/uploads\/2023\/05\/an4-90-nypel-adapter-mesko-meski-jic-czarny_2-300x300.jpg\" alt=\"\" width=\"300\" height=\"300\" \/><\/p>\n","protected":false},"excerpt":{"rendered":"<ul>\n<li>K\u00fctus, \u00f5li, m\u00e4\u00e4rdes\u00fcsteemid jne.<\/li>\n<li>M\u00f5lemad v\u00e4liskeermed\u00a0AN6 (9\/16&#8243; UNF)<\/li>\n<li>Kerge, vastupidav alumiiniumsulam<\/li>\n<li>Kvaliteetne anodeerimine vastupidavuse ja tugevuse tagamiseks<\/li>\n<li>V\u00e4rvus: sinine v\u00f5i must<\/li>\n<\/ul>\n","protected":false},"featured_media":1532,"comment_status":"closed","ping_status":"closed","template":"","meta":[],"product_brand":[],"product_cat":[83,111,116],"product_tag":[],"class_list":{"0":"post-1424","1":"product","2":"type-product","3":"status-publish","4":"has-post-thumbnail","6":"product_cat-an-liited","7":"product_cat-liitmikud","8":"product_cat-90-liitmikud","10":"first","11":"onbackorder","12":"taxable","13":"shipping-taxable","14":"purchasable","15":"product-type-variable"},"yoast_head":"<!-- This site is optimized with the Yoast SEO plugin v26.9 - https:\/\/yoast.com\/product\/yoast-seo-wordpress\/ -->\n<title>AN6 90&#039; isane-isane vooliku liitmik - TuunerStuudio<\/title>\n<meta name=\"robots\" content=\"index, follow, max-snippet:-1, max-image-preview:large, max-video-preview:-1\" \/>\n<link rel=\"canonical\" href=\"https:\/\/tuunerstuudio.ee\/en\/toode\/an6-90-isane-isane-vooliku-liitmik\/\" \/>\n<meta property=\"og:locale\" content=\"en_US\" \/>\n<meta property=\"og:type\" content=\"article\" \/>\n<meta property=\"og:title\" content=\"AN6 90&#039; isane-isane vooliku liitmik - TuunerStuudio\" \/>\n<meta property=\"og:description\" content=\"K\u00fctus, \u00f5li, m\u00e4\u00e4rdes\u00fcsteemid jne.  M\u00f5lemad v\u00e4liskeermed\u00a0AN6 (9\/16&quot; UNF)  Kerge, vastupidav alumiiniumsulam  Kvaliteetne anodeerimine vastupidavuse ja tugevuse tagamiseks  V\u00e4rvus: sinine v\u00f5i must\" \/>\n<meta property=\"og:url\" content=\"https:\/\/tuunerstuudio.ee\/en\/toode\/an6-90-isane-isane-vooliku-liitmik\/\" \/>\n<meta property=\"og:site_name\" content=\"TuunerStuudio\" \/>\n<meta property=\"article:modified_time\" content=\"2024-11-11T12:28:02+00:00\" \/>\n<meta property=\"og:image\" content=\"https:\/\/tuunerstuudio.ee\/wp-content\/uploads\/2024\/10\/an4-90-nypel-adapter-mesko-meski-jic-czarny_2.jpg\" \/>\n\t<meta property=\"og:image:width\" content=\"700\" \/>\n\t<meta property=\"og:image:height\" content=\"700\" \/>\n\t<meta property=\"og:image:type\" content=\"image\/jpeg\" \/>\n<meta name=\"twitter:card\" content=\"summary_large_image\" \/>\n<meta name=\"twitter:label1\" content=\"Est. reading time\" \/>\n\t<meta name=\"twitter:data1\" content=\"1 minute\" \/>\n<script type=\"application\/ld+json\" class=\"yoast-schema-graph\">{\"@context\":\"https:\/\/schema.org\",\"@graph\":[{\"@type\":\"WebPage\",\"@id\":\"https:\/\/tuunerstuudio.ee\/en\/toode\/an6-90-isane-isane-vooliku-liitmik\/\",\"url\":\"https:\/\/tuunerstuudio.ee\/en\/toode\/an6-90-isane-isane-vooliku-liitmik\/\",\"name\":\"AN6 90' isane-isane vooliku liitmik - TuunerStuudio\",\"isPartOf\":{\"@id\":\"https:\/\/tuunerstuudio.ee\/en\/#website\"},\"primaryImageOfPage\":{\"@id\":\"https:\/\/tuunerstuudio.ee\/en\/toode\/an6-90-isane-isane-vooliku-liitmik\/#primaryimage\"},\"image\":{\"@id\":\"https:\/\/tuunerstuudio.ee\/toode\/an6-90-isane-isane-vooliku-liitmik\/#primaryimage\"},\"thumbnailUrl\":\"https:\/\/tuunerstuudio.ee\/wp-content\/uploads\/2024\/10\/an4-90-nypel-adapter-mesko-meski-jic-czarny_2.jpg\",\"datePublished\":\"2024-10-11T11:05:22+00:00\",\"dateModified\":\"2024-11-11T12:28:02+00:00\",\"breadcrumb\":{\"@id\":\"https:\/\/tuunerstuudio.ee\/en\/toode\/an6-90-isane-isane-vooliku-liitmik\/#breadcrumb\"},\"inLanguage\":\"en-US\",\"potentialAction\":[{\"@type\":\"ReadAction\",\"target\":[[\"https:\/\/tuunerstuudio.ee\/en\/toode\/an6-90-isane-isane-vooliku-liitmik\/\"]]}]},{\"@type\":\"ImageObject\",\"inLanguage\":\"en-US\",\"@id\":\"https:\/\/tuunerstuudio.ee\/en\/toode\/an6-90-isane-isane-vooliku-liitmik\/#primaryimage\",\"url\":\"https:\/\/tuunerstuudio.ee\/wp-content\/uploads\/2024\/10\/an4-90-nypel-adapter-mesko-meski-jic-czarny_2.jpg\",\"contentUrl\":\"https:\/\/tuunerstuudio.ee\/wp-content\/uploads\/2024\/10\/an4-90-nypel-adapter-mesko-meski-jic-czarny_2.jpg\",\"width\":700,\"height\":700},{\"@type\":\"BreadcrumbList\",\"@id\":\"https:\/\/tuunerstuudio.ee\/en\/toode\/an6-90-isane-isane-vooliku-liitmik\/#breadcrumb\",\"itemListElement\":[{\"@type\":\"ListItem\",\"position\":1,\"name\":\"Home\",\"item\":\"https:\/\/tuunerstuudio.ee\/en\/\"},{\"@type\":\"ListItem\",\"position\":2,\"name\":\"Tooted\",\"item\":\"https:\/\/www.tuunerstuudio.ee\/tooted\/\"},{\"@type\":\"ListItem\",\"position\":3,\"name\":\"AN6 90&#8242; isane-isane vooliku liitmik\"}]},{\"@type\":\"WebSite\",\"@id\":\"https:\/\/tuunerstuudio.ee\/en\/#website\",\"url\":\"https:\/\/tuunerstuudio.ee\/en\/\",\"name\":\"tuunerstuudio\",\"description\":\"\",\"potentialAction\":[{\"@type\":\"SearchAction\",\"target\":{\"@type\":\"EntryPoint\",\"urlTemplate\":\"https:\/\/tuunerstuudio.ee\/en\/?s={search_term_string}\"},\"query-input\":{\"@type\":\"PropertyValueSpecification\",\"valueRequired\":true,\"valueName\":\"search_term_string\"}}],\"inLanguage\":\"en-US\"}]}<\/script>\n<!-- \/ Yoast SEO plugin. -->","yoast_head_json":{"title":"AN6 90' isane-isane vooliku liitmik - TuunerStuudio","robots":{"index":"index","follow":"follow","max-snippet":"max-snippet:-1","max-image-preview":"max-image-preview:large","max-video-preview":"max-video-preview:-1"},"canonical":"https:\/\/tuunerstuudio.ee\/en\/toode\/an6-90-isane-isane-vooliku-liitmik\/","og_locale":"en_US","og_type":"article","og_title":"AN6 90' isane-isane vooliku liitmik - TuunerStuudio","og_description":"K\u00fctus, \u00f5li, m\u00e4\u00e4rdes\u00fcsteemid jne.  M\u00f5lemad v\u00e4liskeermed\u00a0AN6 (9\/16\" UNF)  Kerge, vastupidav alumiiniumsulam  Kvaliteetne anodeerimine vastupidavuse ja tugevuse tagamiseks  V\u00e4rvus: sinine v\u00f5i must","og_url":"https:\/\/tuunerstuudio.ee\/en\/toode\/an6-90-isane-isane-vooliku-liitmik\/","og_site_name":"TuunerStuudio","article_modified_time":"2024-11-11T12:28:02+00:00","og_image":[{"width":700,"height":700,"url":"https:\/\/tuunerstuudio.ee\/wp-content\/uploads\/2024\/10\/an4-90-nypel-adapter-mesko-meski-jic-czarny_2.jpg","type":"image\/jpeg"}],"twitter_card":"summary_large_image","twitter_misc":{"Est. reading time":"1 minute"},"schema":{"@context":"https:\/\/schema.org","@graph":[{"@type":"WebPage","@id":"https:\/\/tuunerstuudio.ee\/en\/toode\/an6-90-isane-isane-vooliku-liitmik\/","url":"https:\/\/tuunerstuudio.ee\/en\/toode\/an6-90-isane-isane-vooliku-liitmik\/","name":"AN6 90' isane-isane vooliku liitmik - TuunerStuudio","isPartOf":{"@id":"https:\/\/tuunerstuudio.ee\/en\/#website"},"primaryImageOfPage":{"@id":"https:\/\/tuunerstuudio.ee\/en\/toode\/an6-90-isane-isane-vooliku-liitmik\/#primaryimage"},"image":{"@id":"https:\/\/tuunerstuudio.ee\/toode\/an6-90-isane-isane-vooliku-liitmik\/#primaryimage"},"thumbnailUrl":"https:\/\/tuunerstuudio.ee\/wp-content\/uploads\/2024\/10\/an4-90-nypel-adapter-mesko-meski-jic-czarny_2.jpg","datePublished":"2024-10-11T11:05:22+00:00","dateModified":"2024-11-11T12:28:02+00:00","breadcrumb":{"@id":"https:\/\/tuunerstuudio.ee\/en\/toode\/an6-90-isane-isane-vooliku-liitmik\/#breadcrumb"},"inLanguage":"en-US","potentialAction":[{"@type":"ReadAction","target":[["https:\/\/tuunerstuudio.ee\/en\/toode\/an6-90-isane-isane-vooliku-liitmik\/"]]}]},{"@type":"ImageObject","inLanguage":"en-US","@id":"https:\/\/tuunerstuudio.ee\/en\/toode\/an6-90-isane-isane-vooliku-liitmik\/#primaryimage","url":"https:\/\/tuunerstuudio.ee\/wp-content\/uploads\/2024\/10\/an4-90-nypel-adapter-mesko-meski-jic-czarny_2.jpg","contentUrl":"https:\/\/tuunerstuudio.ee\/wp-content\/uploads\/2024\/10\/an4-90-nypel-adapter-mesko-meski-jic-czarny_2.jpg","width":700,"height":700},{"@type":"BreadcrumbList","@id":"https:\/\/tuunerstuudio.ee\/en\/toode\/an6-90-isane-isane-vooliku-liitmik\/#breadcrumb","itemListElement":[{"@type":"ListItem","position":1,"name":"Home","item":"https:\/\/tuunerstuudio.ee\/en\/"},{"@type":"ListItem","position":2,"name":"Tooted","item":"https:\/\/www.tuunerstuudio.ee\/tooted\/"},{"@type":"ListItem","position":3,"name":"AN6 90&#8242; isane-isane vooliku liitmik"}]},{"@type":"WebSite","@id":"https:\/\/tuunerstuudio.ee\/en\/#website","url":"https:\/\/tuunerstuudio.ee\/en\/","name":"tuunerstuudio","description":"","potentialAction":[{"@type":"SearchAction","target":{"@type":"EntryPoint","urlTemplate":"https:\/\/tuunerstuudio.ee\/en\/?s={search_term_string}"},"query-input":{"@type":"PropertyValueSpecification","valueRequired":true,"valueName":"search_term_string"}}],"inLanguage":"en-US"}]}},"_links":{"self":[{"href":"https:\/\/tuunerstuudio.ee\/en\/wp-json\/wp\/v2\/product\/1424","targetHints":{"allow":["GET"]}}],"collection":[{"href":"https:\/\/tuunerstuudio.ee\/en\/wp-json\/wp\/v2\/product"}],"about":[{"href":"https:\/\/tuunerstuudio.ee\/en\/wp-json\/wp\/v2\/types\/product"}],"replies":[{"embeddable":true,"href":"https:\/\/tuunerstuudio.ee\/en\/wp-json\/wp\/v2\/comments?post=1424"}],"wp:featuredmedia":[{"embeddable":true,"href":"https:\/\/tuunerstuudio.ee\/en\/wp-json\/wp\/v2\/media\/1532"}],"wp:attachment":[{"href":"https:\/\/tuunerstuudio.ee\/en\/wp-json\/wp\/v2\/media?parent=1424"}],"wp:term":[{"taxonomy":"product_brand","embeddable":true,"href":"https:\/\/tuunerstuudio.ee\/en\/wp-json\/wp\/v2\/product_brand?post=1424"},{"taxonomy":"product_cat","embeddable":true,"href":"https:\/\/tuunerstuudio.ee\/en\/wp-json\/wp\/v2\/product_cat?post=1424"},{"taxonomy":"product_tag","embeddable":true,"href":"https:\/\/tuunerstuudio.ee\/en\/wp-json\/wp\/v2\/product_tag?post=1424"}],"curies":[{"name":"wp","href":"https:\/\/api.w.org\/{rel}","templated":true}]}}