{"id":13319,"date":"2024-10-11T15:23:04","date_gmt":"2024-10-11T12:23:04","guid":{"rendered":"https:\/\/tuunerstuudio.ee\/uuswp\/?post_type=product&#038;p=13319"},"modified":"2024-10-11T15:23:09","modified_gmt":"2024-10-11T12:23:09","slug":"obp-porandale-paigaldatav-pedalbox","status":"publish","type":"product","link":"https:\/\/tuunerstuudio.ee\/en\/toode\/obp-porandale-paigaldatav-pedalbox\/","title":{"rendered":"OBP p\u00f5randale paigaldatav pedalbox"},"content":{"rendered":"<p><a href=\"https:\/\/tuunerstuudio.ee\/wp-content\/uploads\/2024\/07\/OBPVIC01_2.jpg\"><img loading=\"lazy\" decoding=\"async\" class=\" wd-lazy-fade alignnone size-medium wp-image-28060\" src=\"https:\/\/tuunerstuudio.ee\/wp-content\/themes\/tuunerstuudio5\/images\/lazy.svg\" data-src=\"https:\/\/tuunerstuudio.ee\/wp-content\/uploads\/2024\/07\/OBPVIC01_2-300x200.jpg\" alt=\"\" width=\"300\" height=\"200\" \/><\/a> <a href=\"https:\/\/tuunerstuudio.ee\/wp-content\/uploads\/2024\/07\/Pedal-box-OBPVIC01.jpg\"><img loading=\"lazy\" decoding=\"async\" class=\" wd-lazy-fade alignnone size-medium wp-image-28059\" src=\"https:\/\/tuunerstuudio.ee\/wp-content\/themes\/tuunerstuudio5\/images\/lazy.svg\" data-src=\"https:\/\/tuunerstuudio.ee\/wp-content\/uploads\/2024\/07\/Pedal-box-OBPVIC01-300x194.jpg\" alt=\"\" width=\"300\" height=\"194\" \/><\/a><\/p>\n","protected":false},"excerpt":{"rendered":"<ul>\n<li>Pedaalide ratio: 5.1<\/li>\n<li>Kaal (kg): 2,8<\/li>\n<li>K\u00f5rgus (cm): 27,5<\/li>\n<li>Laius (cm): 28,5<\/li>\n<li>S\u00fcgavus (cm): 14<\/li>\n<li>Ergonoomiline disain<\/li>\n<li>Reguleeritav siduri stop<\/li>\n<\/ul>\n<p>&nbsp;<\/p>\n","protected":false},"featured_media":13349,"comment_status":"closed","ping_status":"closed","template":"","meta":[],"product_brand":[],"product_cat":[47,156,781],"product_tag":[],"class_list":{"0":"post-13319","1":"product","2":"type-product","3":"status-publish","4":"has-post-thumbnail","6":"product_cat-pidurid","7":"product_cat-pedalboxid","8":"product_cat-porandale-paigaldatav","10":"first","11":"onbackorder","12":"taxable","13":"shipping-taxable","14":"purchasable","15":"product-type-simple"},"yoast_head":"<!-- This site is optimized with the Yoast SEO plugin v26.9 - https:\/\/yoast.com\/product\/yoast-seo-wordpress\/ -->\n<title>OBP p\u00f5randale paigaldatav pedalbox - TuunerStuudio<\/title>\n<meta name=\"robots\" content=\"index, follow, max-snippet:-1, max-image-preview:large, max-video-preview:-1\" \/>\n<link rel=\"canonical\" href=\"https:\/\/tuunerstuudio.ee\/en\/toode\/obp-porandale-paigaldatav-pedalbox\/\" \/>\n<meta property=\"og:locale\" content=\"en_US\" \/>\n<meta property=\"og:type\" content=\"article\" \/>\n<meta property=\"og:title\" content=\"OBP p\u00f5randale paigaldatav pedalbox - TuunerStuudio\" \/>\n<meta property=\"og:description\" content=\"Pedaalide ratio: 5.1  Kaal (kg): 2,8  K\u00f5rgus (cm): 27,5  Laius (cm): 28,5  S\u00fcgavus (cm): 14  Ergonoomiline disain  Reguleeritav siduri stop  &nbsp;\" \/>\n<meta property=\"og:url\" content=\"https:\/\/tuunerstuudio.ee\/en\/toode\/obp-porandale-paigaldatav-pedalbox\/\" \/>\n<meta property=\"og:site_name\" content=\"TuunerStuudio\" \/>\n<meta property=\"article:modified_time\" content=\"2024-10-11T12:23:09+00:00\" \/>\n<meta property=\"og:image\" content=\"https:\/\/tuunerstuudio.ee\/wp-content\/uploads\/2024\/10\/OBPVIC01_1.jpg\" \/>\n\t<meta property=\"og:image:width\" content=\"1018\" \/>\n\t<meta property=\"og:image:height\" content=\"787\" \/>\n\t<meta property=\"og:image:type\" content=\"image\/jpeg\" \/>\n<meta name=\"twitter:card\" content=\"summary_large_image\" \/>\n<meta name=\"twitter:label1\" content=\"Est. reading time\" \/>\n\t<meta name=\"twitter:data1\" content=\"1 minute\" \/>\n<script type=\"application\/ld+json\" class=\"yoast-schema-graph\">{\"@context\":\"https:\/\/schema.org\",\"@graph\":[{\"@type\":\"WebPage\",\"@id\":\"https:\/\/tuunerstuudio.ee\/en\/toode\/obp-porandale-paigaldatav-pedalbox\/\",\"url\":\"https:\/\/tuunerstuudio.ee\/en\/toode\/obp-porandale-paigaldatav-pedalbox\/\",\"name\":\"OBP p\u00f5randale paigaldatav pedalbox - TuunerStuudio\",\"isPartOf\":{\"@id\":\"https:\/\/tuunerstuudio.ee\/en\/#website\"},\"primaryImageOfPage\":{\"@id\":\"https:\/\/tuunerstuudio.ee\/en\/toode\/obp-porandale-paigaldatav-pedalbox\/#primaryimage\"},\"image\":{\"@id\":\"https:\/\/tuunerstuudio.ee\/toode\/obp-porandale-paigaldatav-pedalbox\/#primaryimage\"},\"thumbnailUrl\":\"https:\/\/tuunerstuudio.ee\/wp-content\/uploads\/2024\/10\/OBPVIC01_1.jpg\",\"datePublished\":\"2024-10-11T12:23:04+00:00\",\"dateModified\":\"2024-10-11T12:23:09+00:00\",\"breadcrumb\":{\"@id\":\"https:\/\/tuunerstuudio.ee\/en\/toode\/obp-porandale-paigaldatav-pedalbox\/#breadcrumb\"},\"inLanguage\":\"en-US\",\"potentialAction\":[{\"@type\":\"ReadAction\",\"target\":[[\"https:\/\/tuunerstuudio.ee\/en\/toode\/obp-porandale-paigaldatav-pedalbox\/\"]]}]},{\"@type\":\"ImageObject\",\"inLanguage\":\"en-US\",\"@id\":\"https:\/\/tuunerstuudio.ee\/en\/toode\/obp-porandale-paigaldatav-pedalbox\/#primaryimage\",\"url\":\"https:\/\/tuunerstuudio.ee\/wp-content\/uploads\/2024\/10\/OBPVIC01_1.jpg\",\"contentUrl\":\"https:\/\/tuunerstuudio.ee\/wp-content\/uploads\/2024\/10\/OBPVIC01_1.jpg\",\"width\":1018,\"height\":787},{\"@type\":\"BreadcrumbList\",\"@id\":\"https:\/\/tuunerstuudio.ee\/en\/toode\/obp-porandale-paigaldatav-pedalbox\/#breadcrumb\",\"itemListElement\":[{\"@type\":\"ListItem\",\"position\":1,\"name\":\"Home\",\"item\":\"https:\/\/tuunerstuudio.ee\/en\/\"},{\"@type\":\"ListItem\",\"position\":2,\"name\":\"Tooted\",\"item\":\"https:\/\/www.tuunerstuudio.ee\/tooted\/\"},{\"@type\":\"ListItem\",\"position\":3,\"name\":\"OBP p\u00f5randale paigaldatav pedalbox\"}]},{\"@type\":\"WebSite\",\"@id\":\"https:\/\/tuunerstuudio.ee\/en\/#website\",\"url\":\"https:\/\/tuunerstuudio.ee\/en\/\",\"name\":\"tuunerstuudio\",\"description\":\"\",\"potentialAction\":[{\"@type\":\"SearchAction\",\"target\":{\"@type\":\"EntryPoint\",\"urlTemplate\":\"https:\/\/tuunerstuudio.ee\/en\/?s={search_term_string}\"},\"query-input\":{\"@type\":\"PropertyValueSpecification\",\"valueRequired\":true,\"valueName\":\"search_term_string\"}}],\"inLanguage\":\"en-US\"}]}<\/script>\n<!-- \/ Yoast SEO plugin. -->","yoast_head_json":{"title":"OBP p\u00f5randale paigaldatav pedalbox - TuunerStuudio","robots":{"index":"index","follow":"follow","max-snippet":"max-snippet:-1","max-image-preview":"max-image-preview:large","max-video-preview":"max-video-preview:-1"},"canonical":"https:\/\/tuunerstuudio.ee\/en\/toode\/obp-porandale-paigaldatav-pedalbox\/","og_locale":"en_US","og_type":"article","og_title":"OBP p\u00f5randale paigaldatav pedalbox - TuunerStuudio","og_description":"Pedaalide ratio: 5.1  Kaal (kg): 2,8  K\u00f5rgus (cm): 27,5  Laius (cm): 28,5  S\u00fcgavus (cm): 14  Ergonoomiline disain  Reguleeritav siduri stop  &nbsp;","og_url":"https:\/\/tuunerstuudio.ee\/en\/toode\/obp-porandale-paigaldatav-pedalbox\/","og_site_name":"TuunerStuudio","article_modified_time":"2024-10-11T12:23:09+00:00","og_image":[{"width":1018,"height":787,"url":"https:\/\/tuunerstuudio.ee\/wp-content\/uploads\/2024\/10\/OBPVIC01_1.jpg","type":"image\/jpeg"}],"twitter_card":"summary_large_image","twitter_misc":{"Est. reading time":"1 minute"},"schema":{"@context":"https:\/\/schema.org","@graph":[{"@type":"WebPage","@id":"https:\/\/tuunerstuudio.ee\/en\/toode\/obp-porandale-paigaldatav-pedalbox\/","url":"https:\/\/tuunerstuudio.ee\/en\/toode\/obp-porandale-paigaldatav-pedalbox\/","name":"OBP p\u00f5randale paigaldatav pedalbox - TuunerStuudio","isPartOf":{"@id":"https:\/\/tuunerstuudio.ee\/en\/#website"},"primaryImageOfPage":{"@id":"https:\/\/tuunerstuudio.ee\/en\/toode\/obp-porandale-paigaldatav-pedalbox\/#primaryimage"},"image":{"@id":"https:\/\/tuunerstuudio.ee\/toode\/obp-porandale-paigaldatav-pedalbox\/#primaryimage"},"thumbnailUrl":"https:\/\/tuunerstuudio.ee\/wp-content\/uploads\/2024\/10\/OBPVIC01_1.jpg","datePublished":"2024-10-11T12:23:04+00:00","dateModified":"2024-10-11T12:23:09+00:00","breadcrumb":{"@id":"https:\/\/tuunerstuudio.ee\/en\/toode\/obp-porandale-paigaldatav-pedalbox\/#breadcrumb"},"inLanguage":"en-US","potentialAction":[{"@type":"ReadAction","target":[["https:\/\/tuunerstuudio.ee\/en\/toode\/obp-porandale-paigaldatav-pedalbox\/"]]}]},{"@type":"ImageObject","inLanguage":"en-US","@id":"https:\/\/tuunerstuudio.ee\/en\/toode\/obp-porandale-paigaldatav-pedalbox\/#primaryimage","url":"https:\/\/tuunerstuudio.ee\/wp-content\/uploads\/2024\/10\/OBPVIC01_1.jpg","contentUrl":"https:\/\/tuunerstuudio.ee\/wp-content\/uploads\/2024\/10\/OBPVIC01_1.jpg","width":1018,"height":787},{"@type":"BreadcrumbList","@id":"https:\/\/tuunerstuudio.ee\/en\/toode\/obp-porandale-paigaldatav-pedalbox\/#breadcrumb","itemListElement":[{"@type":"ListItem","position":1,"name":"Home","item":"https:\/\/tuunerstuudio.ee\/en\/"},{"@type":"ListItem","position":2,"name":"Tooted","item":"https:\/\/www.tuunerstuudio.ee\/tooted\/"},{"@type":"ListItem","position":3,"name":"OBP p\u00f5randale paigaldatav pedalbox"}]},{"@type":"WebSite","@id":"https:\/\/tuunerstuudio.ee\/en\/#website","url":"https:\/\/tuunerstuudio.ee\/en\/","name":"tuunerstuudio","description":"","potentialAction":[{"@type":"SearchAction","target":{"@type":"EntryPoint","urlTemplate":"https:\/\/tuunerstuudio.ee\/en\/?s={search_term_string}"},"query-input":{"@type":"PropertyValueSpecification","valueRequired":true,"valueName":"search_term_string"}}],"inLanguage":"en-US"}]}},"_links":{"self":[{"href":"https:\/\/tuunerstuudio.ee\/en\/wp-json\/wp\/v2\/product\/13319","targetHints":{"allow":["GET"]}}],"collection":[{"href":"https:\/\/tuunerstuudio.ee\/en\/wp-json\/wp\/v2\/product"}],"about":[{"href":"https:\/\/tuunerstuudio.ee\/en\/wp-json\/wp\/v2\/types\/product"}],"replies":[{"embeddable":true,"href":"https:\/\/tuunerstuudio.ee\/en\/wp-json\/wp\/v2\/comments?post=13319"}],"wp:featuredmedia":[{"embeddable":true,"href":"https:\/\/tuunerstuudio.ee\/en\/wp-json\/wp\/v2\/media\/13349"}],"wp:attachment":[{"href":"https:\/\/tuunerstuudio.ee\/en\/wp-json\/wp\/v2\/media?parent=13319"}],"wp:term":[{"taxonomy":"product_brand","embeddable":true,"href":"https:\/\/tuunerstuudio.ee\/en\/wp-json\/wp\/v2\/product_brand?post=13319"},{"taxonomy":"product_cat","embeddable":true,"href":"https:\/\/tuunerstuudio.ee\/en\/wp-json\/wp\/v2\/product_cat?post=13319"},{"taxonomy":"product_tag","embeddable":true,"href":"https:\/\/tuunerstuudio.ee\/en\/wp-json\/wp\/v2\/product_tag?post=13319"}],"curies":[{"name":"wp","href":"https:\/\/api.w.org\/{rel}","templated":true}]}}