{"id":13318,"date":"2024-10-11T15:23:04","date_gmt":"2024-10-11T12:23:04","guid":{"rendered":"https:\/\/tuunerstuudio.ee\/uuswp\/?post_type=product&#038;p=13318"},"modified":"2024-10-11T15:23:08","modified_gmt":"2024-10-11T12:23:08","slug":"obp-porandale-paigaldatav-gaasipedaal","status":"publish","type":"product","link":"https:\/\/tuunerstuudio.ee\/en\/toode\/obp-porandale-paigaldatav-gaasipedaal\/","title":{"rendered":"OBP p\u00f5randale paigaldatav gaasipedaal"},"content":{"rendered":"","protected":false},"excerpt":{"rendered":"<ul>\n<li id=\"tw-target-text\" class=\"tw-data-text tw-text-large tw-ta\" dir=\"ltr\" data-placeholder=\"T\u00f5lge\" aria-label=\"T\u00f5lgitud tekst\" data-ved=\"2ahUKEwj2mKnIwKiHAxUGDRAIHZKhCtQQ3ewLegQIBRAU\"><span class=\"Y2IQFc\" lang=\"et\">Paigalduskoht: P\u00f5randale paigaldatav\u00a0<\/span><\/li>\n<li class=\"tw-data-text tw-text-large tw-ta\" dir=\"ltr\" data-placeholder=\"T\u00f5lge\" aria-label=\"T\u00f5lgitud tekst\" data-ved=\"2ahUKEwj2mKnIwKiHAxUGDRAIHZKhCtQQ3ewLegQIBRAU\"><span class=\"Y2IQFc\" lang=\"et\"> Pedaalide vahekord: 4,9:1 kuni 5,24:1.<\/span><\/li>\n<li class=\"tw-data-text tw-text-large tw-ta\" dir=\"ltr\" data-placeholder=\"T\u00f5lge\" aria-label=\"T\u00f5lgitud tekst\" data-ved=\"2ahUKEwj2mKnIwKiHAxUGDRAIHZKhCtQQ3ewLegQIBRAU\"><span class=\"Y2IQFc\" lang=\"et\">Kaal: 0,7 kg <\/span><\/li>\n<\/ul>\n<p class=\"tw-data-text tw-text-large tw-ta\" dir=\"ltr\" data-placeholder=\"T\u00f5lge\" aria-label=\"T\u00f5lgitud tekst\" data-ved=\"2ahUKEwj2mKnIwKiHAxUGDRAIHZKhCtQQ3ewLegQIBRAU\"><span class=\"Y2IQFc\" lang=\"et\"><strong>Ligikaudsed m\u00f5\u00f5tmed:<\/strong> <\/span><\/p>\n<ul>\n<li class=\"tw-data-text tw-text-large tw-ta\" dir=\"ltr\" data-placeholder=\"T\u00f5lge\" aria-label=\"T\u00f5lgitud tekst\" data-ved=\"2ahUKEwj2mKnIwKiHAxUGDRAIHZKhCtQQ3ewLegQIBRAU\"><span class=\"Y2IQFc\" lang=\"et\">Laius 60mm <\/span><\/li>\n<li class=\"tw-data-text tw-text-large tw-ta\" dir=\"ltr\" data-placeholder=\"T\u00f5lge\" aria-label=\"T\u00f5lgitud tekst\" data-ved=\"2ahUKEwj2mKnIwKiHAxUGDRAIHZKhCtQQ3ewLegQIBRAU\"><span class=\"Y2IQFc\" lang=\"et\">Pedaali k\u00f5rgus 280 mm<\/span><\/li>\n<li class=\"tw-data-text tw-text-large tw-ta\" dir=\"ltr\" data-placeholder=\"T\u00f5lge\" aria-label=\"T\u00f5lgitud tekst\" data-ved=\"2ahUKEwj2mKnIwKiHAxUGDRAIHZKhCtQQ3ewLegQIBRAU\"><span class=\"Y2IQFc\" lang=\"et\">Kasti s\u00fcgavus 140 mm<\/span><\/li>\n<\/ul>\n","protected":false},"featured_media":13348,"comment_status":"closed","ping_status":"closed","template":"","meta":[],"product_brand":[],"product_cat":[47,156,781],"product_tag":[],"class_list":{"0":"post-13318","1":"product","2":"type-product","3":"status-publish","4":"has-post-thumbnail","6":"product_cat-pidurid","7":"product_cat-pedalboxid","8":"product_cat-porandale-paigaldatav","10":"first","11":"onbackorder","12":"taxable","13":"shipping-taxable","14":"purchasable","15":"product-type-simple"},"yoast_head":"<!-- This site is optimized with the Yoast SEO plugin v26.9 - https:\/\/yoast.com\/product\/yoast-seo-wordpress\/ -->\n<title>OBP p\u00f5randale paigaldatav gaasipedaal - TuunerStuudio<\/title>\n<meta name=\"robots\" content=\"index, follow, max-snippet:-1, max-image-preview:large, max-video-preview:-1\" \/>\n<link rel=\"canonical\" href=\"https:\/\/tuunerstuudio.ee\/en\/toode\/obp-porandale-paigaldatav-gaasipedaal\/\" \/>\n<meta property=\"og:locale\" content=\"en_US\" \/>\n<meta property=\"og:type\" content=\"article\" \/>\n<meta property=\"og:title\" content=\"OBP p\u00f5randale paigaldatav gaasipedaal - TuunerStuudio\" \/>\n<meta property=\"og:description\" content=\"Paigalduskoht: P\u00f5randale paigaldatav\u00a0   Pedaalide vahekord: 4,9:1 kuni 5,24:1.  Kaal: 0,7 kg   Ligikaudsed m\u00f5\u00f5tmed:     Laius 60mm   Pedaali k\u00f5rgus 280 mm  Kasti s\u00fcgavus 140 mm\" \/>\n<meta property=\"og:url\" content=\"https:\/\/tuunerstuudio.ee\/en\/toode\/obp-porandale-paigaldatav-gaasipedaal\/\" \/>\n<meta property=\"og:site_name\" content=\"TuunerStuudio\" \/>\n<meta property=\"article:modified_time\" content=\"2024-10-11T12:23:08+00:00\" \/>\n<meta property=\"og:image\" content=\"https:\/\/tuunerstuudio.ee\/wp-content\/uploads\/2024\/10\/obpgaspedal2.jpg\" \/>\n\t<meta property=\"og:image:width\" content=\"500\" \/>\n\t<meta property=\"og:image:height\" content=\"500\" \/>\n\t<meta property=\"og:image:type\" content=\"image\/jpeg\" \/>\n<meta name=\"twitter:card\" content=\"summary_large_image\" \/>\n<meta name=\"twitter:label1\" content=\"Est. reading time\" \/>\n\t<meta name=\"twitter:data1\" content=\"1 minute\" \/>\n<script type=\"application\/ld+json\" class=\"yoast-schema-graph\">{\"@context\":\"https:\/\/schema.org\",\"@graph\":[{\"@type\":\"WebPage\",\"@id\":\"https:\/\/tuunerstuudio.ee\/en\/toode\/obp-porandale-paigaldatav-gaasipedaal\/\",\"url\":\"https:\/\/tuunerstuudio.ee\/en\/toode\/obp-porandale-paigaldatav-gaasipedaal\/\",\"name\":\"OBP p\u00f5randale paigaldatav gaasipedaal - TuunerStuudio\",\"isPartOf\":{\"@id\":\"https:\/\/tuunerstuudio.ee\/en\/#website\"},\"primaryImageOfPage\":{\"@id\":\"https:\/\/tuunerstuudio.ee\/en\/toode\/obp-porandale-paigaldatav-gaasipedaal\/#primaryimage\"},\"image\":{\"@id\":\"https:\/\/tuunerstuudio.ee\/toode\/obp-porandale-paigaldatav-gaasipedaal\/#primaryimage\"},\"thumbnailUrl\":\"https:\/\/tuunerstuudio.ee\/wp-content\/uploads\/2024\/10\/obpgaspedal2.jpg\",\"datePublished\":\"2024-10-11T12:23:04+00:00\",\"dateModified\":\"2024-10-11T12:23:08+00:00\",\"breadcrumb\":{\"@id\":\"https:\/\/tuunerstuudio.ee\/en\/toode\/obp-porandale-paigaldatav-gaasipedaal\/#breadcrumb\"},\"inLanguage\":\"en-US\",\"potentialAction\":[{\"@type\":\"ReadAction\",\"target\":[[\"https:\/\/tuunerstuudio.ee\/en\/toode\/obp-porandale-paigaldatav-gaasipedaal\/\"]]}]},{\"@type\":\"ImageObject\",\"inLanguage\":\"en-US\",\"@id\":\"https:\/\/tuunerstuudio.ee\/en\/toode\/obp-porandale-paigaldatav-gaasipedaal\/#primaryimage\",\"url\":\"https:\/\/tuunerstuudio.ee\/wp-content\/uploads\/2024\/10\/obpgaspedal2.jpg\",\"contentUrl\":\"https:\/\/tuunerstuudio.ee\/wp-content\/uploads\/2024\/10\/obpgaspedal2.jpg\",\"width\":500,\"height\":500},{\"@type\":\"BreadcrumbList\",\"@id\":\"https:\/\/tuunerstuudio.ee\/en\/toode\/obp-porandale-paigaldatav-gaasipedaal\/#breadcrumb\",\"itemListElement\":[{\"@type\":\"ListItem\",\"position\":1,\"name\":\"Home\",\"item\":\"https:\/\/tuunerstuudio.ee\/en\/\"},{\"@type\":\"ListItem\",\"position\":2,\"name\":\"Tooted\",\"item\":\"https:\/\/www.tuunerstuudio.ee\/tooted\/\"},{\"@type\":\"ListItem\",\"position\":3,\"name\":\"OBP p\u00f5randale paigaldatav gaasipedaal\"}]},{\"@type\":\"WebSite\",\"@id\":\"https:\/\/tuunerstuudio.ee\/en\/#website\",\"url\":\"https:\/\/tuunerstuudio.ee\/en\/\",\"name\":\"tuunerstuudio\",\"description\":\"\",\"potentialAction\":[{\"@type\":\"SearchAction\",\"target\":{\"@type\":\"EntryPoint\",\"urlTemplate\":\"https:\/\/tuunerstuudio.ee\/en\/?s={search_term_string}\"},\"query-input\":{\"@type\":\"PropertyValueSpecification\",\"valueRequired\":true,\"valueName\":\"search_term_string\"}}],\"inLanguage\":\"en-US\"}]}<\/script>\n<!-- \/ Yoast SEO plugin. -->","yoast_head_json":{"title":"OBP p\u00f5randale paigaldatav gaasipedaal - TuunerStuudio","robots":{"index":"index","follow":"follow","max-snippet":"max-snippet:-1","max-image-preview":"max-image-preview:large","max-video-preview":"max-video-preview:-1"},"canonical":"https:\/\/tuunerstuudio.ee\/en\/toode\/obp-porandale-paigaldatav-gaasipedaal\/","og_locale":"en_US","og_type":"article","og_title":"OBP p\u00f5randale paigaldatav gaasipedaal - TuunerStuudio","og_description":"Paigalduskoht: P\u00f5randale paigaldatav\u00a0   Pedaalide vahekord: 4,9:1 kuni 5,24:1.  Kaal: 0,7 kg   Ligikaudsed m\u00f5\u00f5tmed:     Laius 60mm   Pedaali k\u00f5rgus 280 mm  Kasti s\u00fcgavus 140 mm","og_url":"https:\/\/tuunerstuudio.ee\/en\/toode\/obp-porandale-paigaldatav-gaasipedaal\/","og_site_name":"TuunerStuudio","article_modified_time":"2024-10-11T12:23:08+00:00","og_image":[{"width":500,"height":500,"url":"https:\/\/tuunerstuudio.ee\/wp-content\/uploads\/2024\/10\/obpgaspedal2.jpg","type":"image\/jpeg"}],"twitter_card":"summary_large_image","twitter_misc":{"Est. reading time":"1 minute"},"schema":{"@context":"https:\/\/schema.org","@graph":[{"@type":"WebPage","@id":"https:\/\/tuunerstuudio.ee\/en\/toode\/obp-porandale-paigaldatav-gaasipedaal\/","url":"https:\/\/tuunerstuudio.ee\/en\/toode\/obp-porandale-paigaldatav-gaasipedaal\/","name":"OBP p\u00f5randale paigaldatav gaasipedaal - TuunerStuudio","isPartOf":{"@id":"https:\/\/tuunerstuudio.ee\/en\/#website"},"primaryImageOfPage":{"@id":"https:\/\/tuunerstuudio.ee\/en\/toode\/obp-porandale-paigaldatav-gaasipedaal\/#primaryimage"},"image":{"@id":"https:\/\/tuunerstuudio.ee\/toode\/obp-porandale-paigaldatav-gaasipedaal\/#primaryimage"},"thumbnailUrl":"https:\/\/tuunerstuudio.ee\/wp-content\/uploads\/2024\/10\/obpgaspedal2.jpg","datePublished":"2024-10-11T12:23:04+00:00","dateModified":"2024-10-11T12:23:08+00:00","breadcrumb":{"@id":"https:\/\/tuunerstuudio.ee\/en\/toode\/obp-porandale-paigaldatav-gaasipedaal\/#breadcrumb"},"inLanguage":"en-US","potentialAction":[{"@type":"ReadAction","target":[["https:\/\/tuunerstuudio.ee\/en\/toode\/obp-porandale-paigaldatav-gaasipedaal\/"]]}]},{"@type":"ImageObject","inLanguage":"en-US","@id":"https:\/\/tuunerstuudio.ee\/en\/toode\/obp-porandale-paigaldatav-gaasipedaal\/#primaryimage","url":"https:\/\/tuunerstuudio.ee\/wp-content\/uploads\/2024\/10\/obpgaspedal2.jpg","contentUrl":"https:\/\/tuunerstuudio.ee\/wp-content\/uploads\/2024\/10\/obpgaspedal2.jpg","width":500,"height":500},{"@type":"BreadcrumbList","@id":"https:\/\/tuunerstuudio.ee\/en\/toode\/obp-porandale-paigaldatav-gaasipedaal\/#breadcrumb","itemListElement":[{"@type":"ListItem","position":1,"name":"Home","item":"https:\/\/tuunerstuudio.ee\/en\/"},{"@type":"ListItem","position":2,"name":"Tooted","item":"https:\/\/www.tuunerstuudio.ee\/tooted\/"},{"@type":"ListItem","position":3,"name":"OBP p\u00f5randale paigaldatav gaasipedaal"}]},{"@type":"WebSite","@id":"https:\/\/tuunerstuudio.ee\/en\/#website","url":"https:\/\/tuunerstuudio.ee\/en\/","name":"tuunerstuudio","description":"","potentialAction":[{"@type":"SearchAction","target":{"@type":"EntryPoint","urlTemplate":"https:\/\/tuunerstuudio.ee\/en\/?s={search_term_string}"},"query-input":{"@type":"PropertyValueSpecification","valueRequired":true,"valueName":"search_term_string"}}],"inLanguage":"en-US"}]}},"_links":{"self":[{"href":"https:\/\/tuunerstuudio.ee\/en\/wp-json\/wp\/v2\/product\/13318","targetHints":{"allow":["GET"]}}],"collection":[{"href":"https:\/\/tuunerstuudio.ee\/en\/wp-json\/wp\/v2\/product"}],"about":[{"href":"https:\/\/tuunerstuudio.ee\/en\/wp-json\/wp\/v2\/types\/product"}],"replies":[{"embeddable":true,"href":"https:\/\/tuunerstuudio.ee\/en\/wp-json\/wp\/v2\/comments?post=13318"}],"wp:featuredmedia":[{"embeddable":true,"href":"https:\/\/tuunerstuudio.ee\/en\/wp-json\/wp\/v2\/media\/13348"}],"wp:attachment":[{"href":"https:\/\/tuunerstuudio.ee\/en\/wp-json\/wp\/v2\/media?parent=13318"}],"wp:term":[{"taxonomy":"product_brand","embeddable":true,"href":"https:\/\/tuunerstuudio.ee\/en\/wp-json\/wp\/v2\/product_brand?post=13318"},{"taxonomy":"product_cat","embeddable":true,"href":"https:\/\/tuunerstuudio.ee\/en\/wp-json\/wp\/v2\/product_cat?post=13318"},{"taxonomy":"product_tag","embeddable":true,"href":"https:\/\/tuunerstuudio.ee\/en\/wp-json\/wp\/v2\/product_tag?post=13318"}],"curies":[{"name":"wp","href":"https:\/\/api.w.org\/{rel}","templated":true}]}}