{"id":13218,"date":"2024-10-11T15:22:32","date_gmt":"2024-10-11T12:22:32","guid":{"rendered":"https:\/\/tuunerstuudio.ee\/uuswp\/?post_type=product&#038;p=13218"},"modified":"2024-10-11T15:22:45","modified_gmt":"2024-10-11T12:22:45","slug":"funk-motorsport-kuumamatt-hobedane-2","status":"publish","type":"product","link":"https:\/\/tuunerstuudio.ee\/en\/toode\/funk-motorsport-kuumamatt-hobedane-2\/","title":{"rendered":"Funk Motorsport kuumamatt (H\u00f5bedane)"},"content":{"rendered":"<p><a href=\"https:\/\/tuunerstuudio.ee\/wp-content\/uploads\/2024\/07\/FUN-039-1.jpg\"><img loading=\"lazy\" decoding=\"async\" class=\" wd-lazy-fade alignnone size-medium wp-image-27937\" src=\"https:\/\/tuunerstuudio.ee\/wp-content\/themes\/tuunerstuudio5\/images\/lazy.svg\" data-src=\"https:\/\/tuunerstuudio.ee\/wp-content\/uploads\/2024\/07\/FUN-039-1-200x300.jpg\" alt=\"\" width=\"200\" height=\"300\" \/><\/a><\/p>\n","protected":false},"excerpt":{"rendered":"<ul>\n<li><span class=\"Y2IQFc\" lang=\"et\">Lihtne l\u00f5igata soovitud suuruseks v\u00f5i kujuks. <\/span><\/li>\n<li><span class=\"Y2IQFc\" lang=\"et\">Peegeldab kuni 80% kiirgavast soojusest<\/span><span class=\"Y2IQFc\" lang=\"et\">. <\/span><\/li>\n<li><span class=\"Y2IQFc\" lang=\"et\">V\u00f5imas kuumat\u00f5ke.<\/span><\/li>\n<\/ul>\n","protected":false},"featured_media":13231,"comment_status":"closed","ping_status":"closed","template":"","meta":[],"product_brand":[],"product_cat":[351,358,758],"product_tag":[],"class_list":{"0":"post-13218","1":"product","2":"type-product","3":"status-publish","4":"has-post-thumbnail","6":"product_cat-kuumakaitse-2","7":"product_cat-kuumamatt","8":"product_cat-funk-motorsport-kuumamatt","10":"first","11":"onbackorder","12":"taxable","13":"shipping-taxable","14":"purchasable","15":"product-type-variable"},"yoast_head":"<!-- This site is optimized with the Yoast SEO plugin v26.9 - https:\/\/yoast.com\/product\/yoast-seo-wordpress\/ -->\n<title>Funk Motorsport kuumamatt (H\u00f5bedane) - TuunerStuudio<\/title>\n<meta name=\"robots\" content=\"index, follow, max-snippet:-1, max-image-preview:large, max-video-preview:-1\" \/>\n<link rel=\"canonical\" href=\"https:\/\/tuunerstuudio.ee\/en\/toode\/funk-motorsport-kuumamatt-hobedane-2\/\" \/>\n<meta property=\"og:locale\" content=\"en_US\" \/>\n<meta property=\"og:type\" content=\"article\" \/>\n<meta property=\"og:title\" content=\"Funk Motorsport kuumamatt (H\u00f5bedane) - TuunerStuudio\" \/>\n<meta property=\"og:description\" content=\"Lihtne l\u00f5igata soovitud suuruseks v\u00f5i kujuks.   Peegeldab kuni 80% kiirgavast soojusest.   V\u00f5imas kuumat\u00f5ke.\" \/>\n<meta property=\"og:url\" content=\"https:\/\/tuunerstuudio.ee\/en\/toode\/funk-motorsport-kuumamatt-hobedane-2\/\" \/>\n<meta property=\"og:site_name\" content=\"TuunerStuudio\" \/>\n<meta property=\"article:modified_time\" content=\"2024-10-11T12:22:45+00:00\" \/>\n<meta property=\"og:image\" content=\"https:\/\/tuunerstuudio.ee\/wp-content\/uploads\/2024\/10\/FUN-040-1.jpg\" \/>\n\t<meta property=\"og:image:width\" content=\"999\" \/>\n\t<meta property=\"og:image:height\" content=\"1000\" \/>\n\t<meta property=\"og:image:type\" content=\"image\/jpeg\" \/>\n<meta name=\"twitter:card\" content=\"summary_large_image\" \/>\n<meta name=\"twitter:label1\" content=\"Est. reading time\" \/>\n\t<meta name=\"twitter:data1\" content=\"1 minute\" \/>\n<script type=\"application\/ld+json\" class=\"yoast-schema-graph\">{\"@context\":\"https:\/\/schema.org\",\"@graph\":[{\"@type\":\"WebPage\",\"@id\":\"https:\/\/tuunerstuudio.ee\/en\/toode\/funk-motorsport-kuumamatt-hobedane-2\/\",\"url\":\"https:\/\/tuunerstuudio.ee\/en\/toode\/funk-motorsport-kuumamatt-hobedane-2\/\",\"name\":\"Funk Motorsport kuumamatt (H\u00f5bedane) - TuunerStuudio\",\"isPartOf\":{\"@id\":\"https:\/\/tuunerstuudio.ee\/en\/#website\"},\"primaryImageOfPage\":{\"@id\":\"https:\/\/tuunerstuudio.ee\/en\/toode\/funk-motorsport-kuumamatt-hobedane-2\/#primaryimage\"},\"image\":{\"@id\":\"https:\/\/tuunerstuudio.ee\/toode\/funk-motorsport-kuumamatt-hobedane-2\/#primaryimage\"},\"thumbnailUrl\":\"https:\/\/tuunerstuudio.ee\/wp-content\/uploads\/2024\/10\/FUN-040-1.jpg\",\"datePublished\":\"2024-10-11T12:22:32+00:00\",\"dateModified\":\"2024-10-11T12:22:45+00:00\",\"breadcrumb\":{\"@id\":\"https:\/\/tuunerstuudio.ee\/en\/toode\/funk-motorsport-kuumamatt-hobedane-2\/#breadcrumb\"},\"inLanguage\":\"en-US\",\"potentialAction\":[{\"@type\":\"ReadAction\",\"target\":[[\"https:\/\/tuunerstuudio.ee\/en\/toode\/funk-motorsport-kuumamatt-hobedane-2\/\"]]}]},{\"@type\":\"ImageObject\",\"inLanguage\":\"en-US\",\"@id\":\"https:\/\/tuunerstuudio.ee\/en\/toode\/funk-motorsport-kuumamatt-hobedane-2\/#primaryimage\",\"url\":\"https:\/\/tuunerstuudio.ee\/wp-content\/uploads\/2024\/10\/FUN-040-1.jpg\",\"contentUrl\":\"https:\/\/tuunerstuudio.ee\/wp-content\/uploads\/2024\/10\/FUN-040-1.jpg\",\"width\":999,\"height\":1000},{\"@type\":\"BreadcrumbList\",\"@id\":\"https:\/\/tuunerstuudio.ee\/en\/toode\/funk-motorsport-kuumamatt-hobedane-2\/#breadcrumb\",\"itemListElement\":[{\"@type\":\"ListItem\",\"position\":1,\"name\":\"Home\",\"item\":\"https:\/\/tuunerstuudio.ee\/en\/\"},{\"@type\":\"ListItem\",\"position\":2,\"name\":\"Tooted\",\"item\":\"https:\/\/www.tuunerstuudio.ee\/tooted\/\"},{\"@type\":\"ListItem\",\"position\":3,\"name\":\"Funk Motorsport kuumamatt (H\u00f5bedane)\"}]},{\"@type\":\"WebSite\",\"@id\":\"https:\/\/tuunerstuudio.ee\/en\/#website\",\"url\":\"https:\/\/tuunerstuudio.ee\/en\/\",\"name\":\"tuunerstuudio\",\"description\":\"\",\"potentialAction\":[{\"@type\":\"SearchAction\",\"target\":{\"@type\":\"EntryPoint\",\"urlTemplate\":\"https:\/\/tuunerstuudio.ee\/en\/?s={search_term_string}\"},\"query-input\":{\"@type\":\"PropertyValueSpecification\",\"valueRequired\":true,\"valueName\":\"search_term_string\"}}],\"inLanguage\":\"en-US\"}]}<\/script>\n<!-- \/ Yoast SEO plugin. -->","yoast_head_json":{"title":"Funk Motorsport kuumamatt (H\u00f5bedane) - TuunerStuudio","robots":{"index":"index","follow":"follow","max-snippet":"max-snippet:-1","max-image-preview":"max-image-preview:large","max-video-preview":"max-video-preview:-1"},"canonical":"https:\/\/tuunerstuudio.ee\/en\/toode\/funk-motorsport-kuumamatt-hobedane-2\/","og_locale":"en_US","og_type":"article","og_title":"Funk Motorsport kuumamatt (H\u00f5bedane) - TuunerStuudio","og_description":"Lihtne l\u00f5igata soovitud suuruseks v\u00f5i kujuks.   Peegeldab kuni 80% kiirgavast soojusest.   V\u00f5imas kuumat\u00f5ke.","og_url":"https:\/\/tuunerstuudio.ee\/en\/toode\/funk-motorsport-kuumamatt-hobedane-2\/","og_site_name":"TuunerStuudio","article_modified_time":"2024-10-11T12:22:45+00:00","og_image":[{"width":999,"height":1000,"url":"https:\/\/tuunerstuudio.ee\/wp-content\/uploads\/2024\/10\/FUN-040-1.jpg","type":"image\/jpeg"}],"twitter_card":"summary_large_image","twitter_misc":{"Est. reading time":"1 minute"},"schema":{"@context":"https:\/\/schema.org","@graph":[{"@type":"WebPage","@id":"https:\/\/tuunerstuudio.ee\/en\/toode\/funk-motorsport-kuumamatt-hobedane-2\/","url":"https:\/\/tuunerstuudio.ee\/en\/toode\/funk-motorsport-kuumamatt-hobedane-2\/","name":"Funk Motorsport kuumamatt (H\u00f5bedane) - TuunerStuudio","isPartOf":{"@id":"https:\/\/tuunerstuudio.ee\/en\/#website"},"primaryImageOfPage":{"@id":"https:\/\/tuunerstuudio.ee\/en\/toode\/funk-motorsport-kuumamatt-hobedane-2\/#primaryimage"},"image":{"@id":"https:\/\/tuunerstuudio.ee\/toode\/funk-motorsport-kuumamatt-hobedane-2\/#primaryimage"},"thumbnailUrl":"https:\/\/tuunerstuudio.ee\/wp-content\/uploads\/2024\/10\/FUN-040-1.jpg","datePublished":"2024-10-11T12:22:32+00:00","dateModified":"2024-10-11T12:22:45+00:00","breadcrumb":{"@id":"https:\/\/tuunerstuudio.ee\/en\/toode\/funk-motorsport-kuumamatt-hobedane-2\/#breadcrumb"},"inLanguage":"en-US","potentialAction":[{"@type":"ReadAction","target":[["https:\/\/tuunerstuudio.ee\/en\/toode\/funk-motorsport-kuumamatt-hobedane-2\/"]]}]},{"@type":"ImageObject","inLanguage":"en-US","@id":"https:\/\/tuunerstuudio.ee\/en\/toode\/funk-motorsport-kuumamatt-hobedane-2\/#primaryimage","url":"https:\/\/tuunerstuudio.ee\/wp-content\/uploads\/2024\/10\/FUN-040-1.jpg","contentUrl":"https:\/\/tuunerstuudio.ee\/wp-content\/uploads\/2024\/10\/FUN-040-1.jpg","width":999,"height":1000},{"@type":"BreadcrumbList","@id":"https:\/\/tuunerstuudio.ee\/en\/toode\/funk-motorsport-kuumamatt-hobedane-2\/#breadcrumb","itemListElement":[{"@type":"ListItem","position":1,"name":"Home","item":"https:\/\/tuunerstuudio.ee\/en\/"},{"@type":"ListItem","position":2,"name":"Tooted","item":"https:\/\/www.tuunerstuudio.ee\/tooted\/"},{"@type":"ListItem","position":3,"name":"Funk Motorsport kuumamatt (H\u00f5bedane)"}]},{"@type":"WebSite","@id":"https:\/\/tuunerstuudio.ee\/en\/#website","url":"https:\/\/tuunerstuudio.ee\/en\/","name":"tuunerstuudio","description":"","potentialAction":[{"@type":"SearchAction","target":{"@type":"EntryPoint","urlTemplate":"https:\/\/tuunerstuudio.ee\/en\/?s={search_term_string}"},"query-input":{"@type":"PropertyValueSpecification","valueRequired":true,"valueName":"search_term_string"}}],"inLanguage":"en-US"}]}},"_links":{"self":[{"href":"https:\/\/tuunerstuudio.ee\/en\/wp-json\/wp\/v2\/product\/13218","targetHints":{"allow":["GET"]}}],"collection":[{"href":"https:\/\/tuunerstuudio.ee\/en\/wp-json\/wp\/v2\/product"}],"about":[{"href":"https:\/\/tuunerstuudio.ee\/en\/wp-json\/wp\/v2\/types\/product"}],"replies":[{"embeddable":true,"href":"https:\/\/tuunerstuudio.ee\/en\/wp-json\/wp\/v2\/comments?post=13218"}],"wp:featuredmedia":[{"embeddable":true,"href":"https:\/\/tuunerstuudio.ee\/en\/wp-json\/wp\/v2\/media\/13231"}],"wp:attachment":[{"href":"https:\/\/tuunerstuudio.ee\/en\/wp-json\/wp\/v2\/media?parent=13218"}],"wp:term":[{"taxonomy":"product_brand","embeddable":true,"href":"https:\/\/tuunerstuudio.ee\/en\/wp-json\/wp\/v2\/product_brand?post=13218"},{"taxonomy":"product_cat","embeddable":true,"href":"https:\/\/tuunerstuudio.ee\/en\/wp-json\/wp\/v2\/product_cat?post=13218"},{"taxonomy":"product_tag","embeddable":true,"href":"https:\/\/tuunerstuudio.ee\/en\/wp-json\/wp\/v2\/product_tag?post=13218"}],"curies":[{"name":"wp","href":"https:\/\/api.w.org\/{rel}","templated":true}]}}