{"id":13213,"date":"2024-10-11T15:22:31","date_gmt":"2024-10-11T12:22:31","guid":{"rendered":"https:\/\/tuunerstuudio.ee\/uuswp\/?post_type=product&#038;p=13213"},"modified":"2024-10-11T15:22:45","modified_gmt":"2024-10-11T12:22:45","slug":"funk-motorsport-kuumamatt-kuldne-3","status":"publish","type":"product","link":"https:\/\/tuunerstuudio.ee\/en\/toode\/funk-motorsport-kuumamatt-kuldne-3\/","title":{"rendered":"Funk Motorsport kuumamatt (Kuldne)"},"content":{"rendered":"<p><a href=\"https:\/\/tuunerstuudio.ee\/wp-content\/uploads\/2024\/07\/Screen-Shot-2019-04-04-at-13.11.06.png\"><img loading=\"lazy\" decoding=\"async\" class=\" wd-lazy-fade alignnone size-medium wp-image-27893\" src=\"https:\/\/tuunerstuudio.ee\/wp-content\/themes\/tuunerstuudio5\/images\/lazy.svg\" data-src=\"https:\/\/tuunerstuudio.ee\/wp-content\/uploads\/2024\/07\/Screen-Shot-2019-04-04-at-13.11.06-300x246.png\" alt=\"\" width=\"300\" height=\"246\" \/><\/a> <a href=\"https:\/\/tuunerstuudio.ee\/wp-content\/uploads\/2024\/07\/FUN-001-3-1.jpg\"><img loading=\"lazy\" decoding=\"async\" class=\" wd-lazy-fade alignnone size-medium wp-image-27891\" src=\"https:\/\/tuunerstuudio.ee\/wp-content\/themes\/tuunerstuudio5\/images\/lazy.svg\" data-src=\"https:\/\/tuunerstuudio.ee\/wp-content\/uploads\/2024\/07\/FUN-001-3-1-300x200.jpg\" alt=\"\" width=\"300\" height=\"200\" \/><\/a><\/p>\n","protected":false},"excerpt":{"rendered":"<ul>\n<li id=\"tw-target-text\" class=\"tw-data-text tw-text-large tw-ta\" dir=\"ltr\" data-placeholder=\"T\u00f5lge\" aria-label=\"T\u00f5lgitud tekst\" data-ved=\"2ahUKEwj2mKnIwKiHAxUGDRAIHZKhCtQQ3ewLegQIBRAU\"><span class=\"Y2IQFc\" lang=\"et\">Peegeldab \u00e4ra kuni 90% kiirgavast soojusest. <\/span><\/li>\n<li class=\"tw-data-text tw-text-large tw-ta\" dir=\"ltr\" data-placeholder=\"T\u00f5lge\" aria-label=\"T\u00f5lgitud tekst\" data-ved=\"2ahUKEwj2mKnIwKiHAxUGDRAIHZKhCtQQ3ewLegQIBRAU\"><span class=\"Y2IQFc\" lang=\"et\">Kleepuv tagak\u00fclg lihtsaks pealekandmiseks.<\/span><\/li>\n<li class=\"tw-data-text tw-text-large tw-ta\" dir=\"ltr\" data-placeholder=\"T\u00f5lge\" aria-label=\"T\u00f5lgitud tekst\" data-ved=\"2ahUKEwj2mKnIwKiHAxUGDRAIHZKhCtQQ3ewLegQIBRAU\"><span class=\"Y2IQFc\" lang=\"et\">Aitab v\u00e4hendada sisselasketemperatuuri.<\/span><\/li>\n<\/ul>\n","protected":false},"featured_media":13230,"comment_status":"closed","ping_status":"closed","template":"","meta":[],"product_brand":[],"product_cat":[351,358,758],"product_tag":[],"class_list":{"0":"post-13213","1":"product","2":"type-product","3":"status-publish","4":"has-post-thumbnail","6":"product_cat-kuumakaitse-2","7":"product_cat-kuumamatt","8":"product_cat-funk-motorsport-kuumamatt","10":"first","11":"onbackorder","12":"taxable","13":"shipping-taxable","14":"purchasable","15":"product-type-variable"},"yoast_head":"<!-- This site is optimized with the Yoast SEO plugin v26.9 - https:\/\/yoast.com\/product\/yoast-seo-wordpress\/ -->\n<title>Funk Motorsport kuumamatt (Kuldne) - TuunerStuudio<\/title>\n<meta name=\"robots\" content=\"index, follow, max-snippet:-1, max-image-preview:large, max-video-preview:-1\" \/>\n<link rel=\"canonical\" href=\"https:\/\/tuunerstuudio.ee\/en\/toode\/funk-motorsport-kuumamatt-kuldne-3\/\" \/>\n<meta property=\"og:locale\" content=\"en_US\" \/>\n<meta property=\"og:type\" content=\"article\" \/>\n<meta property=\"og:title\" content=\"Funk Motorsport kuumamatt (Kuldne) - TuunerStuudio\" \/>\n<meta property=\"og:description\" content=\"Peegeldab \u00e4ra kuni 90% kiirgavast soojusest.   Kleepuv tagak\u00fclg lihtsaks pealekandmiseks.  Aitab v\u00e4hendada sisselasketemperatuuri.\" \/>\n<meta property=\"og:url\" content=\"https:\/\/tuunerstuudio.ee\/en\/toode\/funk-motorsport-kuumamatt-kuldne-3\/\" \/>\n<meta property=\"og:site_name\" content=\"TuunerStuudio\" \/>\n<meta property=\"article:modified_time\" content=\"2024-10-11T12:22:45+00:00\" \/>\n<meta property=\"og:image\" content=\"https:\/\/tuunerstuudio.ee\/wp-content\/uploads\/2024\/10\/FUN-003-1-1.jpg\" \/>\n\t<meta property=\"og:image:width\" content=\"1920\" \/>\n\t<meta property=\"og:image:height\" content=\"1280\" \/>\n\t<meta property=\"og:image:type\" content=\"image\/jpeg\" \/>\n<meta name=\"twitter:card\" content=\"summary_large_image\" \/>\n<meta name=\"twitter:label1\" content=\"Est. reading time\" \/>\n\t<meta name=\"twitter:data1\" content=\"1 minute\" \/>\n<script type=\"application\/ld+json\" class=\"yoast-schema-graph\">{\"@context\":\"https:\/\/schema.org\",\"@graph\":[{\"@type\":\"WebPage\",\"@id\":\"https:\/\/tuunerstuudio.ee\/en\/toode\/funk-motorsport-kuumamatt-kuldne-3\/\",\"url\":\"https:\/\/tuunerstuudio.ee\/en\/toode\/funk-motorsport-kuumamatt-kuldne-3\/\",\"name\":\"Funk Motorsport kuumamatt (Kuldne) - TuunerStuudio\",\"isPartOf\":{\"@id\":\"https:\/\/tuunerstuudio.ee\/en\/#website\"},\"primaryImageOfPage\":{\"@id\":\"https:\/\/tuunerstuudio.ee\/en\/toode\/funk-motorsport-kuumamatt-kuldne-3\/#primaryimage\"},\"image\":{\"@id\":\"https:\/\/tuunerstuudio.ee\/toode\/funk-motorsport-kuumamatt-kuldne-3\/#primaryimage\"},\"thumbnailUrl\":\"https:\/\/tuunerstuudio.ee\/wp-content\/uploads\/2024\/10\/FUN-003-1-1.jpg\",\"datePublished\":\"2024-10-11T12:22:31+00:00\",\"dateModified\":\"2024-10-11T12:22:45+00:00\",\"breadcrumb\":{\"@id\":\"https:\/\/tuunerstuudio.ee\/en\/toode\/funk-motorsport-kuumamatt-kuldne-3\/#breadcrumb\"},\"inLanguage\":\"en-US\",\"potentialAction\":[{\"@type\":\"ReadAction\",\"target\":[[\"https:\/\/tuunerstuudio.ee\/en\/toode\/funk-motorsport-kuumamatt-kuldne-3\/\"]]}]},{\"@type\":\"ImageObject\",\"inLanguage\":\"en-US\",\"@id\":\"https:\/\/tuunerstuudio.ee\/en\/toode\/funk-motorsport-kuumamatt-kuldne-3\/#primaryimage\",\"url\":\"https:\/\/tuunerstuudio.ee\/wp-content\/uploads\/2024\/10\/FUN-003-1-1.jpg\",\"contentUrl\":\"https:\/\/tuunerstuudio.ee\/wp-content\/uploads\/2024\/10\/FUN-003-1-1.jpg\",\"width\":1920,\"height\":1280},{\"@type\":\"BreadcrumbList\",\"@id\":\"https:\/\/tuunerstuudio.ee\/en\/toode\/funk-motorsport-kuumamatt-kuldne-3\/#breadcrumb\",\"itemListElement\":[{\"@type\":\"ListItem\",\"position\":1,\"name\":\"Home\",\"item\":\"https:\/\/tuunerstuudio.ee\/en\/\"},{\"@type\":\"ListItem\",\"position\":2,\"name\":\"Tooted\",\"item\":\"https:\/\/www.tuunerstuudio.ee\/tooted\/\"},{\"@type\":\"ListItem\",\"position\":3,\"name\":\"Funk Motorsport kuumamatt (Kuldne)\"}]},{\"@type\":\"WebSite\",\"@id\":\"https:\/\/tuunerstuudio.ee\/en\/#website\",\"url\":\"https:\/\/tuunerstuudio.ee\/en\/\",\"name\":\"tuunerstuudio\",\"description\":\"\",\"potentialAction\":[{\"@type\":\"SearchAction\",\"target\":{\"@type\":\"EntryPoint\",\"urlTemplate\":\"https:\/\/tuunerstuudio.ee\/en\/?s={search_term_string}\"},\"query-input\":{\"@type\":\"PropertyValueSpecification\",\"valueRequired\":true,\"valueName\":\"search_term_string\"}}],\"inLanguage\":\"en-US\"}]}<\/script>\n<!-- \/ Yoast SEO plugin. -->","yoast_head_json":{"title":"Funk Motorsport kuumamatt (Kuldne) - TuunerStuudio","robots":{"index":"index","follow":"follow","max-snippet":"max-snippet:-1","max-image-preview":"max-image-preview:large","max-video-preview":"max-video-preview:-1"},"canonical":"https:\/\/tuunerstuudio.ee\/en\/toode\/funk-motorsport-kuumamatt-kuldne-3\/","og_locale":"en_US","og_type":"article","og_title":"Funk Motorsport kuumamatt (Kuldne) - TuunerStuudio","og_description":"Peegeldab \u00e4ra kuni 90% kiirgavast soojusest.   Kleepuv tagak\u00fclg lihtsaks pealekandmiseks.  Aitab v\u00e4hendada sisselasketemperatuuri.","og_url":"https:\/\/tuunerstuudio.ee\/en\/toode\/funk-motorsport-kuumamatt-kuldne-3\/","og_site_name":"TuunerStuudio","article_modified_time":"2024-10-11T12:22:45+00:00","og_image":[{"width":1920,"height":1280,"url":"https:\/\/tuunerstuudio.ee\/wp-content\/uploads\/2024\/10\/FUN-003-1-1.jpg","type":"image\/jpeg"}],"twitter_card":"summary_large_image","twitter_misc":{"Est. reading time":"1 minute"},"schema":{"@context":"https:\/\/schema.org","@graph":[{"@type":"WebPage","@id":"https:\/\/tuunerstuudio.ee\/en\/toode\/funk-motorsport-kuumamatt-kuldne-3\/","url":"https:\/\/tuunerstuudio.ee\/en\/toode\/funk-motorsport-kuumamatt-kuldne-3\/","name":"Funk Motorsport kuumamatt (Kuldne) - TuunerStuudio","isPartOf":{"@id":"https:\/\/tuunerstuudio.ee\/en\/#website"},"primaryImageOfPage":{"@id":"https:\/\/tuunerstuudio.ee\/en\/toode\/funk-motorsport-kuumamatt-kuldne-3\/#primaryimage"},"image":{"@id":"https:\/\/tuunerstuudio.ee\/toode\/funk-motorsport-kuumamatt-kuldne-3\/#primaryimage"},"thumbnailUrl":"https:\/\/tuunerstuudio.ee\/wp-content\/uploads\/2024\/10\/FUN-003-1-1.jpg","datePublished":"2024-10-11T12:22:31+00:00","dateModified":"2024-10-11T12:22:45+00:00","breadcrumb":{"@id":"https:\/\/tuunerstuudio.ee\/en\/toode\/funk-motorsport-kuumamatt-kuldne-3\/#breadcrumb"},"inLanguage":"en-US","potentialAction":[{"@type":"ReadAction","target":[["https:\/\/tuunerstuudio.ee\/en\/toode\/funk-motorsport-kuumamatt-kuldne-3\/"]]}]},{"@type":"ImageObject","inLanguage":"en-US","@id":"https:\/\/tuunerstuudio.ee\/en\/toode\/funk-motorsport-kuumamatt-kuldne-3\/#primaryimage","url":"https:\/\/tuunerstuudio.ee\/wp-content\/uploads\/2024\/10\/FUN-003-1-1.jpg","contentUrl":"https:\/\/tuunerstuudio.ee\/wp-content\/uploads\/2024\/10\/FUN-003-1-1.jpg","width":1920,"height":1280},{"@type":"BreadcrumbList","@id":"https:\/\/tuunerstuudio.ee\/en\/toode\/funk-motorsport-kuumamatt-kuldne-3\/#breadcrumb","itemListElement":[{"@type":"ListItem","position":1,"name":"Home","item":"https:\/\/tuunerstuudio.ee\/en\/"},{"@type":"ListItem","position":2,"name":"Tooted","item":"https:\/\/www.tuunerstuudio.ee\/tooted\/"},{"@type":"ListItem","position":3,"name":"Funk Motorsport kuumamatt (Kuldne)"}]},{"@type":"WebSite","@id":"https:\/\/tuunerstuudio.ee\/en\/#website","url":"https:\/\/tuunerstuudio.ee\/en\/","name":"tuunerstuudio","description":"","potentialAction":[{"@type":"SearchAction","target":{"@type":"EntryPoint","urlTemplate":"https:\/\/tuunerstuudio.ee\/en\/?s={search_term_string}"},"query-input":{"@type":"PropertyValueSpecification","valueRequired":true,"valueName":"search_term_string"}}],"inLanguage":"en-US"}]}},"_links":{"self":[{"href":"https:\/\/tuunerstuudio.ee\/en\/wp-json\/wp\/v2\/product\/13213","targetHints":{"allow":["GET"]}}],"collection":[{"href":"https:\/\/tuunerstuudio.ee\/en\/wp-json\/wp\/v2\/product"}],"about":[{"href":"https:\/\/tuunerstuudio.ee\/en\/wp-json\/wp\/v2\/types\/product"}],"replies":[{"embeddable":true,"href":"https:\/\/tuunerstuudio.ee\/en\/wp-json\/wp\/v2\/comments?post=13213"}],"wp:featuredmedia":[{"embeddable":true,"href":"https:\/\/tuunerstuudio.ee\/en\/wp-json\/wp\/v2\/media\/13230"}],"wp:attachment":[{"href":"https:\/\/tuunerstuudio.ee\/en\/wp-json\/wp\/v2\/media?parent=13213"}],"wp:term":[{"taxonomy":"product_brand","embeddable":true,"href":"https:\/\/tuunerstuudio.ee\/en\/wp-json\/wp\/v2\/product_brand?post=13213"},{"taxonomy":"product_cat","embeddable":true,"href":"https:\/\/tuunerstuudio.ee\/en\/wp-json\/wp\/v2\/product_cat?post=13213"},{"taxonomy":"product_tag","embeddable":true,"href":"https:\/\/tuunerstuudio.ee\/en\/wp-json\/wp\/v2\/product_tag?post=13213"}],"curies":[{"name":"wp","href":"https:\/\/api.w.org\/{rel}","templated":true}]}}