{"id":13125,"date":"2024-10-11T15:21:59","date_gmt":"2024-10-11T12:21:59","guid":{"rendered":"https:\/\/tuunerstuudio.ee\/uuswp\/?post_type=product&#038;p=13125"},"modified":"2024-10-11T15:22:03","modified_gmt":"2024-10-11T12:22:03","slug":"phormula-knock-tuvastus-susteem-komplekt","status":"publish","type":"product","link":"https:\/\/tuunerstuudio.ee\/en\/toode\/phormula-knock-tuvastus-susteem-komplekt\/","title":{"rendered":"Phormula knock tuvastus s\u00fcsteem (Komplekt)"},"content":{"rendered":"","protected":false},"excerpt":{"rendered":"<p id=\"tw-target-text\" class=\"tw-data-text tw-text-large tw-ta\" dir=\"ltr\" data-placeholder=\"T\u00f5lge\" aria-label=\"T\u00f5lgitud tekst\" data-ved=\"2ahUKEwj2mKnIwKiHAxUGDRAIHZKhCtQQ3ewLegQIBRAU\"><span class=\"Y2IQFc\" lang=\"et\">Phormula Professional Tuning Solution on k\u00f5ige p\u00f5hjalikum mootori knock tuvastamise s\u00fcsteem. See \u00fchendab KS-Pro knock tuvastamise ja KS-4 digitaalse knock j\u00e4lgimise funktsioonid \u00fcheks terviklikuks komplektiks. Neid kahte s\u00fcsteemi saab \u00fchendada kaasasoleva liidesekaabli kaudu.<\/span><\/p>\n<ul>\n<li class=\"tw-data-text tw-text-large tw-ta\" dir=\"ltr\" data-placeholder=\"T\u00f5lge\" aria-label=\"T\u00f5lgitud tekst\" data-ved=\"2ahUKEwj2mKnIwKiHAxUGDRAIHZKhCtQQ3ewLegQIBRAU\"><span class=\"Y2IQFc\" lang=\"et\">Komplekt sisaldab: KS-Pro, KS-4, liidesekomplekti, andureid ja kaableid<\/span><\/li>\n<\/ul>\n<p id=\"tw-target-text\" class=\"tw-data-text tw-text-large tw-ta\" dir=\"ltr\" data-placeholder=\"T\u00f5lge\" aria-label=\"T\u00f5lgitud tekst\" data-ved=\"2ahUKEwj2mKnIwKiHAxUGDRAIHZKhCtQQ3ewLegQIBRAU\"><span class=\"Y2IQFc\" lang=\"et\">KS-4 knock monitori visuaalne ekraan kuvab knocktasemeid, samas kui KS-Pro heli v\u00f5imaldab knocki selgelt kuulda. Professionaalsed tuunerid \u00fchendavad sageli KS-4 0-5v v\u00e4ljundi oma d\u00fcno rullide, ECU v\u00f5i s\u00fclearvutiga. See v\u00f5imaldab neil katta knock taset koos p\u00f6\u00f6rete arvu ja v\u00f5imenduse v\u00f5i s\u00fc\u00fcte lisamisega. See annab t\u00e4pse \u00fclevaate, millal ja kus knock toimus. KS-4 v\u00f5ib j\u00e4\u00e4da s\u00f5idukisse, et j\u00e4lgida detonatsiooni v\u00f5i knock taset. Iga kord, kui kaarti on vaja kohandada, saab KS-Pro Knock Analyzer Pro \u00fchendada otse KS-4-ga, et j\u00e4lgida knocki, kui mootori kaarti muudetakse. See lahendus t\u00e4hendab, et pole vaja andurit iga kord uuesti paigaldada ega juhtmeid mootoriruumi vedada. Lihtsalt \u00fchendage Knock Analyzer Pro KS-4-ga ja l\u00fclitage sisse. See toodete kombinatsioon annab \u00fclima paindlikkuse. KS-Pro ja KS-4 saab kasutada eraldiseisva knock tuvastamiseks v\u00f5i kombineerituna, et tagada maksimaalne funktsionaalsus \u00fche anduri kaudu. <\/span><\/p>\n<p class=\"tw-data-text tw-text-large tw-ta\" dir=\"ltr\" data-placeholder=\"T\u00f5lge\" aria-label=\"T\u00f5lgitud tekst\" data-ved=\"2ahUKEwj2mKnIwKiHAxUGDRAIHZKhCtQQ3ewLegQIBRAU\"><span class=\"Y2IQFc\" lang=\"et\">Kahe anduri kaabel on saadaval ka mootoritele, millel on rohkem kui kaks v\u00f5i rohkem kui neli silindrit<\/span><\/p>\n<ul>\n<li id=\"tw-target-text\" class=\"tw-data-text tw-text-large tw-ta\" dir=\"ltr\" data-placeholder=\"T\u00f5lge\" aria-label=\"T\u00f5lgitud tekst\" data-ved=\"2ahUKEwj2mKnIwKiHAxUGDRAIHZKhCtQQ3ewLegQIBRAU\"><span class=\"Y2IQFc\" lang=\"et\">Reaalajas LCD knockekraan<\/span><\/li>\n<li class=\"tw-data-text tw-text-large tw-ta\" dir=\"ltr\" data-placeholder=\"T\u00f5lge\" aria-label=\"T\u00f5lgitud tekst\" data-ved=\"2ahUKEwj2mKnIwKiHAxUGDRAIHZKhCtQQ3ewLegQIBRAU\"><span class=\"Y2IQFc\" lang=\"et\">\u00dchildub k\u00f5igite ECU ja Dynose 0\u20135 V sisenditega <\/span><\/li>\n<li class=\"tw-data-text tw-text-large tw-ta\" dir=\"ltr\" data-placeholder=\"T\u00f5lge\" aria-label=\"T\u00f5lgitud tekst\" data-ved=\"2ahUKEwj2mKnIwKiHAxUGDRAIHZKhCtQQ3ewLegQIBRAU\"><span class=\"Y2IQFc\" lang=\"et\">Ere LED hoiatustuli<\/span><\/li>\n<li class=\"tw-data-text tw-text-large tw-ta\" dir=\"ltr\" data-placeholder=\"T\u00f5lge\" aria-label=\"T\u00f5lgitud tekst\" data-ved=\"2ahUKEwj2mKnIwKiHAxUGDRAIHZKhCtQQ3ewLegQIBRAU\"><span class=\"Y2IQFc\" lang=\"et\">Heliga knock alarm<\/span><\/li>\n<li class=\"tw-data-text tw-text-large tw-ta\" dir=\"ltr\" data-placeholder=\"T\u00f5lge\" aria-label=\"T\u00f5lgitud tekst\" data-ved=\"2ahUKEwj2mKnIwKiHAxUGDRAIHZKhCtQQ3ewLegQIBRAU\"><span class=\"Y2IQFc\" lang=\"et\">Kvaliteetne anodeeritud alumiiniumist korpus<\/span><\/li>\n<li class=\"tw-data-text tw-text-large tw-ta\" dir=\"ltr\" data-placeholder=\"T\u00f5lge\" aria-label=\"T\u00f5lgitud tekst\" data-ved=\"2ahUKEwj2mKnIwKiHAxUGDRAIHZKhCtQQ3ewLegQIBRAU\"><span class=\"Y2IQFc\" lang=\"et\">Kompaktne disain<\/span><\/li>\n<li class=\"tw-data-text tw-text-large tw-ta\" dir=\"ltr\" data-placeholder=\"T\u00f5lge\" aria-label=\"T\u00f5lgitud tekst\" data-ved=\"2ahUKEwj2mKnIwKiHAxUGDRAIHZKhCtQQ3ewLegQIBRAU\"><span class=\"Y2IQFc\" lang=\"et\">Kvaliteetne heliv\u00f5imendi <\/span><\/li>\n<\/ul>\n","protected":false},"featured_media":13127,"comment_status":"closed","ping_status":"closed","template":"","meta":[],"product_brand":[],"product_cat":[51,745],"product_tag":[],"class_list":{"0":"post-13125","1":"product","2":"type-product","3":"status-publish","4":"has-post-thumbnail","6":"product_cat-juhtajud","7":"product_cat-knock-tuvastus-susteemid","9":"first","10":"onbackorder","11":"taxable","12":"shipping-taxable","13":"purchasable","14":"product-type-simple"},"yoast_head":"<!-- This site is optimized with the Yoast SEO plugin v26.9 - https:\/\/yoast.com\/product\/yoast-seo-wordpress\/ -->\n<title>Phormula knock tuvastus s\u00fcsteem (Komplekt) - TuunerStuudio<\/title>\n<meta name=\"robots\" content=\"index, follow, max-snippet:-1, max-image-preview:large, max-video-preview:-1\" \/>\n<link rel=\"canonical\" href=\"https:\/\/tuunerstuudio.ee\/en\/toode\/phormula-knock-tuvastus-susteem-komplekt\/\" \/>\n<meta property=\"og:locale\" content=\"en_US\" \/>\n<meta property=\"og:type\" content=\"article\" \/>\n<meta property=\"og:title\" content=\"Phormula knock tuvastus s\u00fcsteem (Komplekt) - TuunerStuudio\" \/>\n<meta property=\"og:description\" content=\"Phormula Professional Tuning Solution on k\u00f5ige p\u00f5hjalikum mootori knock tuvastamise s\u00fcsteem. See \u00fchendab KS-Pro knock tuvastamise ja KS-4 digitaalse knock j\u00e4lgimise funktsioonid \u00fcheks terviklikuks komplektiks. Neid kahte s\u00fcsteemi saab \u00fchendada kaasasoleva liidesekaabli kaudu.    Komplekt sisaldab: KS-Pro, KS-4, liidesekomplekti, andureid ja kaableid  KS-4 knock monitori visuaalne ekraan kuvab knocktasemeid, samas kui KS-Pro heli v\u00f5imaldab knocki selgelt kuulda. Professionaalsed tuunerid \u00fchendavad sageli KS-4 0-5v v\u00e4ljundi oma d\u00fcno rullide, ECU v\u00f5i s\u00fclearvutiga. See v\u00f5imaldab neil katta knock taset koos p\u00f6\u00f6rete arvu ja v\u00f5imenduse v\u00f5i s\u00fc\u00fcte lisamisega. See annab t\u00e4pse \u00fclevaate, millal ja kus knock toimus. KS-4 v\u00f5ib j\u00e4\u00e4da s\u00f5idukisse, et j\u00e4lgida detonatsiooni v\u00f5i knock taset. Iga kord, kui kaarti on vaja kohandada, saab KS-Pro Knock Analyzer Pro \u00fchendada otse KS-4-ga, et j\u00e4lgida knocki, kui mootori kaarti muudetakse. See lahendus t\u00e4hendab, et pole vaja andurit iga kord uuesti paigaldada ega juhtmeid mootoriruumi vedada. Lihtsalt \u00fchendage Knock Analyzer Pro KS-4-ga ja l\u00fclitage sisse. See toodete kombinatsioon annab \u00fclima paindlikkuse. KS-Pro ja KS-4 saab kasutada eraldiseisva knock tuvastamiseks v\u00f5i kombineerituna, et tagada maksimaalne funktsionaalsus \u00fche anduri kaudu.  Kahe anduri kaabel on saadaval ka mootoritele, millel on rohkem kui kaks v\u00f5i rohkem kui neli silindrit    Reaalajas LCD knockekraan  \u00dchildub k\u00f5igite ECU ja Dynose 0\u20135 V sisenditega   Ere LED hoiatustuli  Heliga knock alarm  Kvaliteetne anodeeritud alumiiniumist korpus  Kompaktne disain  Kvaliteetne heliv\u00f5imendi\" \/>\n<meta property=\"og:url\" content=\"https:\/\/tuunerstuudio.ee\/en\/toode\/phormula-knock-tuvastus-susteem-komplekt\/\" \/>\n<meta property=\"og:site_name\" content=\"TuunerStuudio\" \/>\n<meta property=\"article:modified_time\" content=\"2024-10-11T12:22:03+00:00\" \/>\n<meta property=\"og:image\" content=\"https:\/\/tuunerstuudio.ee\/wp-content\/uploads\/2024\/10\/Phormula-Professional-Tuning-Solution.jpg\" \/>\n\t<meta property=\"og:image:width\" content=\"600\" \/>\n\t<meta property=\"og:image:height\" content=\"600\" \/>\n\t<meta property=\"og:image:type\" content=\"image\/jpeg\" \/>\n<meta name=\"twitter:card\" content=\"summary_large_image\" \/>\n<meta name=\"twitter:label1\" content=\"Est. reading time\" \/>\n\t<meta name=\"twitter:data1\" content=\"1 minute\" \/>\n<script type=\"application\/ld+json\" class=\"yoast-schema-graph\">{\"@context\":\"https:\/\/schema.org\",\"@graph\":[{\"@type\":\"WebPage\",\"@id\":\"https:\/\/tuunerstuudio.ee\/en\/toode\/phormula-knock-tuvastus-susteem-komplekt\/\",\"url\":\"https:\/\/tuunerstuudio.ee\/en\/toode\/phormula-knock-tuvastus-susteem-komplekt\/\",\"name\":\"Phormula knock tuvastus s\u00fcsteem (Komplekt) - TuunerStuudio\",\"isPartOf\":{\"@id\":\"https:\/\/tuunerstuudio.ee\/en\/#website\"},\"primaryImageOfPage\":{\"@id\":\"https:\/\/tuunerstuudio.ee\/en\/toode\/phormula-knock-tuvastus-susteem-komplekt\/#primaryimage\"},\"image\":{\"@id\":\"https:\/\/tuunerstuudio.ee\/toode\/phormula-knock-tuvastus-susteem-komplekt\/#primaryimage\"},\"thumbnailUrl\":\"https:\/\/tuunerstuudio.ee\/wp-content\/uploads\/2024\/10\/Phormula-Professional-Tuning-Solution.jpg\",\"datePublished\":\"2024-10-11T12:21:59+00:00\",\"dateModified\":\"2024-10-11T12:22:03+00:00\",\"breadcrumb\":{\"@id\":\"https:\/\/tuunerstuudio.ee\/en\/toode\/phormula-knock-tuvastus-susteem-komplekt\/#breadcrumb\"},\"inLanguage\":\"en-US\",\"potentialAction\":[{\"@type\":\"ReadAction\",\"target\":[[\"https:\/\/tuunerstuudio.ee\/en\/toode\/phormula-knock-tuvastus-susteem-komplekt\/\"]]}]},{\"@type\":\"ImageObject\",\"inLanguage\":\"en-US\",\"@id\":\"https:\/\/tuunerstuudio.ee\/en\/toode\/phormula-knock-tuvastus-susteem-komplekt\/#primaryimage\",\"url\":\"https:\/\/tuunerstuudio.ee\/wp-content\/uploads\/2024\/10\/Phormula-Professional-Tuning-Solution.jpg\",\"contentUrl\":\"https:\/\/tuunerstuudio.ee\/wp-content\/uploads\/2024\/10\/Phormula-Professional-Tuning-Solution.jpg\",\"width\":600,\"height\":600},{\"@type\":\"BreadcrumbList\",\"@id\":\"https:\/\/tuunerstuudio.ee\/en\/toode\/phormula-knock-tuvastus-susteem-komplekt\/#breadcrumb\",\"itemListElement\":[{\"@type\":\"ListItem\",\"position\":1,\"name\":\"Home\",\"item\":\"https:\/\/tuunerstuudio.ee\/en\/\"},{\"@type\":\"ListItem\",\"position\":2,\"name\":\"Tooted\",\"item\":\"https:\/\/www.tuunerstuudio.ee\/tooted\/\"},{\"@type\":\"ListItem\",\"position\":3,\"name\":\"Phormula knock tuvastus s\u00fcsteem (Komplekt)\"}]},{\"@type\":\"WebSite\",\"@id\":\"https:\/\/tuunerstuudio.ee\/en\/#website\",\"url\":\"https:\/\/tuunerstuudio.ee\/en\/\",\"name\":\"tuunerstuudio\",\"description\":\"\",\"potentialAction\":[{\"@type\":\"SearchAction\",\"target\":{\"@type\":\"EntryPoint\",\"urlTemplate\":\"https:\/\/tuunerstuudio.ee\/en\/?s={search_term_string}\"},\"query-input\":{\"@type\":\"PropertyValueSpecification\",\"valueRequired\":true,\"valueName\":\"search_term_string\"}}],\"inLanguage\":\"en-US\"}]}<\/script>\n<!-- \/ Yoast SEO plugin. -->","yoast_head_json":{"title":"Phormula knock tuvastus s\u00fcsteem (Komplekt) - TuunerStuudio","robots":{"index":"index","follow":"follow","max-snippet":"max-snippet:-1","max-image-preview":"max-image-preview:large","max-video-preview":"max-video-preview:-1"},"canonical":"https:\/\/tuunerstuudio.ee\/en\/toode\/phormula-knock-tuvastus-susteem-komplekt\/","og_locale":"en_US","og_type":"article","og_title":"Phormula knock tuvastus s\u00fcsteem (Komplekt) - TuunerStuudio","og_description":"Phormula Professional Tuning Solution on k\u00f5ige p\u00f5hjalikum mootori knock tuvastamise s\u00fcsteem. See \u00fchendab KS-Pro knock tuvastamise ja KS-4 digitaalse knock j\u00e4lgimise funktsioonid \u00fcheks terviklikuks komplektiks. Neid kahte s\u00fcsteemi saab \u00fchendada kaasasoleva liidesekaabli kaudu.    Komplekt sisaldab: KS-Pro, KS-4, liidesekomplekti, andureid ja kaableid  KS-4 knock monitori visuaalne ekraan kuvab knocktasemeid, samas kui KS-Pro heli v\u00f5imaldab knocki selgelt kuulda. Professionaalsed tuunerid \u00fchendavad sageli KS-4 0-5v v\u00e4ljundi oma d\u00fcno rullide, ECU v\u00f5i s\u00fclearvutiga. See v\u00f5imaldab neil katta knock taset koos p\u00f6\u00f6rete arvu ja v\u00f5imenduse v\u00f5i s\u00fc\u00fcte lisamisega. See annab t\u00e4pse \u00fclevaate, millal ja kus knock toimus. KS-4 v\u00f5ib j\u00e4\u00e4da s\u00f5idukisse, et j\u00e4lgida detonatsiooni v\u00f5i knock taset. Iga kord, kui kaarti on vaja kohandada, saab KS-Pro Knock Analyzer Pro \u00fchendada otse KS-4-ga, et j\u00e4lgida knocki, kui mootori kaarti muudetakse. See lahendus t\u00e4hendab, et pole vaja andurit iga kord uuesti paigaldada ega juhtmeid mootoriruumi vedada. Lihtsalt \u00fchendage Knock Analyzer Pro KS-4-ga ja l\u00fclitage sisse. See toodete kombinatsioon annab \u00fclima paindlikkuse. KS-Pro ja KS-4 saab kasutada eraldiseisva knock tuvastamiseks v\u00f5i kombineerituna, et tagada maksimaalne funktsionaalsus \u00fche anduri kaudu.  Kahe anduri kaabel on saadaval ka mootoritele, millel on rohkem kui kaks v\u00f5i rohkem kui neli silindrit    Reaalajas LCD knockekraan  \u00dchildub k\u00f5igite ECU ja Dynose 0\u20135 V sisenditega   Ere LED hoiatustuli  Heliga knock alarm  Kvaliteetne anodeeritud alumiiniumist korpus  Kompaktne disain  Kvaliteetne heliv\u00f5imendi","og_url":"https:\/\/tuunerstuudio.ee\/en\/toode\/phormula-knock-tuvastus-susteem-komplekt\/","og_site_name":"TuunerStuudio","article_modified_time":"2024-10-11T12:22:03+00:00","og_image":[{"width":600,"height":600,"url":"https:\/\/tuunerstuudio.ee\/wp-content\/uploads\/2024\/10\/Phormula-Professional-Tuning-Solution.jpg","type":"image\/jpeg"}],"twitter_card":"summary_large_image","twitter_misc":{"Est. reading time":"1 minute"},"schema":{"@context":"https:\/\/schema.org","@graph":[{"@type":"WebPage","@id":"https:\/\/tuunerstuudio.ee\/en\/toode\/phormula-knock-tuvastus-susteem-komplekt\/","url":"https:\/\/tuunerstuudio.ee\/en\/toode\/phormula-knock-tuvastus-susteem-komplekt\/","name":"Phormula knock tuvastus s\u00fcsteem (Komplekt) - TuunerStuudio","isPartOf":{"@id":"https:\/\/tuunerstuudio.ee\/en\/#website"},"primaryImageOfPage":{"@id":"https:\/\/tuunerstuudio.ee\/en\/toode\/phormula-knock-tuvastus-susteem-komplekt\/#primaryimage"},"image":{"@id":"https:\/\/tuunerstuudio.ee\/toode\/phormula-knock-tuvastus-susteem-komplekt\/#primaryimage"},"thumbnailUrl":"https:\/\/tuunerstuudio.ee\/wp-content\/uploads\/2024\/10\/Phormula-Professional-Tuning-Solution.jpg","datePublished":"2024-10-11T12:21:59+00:00","dateModified":"2024-10-11T12:22:03+00:00","breadcrumb":{"@id":"https:\/\/tuunerstuudio.ee\/en\/toode\/phormula-knock-tuvastus-susteem-komplekt\/#breadcrumb"},"inLanguage":"en-US","potentialAction":[{"@type":"ReadAction","target":[["https:\/\/tuunerstuudio.ee\/en\/toode\/phormula-knock-tuvastus-susteem-komplekt\/"]]}]},{"@type":"ImageObject","inLanguage":"en-US","@id":"https:\/\/tuunerstuudio.ee\/en\/toode\/phormula-knock-tuvastus-susteem-komplekt\/#primaryimage","url":"https:\/\/tuunerstuudio.ee\/wp-content\/uploads\/2024\/10\/Phormula-Professional-Tuning-Solution.jpg","contentUrl":"https:\/\/tuunerstuudio.ee\/wp-content\/uploads\/2024\/10\/Phormula-Professional-Tuning-Solution.jpg","width":600,"height":600},{"@type":"BreadcrumbList","@id":"https:\/\/tuunerstuudio.ee\/en\/toode\/phormula-knock-tuvastus-susteem-komplekt\/#breadcrumb","itemListElement":[{"@type":"ListItem","position":1,"name":"Home","item":"https:\/\/tuunerstuudio.ee\/en\/"},{"@type":"ListItem","position":2,"name":"Tooted","item":"https:\/\/www.tuunerstuudio.ee\/tooted\/"},{"@type":"ListItem","position":3,"name":"Phormula knock tuvastus s\u00fcsteem (Komplekt)"}]},{"@type":"WebSite","@id":"https:\/\/tuunerstuudio.ee\/en\/#website","url":"https:\/\/tuunerstuudio.ee\/en\/","name":"tuunerstuudio","description":"","potentialAction":[{"@type":"SearchAction","target":{"@type":"EntryPoint","urlTemplate":"https:\/\/tuunerstuudio.ee\/en\/?s={search_term_string}"},"query-input":{"@type":"PropertyValueSpecification","valueRequired":true,"valueName":"search_term_string"}}],"inLanguage":"en-US"}]}},"_links":{"self":[{"href":"https:\/\/tuunerstuudio.ee\/en\/wp-json\/wp\/v2\/product\/13125","targetHints":{"allow":["GET"]}}],"collection":[{"href":"https:\/\/tuunerstuudio.ee\/en\/wp-json\/wp\/v2\/product"}],"about":[{"href":"https:\/\/tuunerstuudio.ee\/en\/wp-json\/wp\/v2\/types\/product"}],"replies":[{"embeddable":true,"href":"https:\/\/tuunerstuudio.ee\/en\/wp-json\/wp\/v2\/comments?post=13125"}],"wp:featuredmedia":[{"embeddable":true,"href":"https:\/\/tuunerstuudio.ee\/en\/wp-json\/wp\/v2\/media\/13127"}],"wp:attachment":[{"href":"https:\/\/tuunerstuudio.ee\/en\/wp-json\/wp\/v2\/media?parent=13125"}],"wp:term":[{"taxonomy":"product_brand","embeddable":true,"href":"https:\/\/tuunerstuudio.ee\/en\/wp-json\/wp\/v2\/product_brand?post=13125"},{"taxonomy":"product_cat","embeddable":true,"href":"https:\/\/tuunerstuudio.ee\/en\/wp-json\/wp\/v2\/product_cat?post=13125"},{"taxonomy":"product_tag","embeddable":true,"href":"https:\/\/tuunerstuudio.ee\/en\/wp-json\/wp\/v2\/product_tag?post=13125"}],"curies":[{"name":"wp","href":"https:\/\/api.w.org\/{rel}","templated":true}]}}