{"id":11618,"date":"2024-10-11T15:14:54","date_gmt":"2024-10-11T12:14:54","guid":{"rendered":"https:\/\/tuunerstuudio.ee\/uuswp\/?post_type=product&#038;p=11618"},"modified":"2025-01-30T10:27:52","modified_gmt":"2025-01-30T08:27:52","slug":"fmic-pro-ohufilter-102mm","status":"publish","type":"product","link":"https:\/\/tuunerstuudio.ee\/en\/toode\/fmic-pro-ohufilter-102mm\/","title":{"rendered":"FMIC.Pro \u00f5hufilter (102mm)"},"content":{"rendered":"<p><a href=\"https:\/\/tuunerstuudio.ee\/wp-content\/uploads\/2024\/04\/stozkowy-filtr-powietrza-fmic-pro-dl-150mm-srednica-montazowa-76mm_25.jpg\"><img loading=\"lazy\" decoding=\"async\" class=\" wd-lazy-fade alignnone size-medium wp-image-25677\" src=\"https:\/\/tuunerstuudio.ee\/wp-content\/themes\/tuunerstuudio5\/images\/lazy.svg\" data-src=\"https:\/\/tuunerstuudio.ee\/wp-content\/uploads\/2024\/04\/stozkowy-filtr-powietrza-fmic-pro-dl-150mm-srednica-montazowa-76mm_25-300x300.jpg\" alt=\"\" width=\"300\" height=\"300\" \/><\/a> <a href=\"https:\/\/tuunerstuudio.ee\/wp-content\/uploads\/2024\/04\/stozkowy-filtr-powietrza-fmic-pro-dl-150mm-srednica-montazowa-76mm_18.jpg\"><img loading=\"lazy\" decoding=\"async\" class=\" wd-lazy-fade alignnone size-medium wp-image-25676\" src=\"https:\/\/tuunerstuudio.ee\/wp-content\/themes\/tuunerstuudio5\/images\/lazy.svg\" data-src=\"https:\/\/tuunerstuudio.ee\/wp-content\/uploads\/2024\/04\/stozkowy-filtr-powietrza-fmic-pro-dl-150mm-srednica-montazowa-76mm_18-300x300.jpg\" alt=\"\" width=\"300\" height=\"300\" \/><\/a> <a href=\"https:\/\/tuunerstuudio.ee\/wp-content\/uploads\/2024\/04\/stozkowy-filtr-powietrza-fmic-pro-dl-125mm-srednica-montazowa-76mm_21.jpg\"><img loading=\"lazy\" decoding=\"async\" class=\" wd-lazy-fade alignnone size-medium wp-image-25675\" src=\"https:\/\/tuunerstuudio.ee\/wp-content\/themes\/tuunerstuudio5\/images\/lazy.svg\" data-src=\"https:\/\/tuunerstuudio.ee\/wp-content\/uploads\/2024\/04\/stozkowy-filtr-powietrza-fmic-pro-dl-125mm-srednica-montazowa-76mm_21-300x300.jpg\" alt=\"\" width=\"300\" height=\"300\" \/><\/a> <a href=\"https:\/\/tuunerstuudio.ee\/wp-content\/uploads\/2024\/04\/stozkowy-filtr-powietrza-fmic-pro-dl-150mm-srednica-montazowa-76mm.jpg\"><img loading=\"lazy\" decoding=\"async\" class=\" wd-lazy-fade alignnone size-medium wp-image-25674\" src=\"https:\/\/tuunerstuudio.ee\/wp-content\/themes\/tuunerstuudio5\/images\/lazy.svg\" data-src=\"https:\/\/tuunerstuudio.ee\/wp-content\/uploads\/2024\/04\/stozkowy-filtr-powietrza-fmic-pro-dl-150mm-srednica-montazowa-76mm-300x300.jpg\" alt=\"\" width=\"300\" height=\"300\" \/><\/a><\/p>\n","protected":false},"excerpt":{"rendered":"<p>Filter on valmistatud s\u00fcnteetilisest nanokiust, mis annab maksimaalse \u00f5huvoolavuse ja hoiab filtreerimise k\u00f5rgel tasemel.<\/p>\n<ul>\n<li>Diameeter: 102mm<\/li>\n<\/ul>\n","protected":false},"featured_media":11626,"comment_status":"closed","ping_status":"closed","template":"","meta":[],"product_brand":[],"product_cat":[45,46,611],"product_tag":[],"class_list":{"0":"post-11618","1":"product","2":"type-product","3":"status-publish","4":"has-post-thumbnail","6":"product_cat-sisselaske-susteemid","7":"product_cat-ohufiltrid","8":"product_cat-fmic-pro-ohufiltrid","10":"first","11":"instock","12":"taxable","13":"shipping-taxable","14":"purchasable","15":"product-type-variable"},"yoast_head":"<!-- This site is optimized with the Yoast SEO plugin v26.9 - https:\/\/yoast.com\/product\/yoast-seo-wordpress\/ -->\n<title>FMIC.Pro \u00f5hufilter (102mm) - TuunerStuudio<\/title>\n<meta name=\"robots\" content=\"index, follow, max-snippet:-1, max-image-preview:large, max-video-preview:-1\" \/>\n<link rel=\"canonical\" href=\"https:\/\/tuunerstuudio.ee\/en\/toode\/fmic-pro-ohufilter-102mm\/\" \/>\n<meta property=\"og:locale\" content=\"en_US\" \/>\n<meta property=\"og:type\" content=\"article\" \/>\n<meta property=\"og:title\" content=\"FMIC.Pro \u00f5hufilter (102mm) - TuunerStuudio\" \/>\n<meta property=\"og:description\" content=\"Filter on valmistatud s\u00fcnteetilisest nanokiust, mis annab maksimaalse \u00f5huvoolavuse ja hoiab filtreerimise k\u00f5rgel tasemel.   Diameeter: 102mm\" \/>\n<meta property=\"og:url\" content=\"https:\/\/tuunerstuudio.ee\/en\/toode\/fmic-pro-ohufilter-102mm\/\" \/>\n<meta property=\"og:site_name\" content=\"TuunerStuudio\" \/>\n<meta property=\"article:modified_time\" content=\"2025-01-30T08:27:52+00:00\" \/>\n<meta property=\"og:image\" content=\"https:\/\/tuunerstuudio.ee\/wp-content\/uploads\/2024\/10\/stozkowy-filtr-powietrza-fmic-pro-dl-150mm-srednica-montazowa-76mm_25.jpg\" \/>\n\t<meta property=\"og:image:width\" content=\"700\" \/>\n\t<meta property=\"og:image:height\" content=\"700\" \/>\n\t<meta property=\"og:image:type\" content=\"image\/jpeg\" \/>\n<meta name=\"twitter:card\" content=\"summary_large_image\" \/>\n<meta name=\"twitter:label1\" content=\"Est. reading time\" \/>\n\t<meta name=\"twitter:data1\" content=\"1 minute\" \/>\n<script type=\"application\/ld+json\" class=\"yoast-schema-graph\">{\"@context\":\"https:\/\/schema.org\",\"@graph\":[{\"@type\":\"WebPage\",\"@id\":\"https:\/\/tuunerstuudio.ee\/en\/toode\/fmic-pro-ohufilter-102mm\/\",\"url\":\"https:\/\/tuunerstuudio.ee\/en\/toode\/fmic-pro-ohufilter-102mm\/\",\"name\":\"FMIC.Pro \u00f5hufilter (102mm) - TuunerStuudio\",\"isPartOf\":{\"@id\":\"https:\/\/tuunerstuudio.ee\/en\/#website\"},\"primaryImageOfPage\":{\"@id\":\"https:\/\/tuunerstuudio.ee\/en\/toode\/fmic-pro-ohufilter-102mm\/#primaryimage\"},\"image\":{\"@id\":\"https:\/\/tuunerstuudio.ee\/toode\/fmic-pro-ohufilter-102mm\/#primaryimage\"},\"thumbnailUrl\":\"https:\/\/tuunerstuudio.ee\/wp-content\/uploads\/2024\/10\/stozkowy-filtr-powietrza-fmic-pro-dl-150mm-srednica-montazowa-76mm_25.jpg\",\"datePublished\":\"2024-10-11T12:14:54+00:00\",\"dateModified\":\"2025-01-30T08:27:52+00:00\",\"breadcrumb\":{\"@id\":\"https:\/\/tuunerstuudio.ee\/en\/toode\/fmic-pro-ohufilter-102mm\/#breadcrumb\"},\"inLanguage\":\"en-US\",\"potentialAction\":[{\"@type\":\"ReadAction\",\"target\":[[\"https:\/\/tuunerstuudio.ee\/en\/toode\/fmic-pro-ohufilter-102mm\/\"]]}]},{\"@type\":\"ImageObject\",\"inLanguage\":\"en-US\",\"@id\":\"https:\/\/tuunerstuudio.ee\/en\/toode\/fmic-pro-ohufilter-102mm\/#primaryimage\",\"url\":\"https:\/\/tuunerstuudio.ee\/wp-content\/uploads\/2024\/10\/stozkowy-filtr-powietrza-fmic-pro-dl-150mm-srednica-montazowa-76mm_25.jpg\",\"contentUrl\":\"https:\/\/tuunerstuudio.ee\/wp-content\/uploads\/2024\/10\/stozkowy-filtr-powietrza-fmic-pro-dl-150mm-srednica-montazowa-76mm_25.jpg\",\"width\":700,\"height\":700},{\"@type\":\"BreadcrumbList\",\"@id\":\"https:\/\/tuunerstuudio.ee\/en\/toode\/fmic-pro-ohufilter-102mm\/#breadcrumb\",\"itemListElement\":[{\"@type\":\"ListItem\",\"position\":1,\"name\":\"Home\",\"item\":\"https:\/\/tuunerstuudio.ee\/en\/\"},{\"@type\":\"ListItem\",\"position\":2,\"name\":\"Tooted\",\"item\":\"https:\/\/www.tuunerstuudio.ee\/tooted\/\"},{\"@type\":\"ListItem\",\"position\":3,\"name\":\"FMIC.Pro \u00f5hufilter (102mm)\"}]},{\"@type\":\"WebSite\",\"@id\":\"https:\/\/tuunerstuudio.ee\/en\/#website\",\"url\":\"https:\/\/tuunerstuudio.ee\/en\/\",\"name\":\"tuunerstuudio\",\"description\":\"\",\"potentialAction\":[{\"@type\":\"SearchAction\",\"target\":{\"@type\":\"EntryPoint\",\"urlTemplate\":\"https:\/\/tuunerstuudio.ee\/en\/?s={search_term_string}\"},\"query-input\":{\"@type\":\"PropertyValueSpecification\",\"valueRequired\":true,\"valueName\":\"search_term_string\"}}],\"inLanguage\":\"en-US\"}]}<\/script>\n<!-- \/ Yoast SEO plugin. -->","yoast_head_json":{"title":"FMIC.Pro \u00f5hufilter (102mm) - TuunerStuudio","robots":{"index":"index","follow":"follow","max-snippet":"max-snippet:-1","max-image-preview":"max-image-preview:large","max-video-preview":"max-video-preview:-1"},"canonical":"https:\/\/tuunerstuudio.ee\/en\/toode\/fmic-pro-ohufilter-102mm\/","og_locale":"en_US","og_type":"article","og_title":"FMIC.Pro \u00f5hufilter (102mm) - TuunerStuudio","og_description":"Filter on valmistatud s\u00fcnteetilisest nanokiust, mis annab maksimaalse \u00f5huvoolavuse ja hoiab filtreerimise k\u00f5rgel tasemel.   Diameeter: 102mm","og_url":"https:\/\/tuunerstuudio.ee\/en\/toode\/fmic-pro-ohufilter-102mm\/","og_site_name":"TuunerStuudio","article_modified_time":"2025-01-30T08:27:52+00:00","og_image":[{"width":700,"height":700,"url":"https:\/\/tuunerstuudio.ee\/wp-content\/uploads\/2024\/10\/stozkowy-filtr-powietrza-fmic-pro-dl-150mm-srednica-montazowa-76mm_25.jpg","type":"image\/jpeg"}],"twitter_card":"summary_large_image","twitter_misc":{"Est. reading time":"1 minute"},"schema":{"@context":"https:\/\/schema.org","@graph":[{"@type":"WebPage","@id":"https:\/\/tuunerstuudio.ee\/en\/toode\/fmic-pro-ohufilter-102mm\/","url":"https:\/\/tuunerstuudio.ee\/en\/toode\/fmic-pro-ohufilter-102mm\/","name":"FMIC.Pro \u00f5hufilter (102mm) - TuunerStuudio","isPartOf":{"@id":"https:\/\/tuunerstuudio.ee\/en\/#website"},"primaryImageOfPage":{"@id":"https:\/\/tuunerstuudio.ee\/en\/toode\/fmic-pro-ohufilter-102mm\/#primaryimage"},"image":{"@id":"https:\/\/tuunerstuudio.ee\/toode\/fmic-pro-ohufilter-102mm\/#primaryimage"},"thumbnailUrl":"https:\/\/tuunerstuudio.ee\/wp-content\/uploads\/2024\/10\/stozkowy-filtr-powietrza-fmic-pro-dl-150mm-srednica-montazowa-76mm_25.jpg","datePublished":"2024-10-11T12:14:54+00:00","dateModified":"2025-01-30T08:27:52+00:00","breadcrumb":{"@id":"https:\/\/tuunerstuudio.ee\/en\/toode\/fmic-pro-ohufilter-102mm\/#breadcrumb"},"inLanguage":"en-US","potentialAction":[{"@type":"ReadAction","target":[["https:\/\/tuunerstuudio.ee\/en\/toode\/fmic-pro-ohufilter-102mm\/"]]}]},{"@type":"ImageObject","inLanguage":"en-US","@id":"https:\/\/tuunerstuudio.ee\/en\/toode\/fmic-pro-ohufilter-102mm\/#primaryimage","url":"https:\/\/tuunerstuudio.ee\/wp-content\/uploads\/2024\/10\/stozkowy-filtr-powietrza-fmic-pro-dl-150mm-srednica-montazowa-76mm_25.jpg","contentUrl":"https:\/\/tuunerstuudio.ee\/wp-content\/uploads\/2024\/10\/stozkowy-filtr-powietrza-fmic-pro-dl-150mm-srednica-montazowa-76mm_25.jpg","width":700,"height":700},{"@type":"BreadcrumbList","@id":"https:\/\/tuunerstuudio.ee\/en\/toode\/fmic-pro-ohufilter-102mm\/#breadcrumb","itemListElement":[{"@type":"ListItem","position":1,"name":"Home","item":"https:\/\/tuunerstuudio.ee\/en\/"},{"@type":"ListItem","position":2,"name":"Tooted","item":"https:\/\/www.tuunerstuudio.ee\/tooted\/"},{"@type":"ListItem","position":3,"name":"FMIC.Pro \u00f5hufilter (102mm)"}]},{"@type":"WebSite","@id":"https:\/\/tuunerstuudio.ee\/en\/#website","url":"https:\/\/tuunerstuudio.ee\/en\/","name":"tuunerstuudio","description":"","potentialAction":[{"@type":"SearchAction","target":{"@type":"EntryPoint","urlTemplate":"https:\/\/tuunerstuudio.ee\/en\/?s={search_term_string}"},"query-input":{"@type":"PropertyValueSpecification","valueRequired":true,"valueName":"search_term_string"}}],"inLanguage":"en-US"}]}},"_links":{"self":[{"href":"https:\/\/tuunerstuudio.ee\/en\/wp-json\/wp\/v2\/product\/11618","targetHints":{"allow":["GET"]}}],"collection":[{"href":"https:\/\/tuunerstuudio.ee\/en\/wp-json\/wp\/v2\/product"}],"about":[{"href":"https:\/\/tuunerstuudio.ee\/en\/wp-json\/wp\/v2\/types\/product"}],"replies":[{"embeddable":true,"href":"https:\/\/tuunerstuudio.ee\/en\/wp-json\/wp\/v2\/comments?post=11618"}],"wp:featuredmedia":[{"embeddable":true,"href":"https:\/\/tuunerstuudio.ee\/en\/wp-json\/wp\/v2\/media\/11626"}],"wp:attachment":[{"href":"https:\/\/tuunerstuudio.ee\/en\/wp-json\/wp\/v2\/media?parent=11618"}],"wp:term":[{"taxonomy":"product_brand","embeddable":true,"href":"https:\/\/tuunerstuudio.ee\/en\/wp-json\/wp\/v2\/product_brand?post=11618"},{"taxonomy":"product_cat","embeddable":true,"href":"https:\/\/tuunerstuudio.ee\/en\/wp-json\/wp\/v2\/product_cat?post=11618"},{"taxonomy":"product_tag","embeddable":true,"href":"https:\/\/tuunerstuudio.ee\/en\/wp-json\/wp\/v2\/product_tag?post=11618"}],"curies":[{"name":"wp","href":"https:\/\/api.w.org\/{rel}","templated":true}]}}