{"id":1149,"date":"2024-10-11T14:00:14","date_gmt":"2024-10-11T11:00:14","guid":{"rendered":"https:\/\/tuunerstuudio.ee\/uuswp\/?post_type=product&#038;p=1149"},"modified":"2024-11-11T14:27:57","modified_gmt":"2024-11-11T12:27:57","slug":"an6-isane-an4-isane-jic-uleminek-oli-kutus-vooliku-uhendus","status":"publish","type":"product","link":"https:\/\/tuunerstuudio.ee\/en\/toode\/an6-isane-an4-isane-jic-uleminek-oli-kutus-vooliku-uhendus\/","title":{"rendered":"AN6 isane-AN4 isane JIC \u00fcleminek \u00f5li\/k\u00fctus vooliku \u00fchendus"},"content":{"rendered":"<p><img loading=\"lazy\" decoding=\"async\" class=\" wd-lazy-fade alignnone size-medium wp-image-31740\" src=\"https:\/\/tuunerstuudio.ee\/wp-content\/themes\/tuunerstuudio5\/images\/lazy.svg\" data-src=\"https:\/\/tuunerstuudio.ee\/wp-content\/uploads\/2023\/05\/an6-an4-jic-nypel-adapter-redukcyjny-prosty-mesko-meski-niebieski-300x300.jpg\" alt=\"\" width=\"300\" height=\"300\" \/> <img loading=\"lazy\" decoding=\"async\" class=\" wd-lazy-fade alignnone size-medium wp-image-31739\" src=\"https:\/\/tuunerstuudio.ee\/wp-content\/themes\/tuunerstuudio5\/images\/lazy.svg\" data-src=\"https:\/\/tuunerstuudio.ee\/wp-content\/uploads\/2023\/05\/an6-an4-jic-nypel-adapter-redukcyjny-prosty-mesko-meski-czarny-300x300.jpg\" alt=\"\" width=\"300\" height=\"300\" \/><\/p>\n","protected":false},"excerpt":{"rendered":"<ul>\n<li>An6 isane- an4 isane JIC \u00fcleminek \u00f5li\/k\u00fctus vooliku \u00fchendus<\/li>\n<li>K\u00fctus. \u00f5li. m\u00e4\u00e4rimiss\u00fcsteemid. jne.<\/li>\n<li>Isane v\u00e4liskeere AN4 (7\/16\u2033 UNF)<\/li>\n<li>Isane v\u00e4liskeere AN6 (9\/16\u2033 UNF)<\/li>\n<li>Kerge ja vastupidav alumiiniumisulam<\/li>\n<li>Kvaliteetne anodeerimine vastupidavuse ja tugevuse tagamiseks<\/li>\n<\/ul>\n","protected":false},"featured_media":1139,"comment_status":"closed","ping_status":"closed","template":"","meta":[],"product_brand":[],"product_cat":[83,111,114],"product_tag":[],"class_list":{"0":"post-1149","1":"product","2":"type-product","3":"status-publish","4":"has-post-thumbnail","6":"product_cat-an-liited","7":"product_cat-liitmikud","8":"product_cat-ulemineku-liited","10":"first","11":"onbackorder","12":"taxable","13":"shipping-taxable","14":"purchasable","15":"product-type-variable"},"yoast_head":"<!-- This site is optimized with the Yoast SEO plugin v26.9 - https:\/\/yoast.com\/product\/yoast-seo-wordpress\/ -->\n<title>AN6 isane-AN4 isane JIC \u00fcleminek \u00f5li\/k\u00fctus vooliku \u00fchendus - TuunerStuudio<\/title>\n<meta name=\"robots\" content=\"index, follow, max-snippet:-1, max-image-preview:large, max-video-preview:-1\" \/>\n<link rel=\"canonical\" href=\"https:\/\/tuunerstuudio.ee\/en\/toode\/an6-isane-an4-isane-jic-uleminek-oli-kutus-vooliku-uhendus\/\" \/>\n<meta property=\"og:locale\" content=\"en_US\" \/>\n<meta property=\"og:type\" content=\"article\" \/>\n<meta property=\"og:title\" content=\"AN6 isane-AN4 isane JIC \u00fcleminek \u00f5li\/k\u00fctus vooliku \u00fchendus - TuunerStuudio\" \/>\n<meta property=\"og:description\" content=\"An6 isane- an4 isane JIC \u00fcleminek \u00f5li\/k\u00fctus vooliku \u00fchendus  K\u00fctus. \u00f5li. m\u00e4\u00e4rimiss\u00fcsteemid. jne.  Isane v\u00e4liskeere AN4 (7\/16\u2033 UNF)  Isane v\u00e4liskeere AN6 (9\/16\u2033 UNF)  Kerge ja vastupidav alumiiniumisulam  Kvaliteetne anodeerimine vastupidavuse ja tugevuse tagamiseks\" \/>\n<meta property=\"og:url\" content=\"https:\/\/tuunerstuudio.ee\/en\/toode\/an6-isane-an4-isane-jic-uleminek-oli-kutus-vooliku-uhendus\/\" \/>\n<meta property=\"og:site_name\" content=\"TuunerStuudio\" \/>\n<meta property=\"article:modified_time\" content=\"2024-11-11T12:27:57+00:00\" \/>\n<meta property=\"og:image\" content=\"https:\/\/tuunerstuudio.ee\/wp-content\/uploads\/2024\/10\/an6-an4-jic-nypel-adapter-redukcyjny-prosty-mesko-meski-czarny_3.jpg\" \/>\n\t<meta property=\"og:image:width\" content=\"700\" \/>\n\t<meta property=\"og:image:height\" content=\"700\" \/>\n\t<meta property=\"og:image:type\" content=\"image\/jpeg\" \/>\n<meta name=\"twitter:card\" content=\"summary_large_image\" \/>\n<meta name=\"twitter:label1\" content=\"Est. reading time\" \/>\n\t<meta name=\"twitter:data1\" content=\"1 minute\" \/>\n<script type=\"application\/ld+json\" class=\"yoast-schema-graph\">{\"@context\":\"https:\/\/schema.org\",\"@graph\":[{\"@type\":\"WebPage\",\"@id\":\"https:\/\/tuunerstuudio.ee\/en\/toode\/an6-isane-an4-isane-jic-uleminek-oli-kutus-vooliku-uhendus\/\",\"url\":\"https:\/\/tuunerstuudio.ee\/en\/toode\/an6-isane-an4-isane-jic-uleminek-oli-kutus-vooliku-uhendus\/\",\"name\":\"AN6 isane-AN4 isane JIC \u00fcleminek \u00f5li\/k\u00fctus vooliku \u00fchendus - TuunerStuudio\",\"isPartOf\":{\"@id\":\"https:\/\/tuunerstuudio.ee\/en\/#website\"},\"primaryImageOfPage\":{\"@id\":\"https:\/\/tuunerstuudio.ee\/en\/toode\/an6-isane-an4-isane-jic-uleminek-oli-kutus-vooliku-uhendus\/#primaryimage\"},\"image\":{\"@id\":\"https:\/\/tuunerstuudio.ee\/toode\/an6-isane-an4-isane-jic-uleminek-oli-kutus-vooliku-uhendus\/#primaryimage\"},\"thumbnailUrl\":\"https:\/\/tuunerstuudio.ee\/wp-content\/uploads\/2024\/10\/an6-an4-jic-nypel-adapter-redukcyjny-prosty-mesko-meski-czarny_3.jpg\",\"datePublished\":\"2024-10-11T11:00:14+00:00\",\"dateModified\":\"2024-11-11T12:27:57+00:00\",\"breadcrumb\":{\"@id\":\"https:\/\/tuunerstuudio.ee\/en\/toode\/an6-isane-an4-isane-jic-uleminek-oli-kutus-vooliku-uhendus\/#breadcrumb\"},\"inLanguage\":\"en-US\",\"potentialAction\":[{\"@type\":\"ReadAction\",\"target\":[[\"https:\/\/tuunerstuudio.ee\/en\/toode\/an6-isane-an4-isane-jic-uleminek-oli-kutus-vooliku-uhendus\/\"]]}]},{\"@type\":\"ImageObject\",\"inLanguage\":\"en-US\",\"@id\":\"https:\/\/tuunerstuudio.ee\/en\/toode\/an6-isane-an4-isane-jic-uleminek-oli-kutus-vooliku-uhendus\/#primaryimage\",\"url\":\"https:\/\/tuunerstuudio.ee\/wp-content\/uploads\/2024\/10\/an6-an4-jic-nypel-adapter-redukcyjny-prosty-mesko-meski-czarny_3.jpg\",\"contentUrl\":\"https:\/\/tuunerstuudio.ee\/wp-content\/uploads\/2024\/10\/an6-an4-jic-nypel-adapter-redukcyjny-prosty-mesko-meski-czarny_3.jpg\",\"width\":700,\"height\":700},{\"@type\":\"BreadcrumbList\",\"@id\":\"https:\/\/tuunerstuudio.ee\/en\/toode\/an6-isane-an4-isane-jic-uleminek-oli-kutus-vooliku-uhendus\/#breadcrumb\",\"itemListElement\":[{\"@type\":\"ListItem\",\"position\":1,\"name\":\"Home\",\"item\":\"https:\/\/tuunerstuudio.ee\/en\/\"},{\"@type\":\"ListItem\",\"position\":2,\"name\":\"Tooted\",\"item\":\"https:\/\/www.tuunerstuudio.ee\/tooted\/\"},{\"@type\":\"ListItem\",\"position\":3,\"name\":\"AN6 isane-AN4 isane JIC \u00fcleminek \u00f5li\/k\u00fctus vooliku \u00fchendus\"}]},{\"@type\":\"WebSite\",\"@id\":\"https:\/\/tuunerstuudio.ee\/en\/#website\",\"url\":\"https:\/\/tuunerstuudio.ee\/en\/\",\"name\":\"tuunerstuudio\",\"description\":\"\",\"potentialAction\":[{\"@type\":\"SearchAction\",\"target\":{\"@type\":\"EntryPoint\",\"urlTemplate\":\"https:\/\/tuunerstuudio.ee\/en\/?s={search_term_string}\"},\"query-input\":{\"@type\":\"PropertyValueSpecification\",\"valueRequired\":true,\"valueName\":\"search_term_string\"}}],\"inLanguage\":\"en-US\"}]}<\/script>\n<!-- \/ Yoast SEO plugin. -->","yoast_head_json":{"title":"AN6 isane-AN4 isane JIC \u00fcleminek \u00f5li\/k\u00fctus vooliku \u00fchendus - TuunerStuudio","robots":{"index":"index","follow":"follow","max-snippet":"max-snippet:-1","max-image-preview":"max-image-preview:large","max-video-preview":"max-video-preview:-1"},"canonical":"https:\/\/tuunerstuudio.ee\/en\/toode\/an6-isane-an4-isane-jic-uleminek-oli-kutus-vooliku-uhendus\/","og_locale":"en_US","og_type":"article","og_title":"AN6 isane-AN4 isane JIC \u00fcleminek \u00f5li\/k\u00fctus vooliku \u00fchendus - TuunerStuudio","og_description":"An6 isane- an4 isane JIC \u00fcleminek \u00f5li\/k\u00fctus vooliku \u00fchendus  K\u00fctus. \u00f5li. m\u00e4\u00e4rimiss\u00fcsteemid. jne.  Isane v\u00e4liskeere AN4 (7\/16\u2033 UNF)  Isane v\u00e4liskeere AN6 (9\/16\u2033 UNF)  Kerge ja vastupidav alumiiniumisulam  Kvaliteetne anodeerimine vastupidavuse ja tugevuse tagamiseks","og_url":"https:\/\/tuunerstuudio.ee\/en\/toode\/an6-isane-an4-isane-jic-uleminek-oli-kutus-vooliku-uhendus\/","og_site_name":"TuunerStuudio","article_modified_time":"2024-11-11T12:27:57+00:00","og_image":[{"width":700,"height":700,"url":"https:\/\/tuunerstuudio.ee\/wp-content\/uploads\/2024\/10\/an6-an4-jic-nypel-adapter-redukcyjny-prosty-mesko-meski-czarny_3.jpg","type":"image\/jpeg"}],"twitter_card":"summary_large_image","twitter_misc":{"Est. reading time":"1 minute"},"schema":{"@context":"https:\/\/schema.org","@graph":[{"@type":"WebPage","@id":"https:\/\/tuunerstuudio.ee\/en\/toode\/an6-isane-an4-isane-jic-uleminek-oli-kutus-vooliku-uhendus\/","url":"https:\/\/tuunerstuudio.ee\/en\/toode\/an6-isane-an4-isane-jic-uleminek-oli-kutus-vooliku-uhendus\/","name":"AN6 isane-AN4 isane JIC \u00fcleminek \u00f5li\/k\u00fctus vooliku \u00fchendus - TuunerStuudio","isPartOf":{"@id":"https:\/\/tuunerstuudio.ee\/en\/#website"},"primaryImageOfPage":{"@id":"https:\/\/tuunerstuudio.ee\/en\/toode\/an6-isane-an4-isane-jic-uleminek-oli-kutus-vooliku-uhendus\/#primaryimage"},"image":{"@id":"https:\/\/tuunerstuudio.ee\/toode\/an6-isane-an4-isane-jic-uleminek-oli-kutus-vooliku-uhendus\/#primaryimage"},"thumbnailUrl":"https:\/\/tuunerstuudio.ee\/wp-content\/uploads\/2024\/10\/an6-an4-jic-nypel-adapter-redukcyjny-prosty-mesko-meski-czarny_3.jpg","datePublished":"2024-10-11T11:00:14+00:00","dateModified":"2024-11-11T12:27:57+00:00","breadcrumb":{"@id":"https:\/\/tuunerstuudio.ee\/en\/toode\/an6-isane-an4-isane-jic-uleminek-oli-kutus-vooliku-uhendus\/#breadcrumb"},"inLanguage":"en-US","potentialAction":[{"@type":"ReadAction","target":[["https:\/\/tuunerstuudio.ee\/en\/toode\/an6-isane-an4-isane-jic-uleminek-oli-kutus-vooliku-uhendus\/"]]}]},{"@type":"ImageObject","inLanguage":"en-US","@id":"https:\/\/tuunerstuudio.ee\/en\/toode\/an6-isane-an4-isane-jic-uleminek-oli-kutus-vooliku-uhendus\/#primaryimage","url":"https:\/\/tuunerstuudio.ee\/wp-content\/uploads\/2024\/10\/an6-an4-jic-nypel-adapter-redukcyjny-prosty-mesko-meski-czarny_3.jpg","contentUrl":"https:\/\/tuunerstuudio.ee\/wp-content\/uploads\/2024\/10\/an6-an4-jic-nypel-adapter-redukcyjny-prosty-mesko-meski-czarny_3.jpg","width":700,"height":700},{"@type":"BreadcrumbList","@id":"https:\/\/tuunerstuudio.ee\/en\/toode\/an6-isane-an4-isane-jic-uleminek-oli-kutus-vooliku-uhendus\/#breadcrumb","itemListElement":[{"@type":"ListItem","position":1,"name":"Home","item":"https:\/\/tuunerstuudio.ee\/en\/"},{"@type":"ListItem","position":2,"name":"Tooted","item":"https:\/\/www.tuunerstuudio.ee\/tooted\/"},{"@type":"ListItem","position":3,"name":"AN6 isane-AN4 isane JIC \u00fcleminek \u00f5li\/k\u00fctus vooliku \u00fchendus"}]},{"@type":"WebSite","@id":"https:\/\/tuunerstuudio.ee\/en\/#website","url":"https:\/\/tuunerstuudio.ee\/en\/","name":"tuunerstuudio","description":"","potentialAction":[{"@type":"SearchAction","target":{"@type":"EntryPoint","urlTemplate":"https:\/\/tuunerstuudio.ee\/en\/?s={search_term_string}"},"query-input":{"@type":"PropertyValueSpecification","valueRequired":true,"valueName":"search_term_string"}}],"inLanguage":"en-US"}]}},"_links":{"self":[{"href":"https:\/\/tuunerstuudio.ee\/en\/wp-json\/wp\/v2\/product\/1149","targetHints":{"allow":["GET"]}}],"collection":[{"href":"https:\/\/tuunerstuudio.ee\/en\/wp-json\/wp\/v2\/product"}],"about":[{"href":"https:\/\/tuunerstuudio.ee\/en\/wp-json\/wp\/v2\/types\/product"}],"replies":[{"embeddable":true,"href":"https:\/\/tuunerstuudio.ee\/en\/wp-json\/wp\/v2\/comments?post=1149"}],"wp:featuredmedia":[{"embeddable":true,"href":"https:\/\/tuunerstuudio.ee\/en\/wp-json\/wp\/v2\/media\/1139"}],"wp:attachment":[{"href":"https:\/\/tuunerstuudio.ee\/en\/wp-json\/wp\/v2\/media?parent=1149"}],"wp:term":[{"taxonomy":"product_brand","embeddable":true,"href":"https:\/\/tuunerstuudio.ee\/en\/wp-json\/wp\/v2\/product_brand?post=1149"},{"taxonomy":"product_cat","embeddable":true,"href":"https:\/\/tuunerstuudio.ee\/en\/wp-json\/wp\/v2\/product_cat?post=1149"},{"taxonomy":"product_tag","embeddable":true,"href":"https:\/\/tuunerstuudio.ee\/en\/wp-json\/wp\/v2\/product_tag?post=1149"}],"curies":[{"name":"wp","href":"https:\/\/api.w.org\/{rel}","templated":true}]}}